{"id":6658,"date":"2016-03-31T13:13:55","date_gmt":"2016-03-31T13:13:55","guid":{"rendered":"https:\/\/staging.valicodeipellegrini.it\/de\/?page_id=6658"},"modified":"2016-03-31T14:53:34","modified_gmt":"2016-03-31T14:53:34","slug":"home","status":"publish","type":"page","link":"https:\/\/staging.valicodeipellegrini.it\/de\/","title":{"rendered":"Home"},"content":{"rendered":"<div class=\"fullpage-block fullpage-block-6658-1\"  style=\"background-color: ; background-image: url(); padding-top:px; padding-bottom:px; background-attachment:fixed; background-position:50% 50%; background-repeat: repeat;\"><div class=\"fullpage-item \">\n<div class=\"clearfix divider-common divider-blank\" style=\"padding-top:30px;padding-bottom:30px;\"><\/div>\n<h2 style=\"text-align: center;\">Die Landh\u00e4user<\/h2>\n<h6 style=\"text-align: center;\">DER AGROTOURISMUS BESTEHT AUS DREI WUBDERBAREN LANDH\u00c4USERN IM GR\u00dcNEN HERZEN UMBRIENS, IN DER N\u00c4HE VON SPOLETO<\/h6>\n<div class=\"clearfix divider-common divider-blank\" style=\"padding-top:30px;padding-bottom:30px;\"><\/div>\n<div class=\"service-column service-column-3 service-boxes-icon-with-title alignicon-top alignicon-top-horizontal serviceboxes-horizontal clearfix\">\n<div class=\"service-item service-item-space\"><div class=\"service-content\"><h4><a href=\"\/de\/die-landhaeuser\/villa-marianna\/\" >Villa Marianna<\/a><\/h4><div class=\"service-details\">\n<div class=\"lightbox-shortcode lightbox-shortcode-center\" style=\"margin:0 auto; text-align:center;\"><a rel=\"prettyPhoto[group]\" title=\"\" href=\"https:\/\/staging.valicodeipellegrini.it\/wp-content\/uploads\/2014\/05\/villamarianna1.jpg\"><span class=\"shortcode-lightbox-indicate\"><i class=\"icon-plus\"><\/i><\/span><img decoding=\"async\" src=\"https:\/\/staging.valicodeipellegrini.it\/wp-content\/uploads\/2014\/05\/villamarianna1.jpg\" class=\"is-lightbox \" alt=\"thumbnail\" \/><\/a><\/div>\n<p>Insgesamt 25 Betten in 5 Appartements<br \/>\n<\/div><\/div><\/div>\n<div class=\"service-item service-item-space\"><div class=\"service-content\"><h4><a href=\"\/de\/die-landhaeuser\/vista-del-mondo\/\" >Vista del Mondo<\/a><\/h4><div class=\"service-details\">\n<div class=\"lightbox-shortcode lightbox-shortcode-center\" style=\"margin:0 auto; text-align:center;\"><a rel=\"prettyPhoto[group]\" title=\"\" href=\"https:\/\/staging.valicodeipellegrini.it\/wp-content\/uploads\/2015\/11\/vistadelmondo.jpg\"><span class=\"shortcode-lightbox-indicate\"><i class=\"icon-plus\"><\/i><\/span><img decoding=\"async\" src=\"https:\/\/staging.valicodeipellegrini.it\/wp-content\/uploads\/2015\/11\/vistadelmondo.jpg\" class=\"is-lightbox \" alt=\"thumbnail\" \/><\/a><\/div>\nInsgesamt 13 Betten in 2 Appartements mit jeweils zwei Stockwerken<br \/>\n<\/div><\/div><\/div>\n<div class=\"service-item clearfix\"><div class=\"service-content\"><h4><a href=\"\/de\/die-landhaeuser\/posto-del-sole\/\" >Posto del Sole<\/a><\/h4><div class=\"service-details\">\n<div class=\"lightbox-shortcode lightbox-shortcode-center\" style=\"margin:0 auto; text-align:center;\"><a rel=\"prettyPhoto[group]\" title=\"\" href=\"https:\/\/staging.valicodeipellegrini.it\/wp-content\/uploads\/2015\/11\/agriturismo-posto-del-sole-piscina.jpg\"><span class=\"shortcode-lightbox-indicate\"><i class=\"icon-plus\"><\/i><\/span><img decoding=\"async\" src=\"https:\/\/staging.valicodeipellegrini.it\/wp-content\/uploads\/2015\/12\/agriturismo-posto-del-sole-piscina-th.jpg\" class=\"is-lightbox \" alt=\"thumbnail\" \/><\/a><\/div>\nInsgesamt 17 Betten in 4 Appartements<br \/>\n<\/div><\/div><\/div>\n<\/div>\n<div class=\"column1\"><h6 style=\"text-align: center;\"><strong>ALLE APPARTEMENTS IN DEN LANDH\u00c4USERN BIETEN FOLGENDE LEISTUNGEN:<\/strong><\/h6>\n<ul style=\"text-align: left;\">\n<li style=\"text-align: center;\">Behindertengerecht ausgestattetes Bad (im Erdgeschoss)<\/li>\n<li style=\"text-align: center;\">Wi-Fi-Internetverbindung<\/li>\n<li style=\"text-align: center;\">Haustiere k\u00f6nnen mitgebracht werden<\/li>\n<\/ul>\n<h6 style=\"text-align: center;\"><strong>In unserer Landk\u00fcche verwenden wir:<\/strong><\/h6>\n<ul style=\"text-align: left;\">\n<li style=\"text-align: center;\">Eier aus unserer eigenen H\u00fchner oder von H\u00fchnern unserer Bauern;<\/li>\n<li style=\"text-align: center;\">die mit unseren Eiern oder mit den Eiern unserer Bauern zubereitete Pasta;<\/li>\n<li style=\"text-align: center;\">das \u00d6l unserer Olivenb\u00e4ume;<\/li>\n<li style=\"text-align: center;\">das Fleisch unserer Tiere oder der Tiere unserer Bauern;<\/li>\n<li style=\"text-align: center;\">das Gem\u00fcse aus unserem Gem\u00fcsegarten oder den Gem\u00fcseg\u00e4rten unserer Bauern.<\/li>\n<\/ul>\n<p>&nbsp;<\/p><\/div>\n<p><\/div><\/div>\n<div class=\"fullpage-block fullpage-block-6658-2\"  style=\"background-color: ; background-image: url(); padding-top:px; padding-bottom:px; background-attachment:fixed; background-position:50% 50%; background-repeat: repeat;\"><div class=\"fullpage-item \">\n<div class=\"clearfix divider-common divider-blank\" style=\"padding-top:30px;padding-bottom:30px;\"><\/div>\n<div class=\"column2 column_space\"><div class=\"shortcode-time-counter-block\"><i style=\"color:#83D5C0 !important;\" class=\"time-count-icon icon-moon\"><\/i><div class=\"time-count-data\" id=\"time-count-data-6658-e2d0\" data-start=\"40\" data-end=\"55\"><\/div><div class=\"time-count-title\"><h4>Betten insgesamt<\/h4><\/div>\n<\/div>\n<script>\njQuery(document).ready(function($){\n\t$('#time-count-data-6658-e2d0').waypoint(function() {\n    $('#time-count-data-6658-e2d0').countTo({\n        from: 40,\n        to: 55,\n        speed: 5000,\n        decimals: 0,\n        refreshInterval: 50,\n        onComplete: function(value) {\n        }\n    });\n\t}, { offset: 'bottom-in-view',triggerOnce: true });\n});\n<\/script><\/div>\n<div class=\"column2 clearfix\"><div class=\"shortcode-time-counter-block\"><i style=\"color:#3CBC6D !important;\" class=\"time-count-icon icon-leaf\"><\/i><div class=\"time-count-data\" id=\"time-count-data-6658-f9a2\" data-start=\"135\" data-end=\"150\"><\/div><div class=\"time-count-title\"><h4>Hektar Gr\u00fcnfl\u00e4che<\/h4><\/div>\n<\/div>\n<script>\njQuery(document).ready(function($){\n\t$('#time-count-data-6658-f9a2').waypoint(function() {\n    $('#time-count-data-6658-f9a2').countTo({\n        from: 135,\n        to: 150,\n        speed: 5000,\n        decimals: 0,\n        refreshInterval: 50,\n        onComplete: function(value) {\n        }\n    });\n\t}, { offset: 'bottom-in-view',triggerOnce: true });\n});\n<\/script><\/div><div class=\"clear\"><\/div>\n<\/div><\/div>\n<p>&nbsp;<\/p>\n<p>&nbsp;<\/p>\n","protected":false},"excerpt":{"rendered":"<p>&nbsp; &nbsp;<\/p>\n","protected":false},"author":1,"featured_media":0,"parent":0,"menu_order":0,"comment_status":"closed","ping_status":"closed","template":"template-fullpage.php","meta":{"footnotes":""},"class_list":["post-6658","page","type-page","status-publish","hentry"],"yoast_head":"<!-- This site is optimized with the Yoast SEO plugin v26.9 - https:\/\/yoast.com\/product\/yoast-seo-wordpress\/ -->\n<title>Home - Agriturismo Valico dei Pellegrini<\/title>\n<meta name=\"robots\" content=\"index, follow, max-snippet:-1, max-image-preview:large, max-video-preview:-1\" \/>\n<link rel=\"canonical\" href=\"https:\/\/staging.valicodeipellegrini.it\/de\/\" \/>\n<meta property=\"og:locale\" content=\"de_DE\" \/>\n<meta property=\"og:type\" content=\"article\" \/>\n<meta property=\"og:title\" content=\"Home - Agriturismo Valico dei Pellegrini\" \/>\n<meta property=\"og:description\" content=\"&nbsp; &nbsp;\" \/>\n<meta property=\"og:url\" content=\"https:\/\/staging.valicodeipellegrini.it\/de\/\" \/>\n<meta property=\"og:site_name\" content=\"Agriturismo Valico dei Pellegrini\" \/>\n<meta property=\"article:modified_time\" content=\"2016-03-31T14:53:34+00:00\" \/>\n<meta name=\"twitter:card\" content=\"summary_large_image\" \/>\n<meta name=\"twitter:label1\" content=\"Gesch\u00e4tzte Lesezeit\" \/>\n\t<meta name=\"twitter:data1\" content=\"1\u00a0Minute\" \/>\n<script type=\"application\/ld+json\" class=\"yoast-schema-graph\">{\"@context\":\"https:\/\/schema.org\",\"@graph\":[{\"@type\":\"WebPage\",\"@id\":\"https:\/\/staging.valicodeipellegrini.it\/de\/\",\"url\":\"https:\/\/staging.valicodeipellegrini.it\/de\/\",\"name\":\"Home - Agriturismo Valico dei Pellegrini\",\"isPartOf\":{\"@id\":\"https:\/\/staging.valicodeipellegrini.it\/#website\"},\"datePublished\":\"2016-03-31T13:13:55+00:00\",\"dateModified\":\"2016-03-31T14:53:34+00:00\",\"breadcrumb\":{\"@id\":\"https:\/\/staging.valicodeipellegrini.it\/de\/#breadcrumb\"},\"inLanguage\":\"de\",\"potentialAction\":[{\"@type\":\"ReadAction\",\"target\":[\"https:\/\/staging.valicodeipellegrini.it\/de\/\"]}]},{\"@type\":\"BreadcrumbList\",\"@id\":\"https:\/\/staging.valicodeipellegrini.it\/de\/#breadcrumb\",\"itemListElement\":[{\"@type\":\"ListItem\",\"position\":1,\"name\":\"Home\",\"item\":\"https:\/\/staging.valicodeipellegrini.it\/de\/\"},{\"@type\":\"ListItem\",\"position\":2,\"name\":\"Home\"}]},{\"@type\":\"WebSite\",\"@id\":\"https:\/\/staging.valicodeipellegrini.it\/#website\",\"url\":\"https:\/\/staging.valicodeipellegrini.it\/\",\"name\":\"Agriturismo Valico dei Pellegrini\",\"description\":\"Natura e relax in Umbria\",\"potentialAction\":[{\"@type\":\"SearchAction\",\"target\":{\"@type\":\"EntryPoint\",\"urlTemplate\":\"https:\/\/staging.valicodeipellegrini.it\/?s={search_term_string}\"},\"query-input\":{\"@type\":\"PropertyValueSpecification\",\"valueRequired\":true,\"valueName\":\"search_term_string\"}}],\"inLanguage\":\"de\"}]}<\/script>\n<!-- \/ Yoast SEO plugin. -->","yoast_head_json":{"title":"Home - Agriturismo Valico dei Pellegrini","robots":{"index":"index","follow":"follow","max-snippet":"max-snippet:-1","max-image-preview":"max-image-preview:large","max-video-preview":"max-video-preview:-1"},"canonical":"https:\/\/staging.valicodeipellegrini.it\/de\/","og_locale":"de_DE","og_type":"article","og_title":"Home - Agriturismo Valico dei Pellegrini","og_description":"&nbsp; &nbsp;","og_url":"https:\/\/staging.valicodeipellegrini.it\/de\/","og_site_name":"Agriturismo Valico dei Pellegrini","article_modified_time":"2016-03-31T14:53:34+00:00","twitter_card":"summary_large_image","twitter_misc":{"Gesch\u00e4tzte Lesezeit":"1\u00a0Minute"},"schema":{"@context":"https:\/\/schema.org","@graph":[{"@type":"WebPage","@id":"https:\/\/staging.valicodeipellegrini.it\/de\/","url":"https:\/\/staging.valicodeipellegrini.it\/de\/","name":"Home - Agriturismo Valico dei Pellegrini","isPartOf":{"@id":"https:\/\/staging.valicodeipellegrini.it\/#website"},"datePublished":"2016-03-31T13:13:55+00:00","dateModified":"2016-03-31T14:53:34+00:00","breadcrumb":{"@id":"https:\/\/staging.valicodeipellegrini.it\/de\/#breadcrumb"},"inLanguage":"de","potentialAction":[{"@type":"ReadAction","target":["https:\/\/staging.valicodeipellegrini.it\/de\/"]}]},{"@type":"BreadcrumbList","@id":"https:\/\/staging.valicodeipellegrini.it\/de\/#breadcrumb","itemListElement":[{"@type":"ListItem","position":1,"name":"Home","item":"https:\/\/staging.valicodeipellegrini.it\/de\/"},{"@type":"ListItem","position":2,"name":"Home"}]},{"@type":"WebSite","@id":"https:\/\/staging.valicodeipellegrini.it\/#website","url":"https:\/\/staging.valicodeipellegrini.it\/","name":"Agriturismo Valico dei Pellegrini","description":"Natura e relax in Umbria","potentialAction":[{"@type":"SearchAction","target":{"@type":"EntryPoint","urlTemplate":"https:\/\/staging.valicodeipellegrini.it\/?s={search_term_string}"},"query-input":{"@type":"PropertyValueSpecification","valueRequired":true,"valueName":"search_term_string"}}],"inLanguage":"de"}]}},"_links":{"self":[{"href":"https:\/\/staging.valicodeipellegrini.it\/de\/wp-json\/wp\/v2\/pages\/6658","targetHints":{"allow":["GET"]}}],"collection":[{"href":"https:\/\/staging.valicodeipellegrini.it\/de\/wp-json\/wp\/v2\/pages"}],"about":[{"href":"https:\/\/staging.valicodeipellegrini.it\/de\/wp-json\/wp\/v2\/types\/page"}],"author":[{"embeddable":true,"href":"https:\/\/staging.valicodeipellegrini.it\/de\/wp-json\/wp\/v2\/users\/1"}],"replies":[{"embeddable":true,"href":"https:\/\/staging.valicodeipellegrini.it\/de\/wp-json\/wp\/v2\/comments?post=6658"}],"version-history":[{"count":2,"href":"https:\/\/staging.valicodeipellegrini.it\/de\/wp-json\/wp\/v2\/pages\/6658\/revisions"}],"predecessor-version":[{"id":6844,"href":"https:\/\/staging.valicodeipellegrini.it\/de\/wp-json\/wp\/v2\/pages\/6658\/revisions\/6844"}],"wp:attachment":[{"href":"https:\/\/staging.valicodeipellegrini.it\/de\/wp-json\/wp\/v2\/media?parent=6658"}],"curies":[{"name":"wp","href":"https:\/\/api.w.org\/{rel}","templated":true}]}}