{"id":6663,"date":"2016-03-31T13:16:35","date_gmt":"2016-03-31T13:16:35","guid":{"rendered":"https:\/\/staging.valicodeipellegrini.it\/de\/?page_id=6663"},"modified":"2016-03-31T14:54:22","modified_gmt":"2016-03-31T14:54:22","slug":"ueber-uns","status":"publish","type":"page","link":"https:\/\/staging.valicodeipellegrini.it\/de\/ueber-uns\/","title":{"rendered":"\u00dcber uns"},"content":{"rendered":"<h1 style=\"text-align: center;\">\u00dcber uns<\/h1>\n<div class=\"pullquote-center\">Der Agrotourismus Valico dei Pellegrini und Passo dei Pellegrini befindet sich wenige Kilometer von der Stadt <strong>Spoleto<\/strong> entfernt, in Umbrien, dem gr\u00fcnen Herz Italiens.<\/div>\n<div class=\"column2 column_space\"><p style=\"text-align: center;\"><a href=\"https:\/\/staging.valicodeipellegrini.it\/wp-content\/uploads\/2015\/11\/targa.jpg\" rel=\"attachment wp-att-5931\"><img loading=\"lazy\" decoding=\"async\" class=\"wp-image-5931 size-medium aligncenter\" src=\"https:\/\/staging.valicodeipellegrini.it\/wp-content\/uploads\/2015\/11\/targa-300x292.jpg\" alt=\"targa\" width=\"300\" height=\"292\" srcset=\"https:\/\/staging.valicodeipellegrini.it\/wp-content\/uploads\/2015\/11\/targa-300x292.jpg 300w, https:\/\/staging.valicodeipellegrini.it\/wp-content\/uploads\/2015\/11\/targa-768x747.jpg 768w, https:\/\/staging.valicodeipellegrini.it\/wp-content\/uploads\/2015\/11\/targa-50x49.jpg 50w, https:\/\/staging.valicodeipellegrini.it\/wp-content\/uploads\/2015\/11\/targa.jpg 774w\" sizes=\"auto, (max-width: 300px) 100vw, 300px\" \/><\/a><em>Die Gedenktafel<\/em><\/p><\/div>\n<div class=\"column2 clearfix\"><p>Wenn die aus dem S\u00fcden Umbriens kommenden und nach Assisi reisenden Pilgern an diesem das umbrische Tal \u00fcberblickenden Pass eintrafen und in der Ferne die Stadt des heiligen Franziskus erkannten, knieten sie nieder und bekreuzigten sich.<\/p>\n<p>Zum Gedenken wurde eine Gedenktafel errichtet.<\/p>\n<p>An dieser Stelle entstanden die Bauernh\u00f6fe <strong>\u201cValico dei Pellegrini\u201d<\/strong> und <strong>\u201cPasso dei Pellegrini\u201d<\/strong>.<\/p>\n<p>Die landtouristischen Einrichtungen befinden sich auf einem Anwesen mit einer Fl\u00e4che von 130 Hektar, 80% davon bewaldet und mit vielen herrlichen Wanderwegen f\u00fcr entspannte Wanderungen, Aussichtspunkten und Rastpl\u00e4tzen.<\/p>\n<p>Es gibt drei Landh\u00e4user, von englischen Verwaltern als <strong>Villa Marianna<\/strong>, <strong>Posto del Sole<\/strong> und <strong>Vista del mondo<\/strong>.<\/p>\n<p>Sie wurden von kompetenten Handwerkern aus lokalem Stein, im Einklang mit \u00f6rtlichen Traditionen und Werten gebaut und den modernen Bed\u00fcrfnissen des Landtourismus angepasst.<\/p>\n<p>Die Atmosph\u00e4re ist gem\u00fctlich und die Entspannung ist gesichert.<\/p>\n<p>Genie\u00dfen Sie die von den Schatten der vielen B\u00e4umen gespendete Frische in vollen Z\u00fcgen, die sauerstoffreiche Luft unserer Berge mit H\u00f6hen zwischen 600 und 1000 m \u00fc. d. M., die gut f\u00fcr ein gesundes HerzKreislauf-System ist, und die wunderbare Natur und die Panoramen, welche die Geb\u00e4ude, soweit der Blick reicht, umgeben.<\/p><\/div><div class=\"clear\"><\/div>\n","protected":false},"excerpt":{"rendered":"<p>\u00dcber uns<\/p>\n","protected":false},"author":1,"featured_media":0,"parent":0,"menu_order":0,"comment_status":"closed","ping_status":"closed","template":"","meta":{"footnotes":""},"class_list":["post-6663","page","type-page","status-publish","hentry"],"yoast_head":"<!-- This site is optimized with the Yoast SEO plugin v26.9 - https:\/\/yoast.com\/product\/yoast-seo-wordpress\/ -->\n<title>\u00dcber uns - Agriturismo Valico dei Pellegrini<\/title>\n<meta name=\"robots\" content=\"index, follow, max-snippet:-1, max-image-preview:large, max-video-preview:-1\" \/>\n<link rel=\"canonical\" href=\"https:\/\/staging.valicodeipellegrini.it\/de\/ueber-uns\/\" \/>\n<meta property=\"og:locale\" content=\"de_DE\" \/>\n<meta property=\"og:type\" content=\"article\" \/>\n<meta property=\"og:title\" content=\"\u00dcber uns - Agriturismo Valico dei Pellegrini\" \/>\n<meta property=\"og:description\" content=\"\u00dcber uns\" \/>\n<meta property=\"og:url\" content=\"https:\/\/staging.valicodeipellegrini.it\/de\/ueber-uns\/\" \/>\n<meta property=\"og:site_name\" content=\"Agriturismo Valico dei Pellegrini\" \/>\n<meta property=\"article:modified_time\" content=\"2016-03-31T14:54:22+00:00\" \/>\n<meta property=\"og:image\" content=\"https:\/\/staging.valicodeipellegrini.it\/wp-content\/uploads\/2015\/11\/targa.jpg\" \/>\n\t<meta property=\"og:image:width\" content=\"774\" \/>\n\t<meta property=\"og:image:height\" content=\"753\" \/>\n\t<meta property=\"og:image:type\" content=\"image\/jpeg\" \/>\n<meta name=\"twitter:card\" content=\"summary_large_image\" \/>\n<meta name=\"twitter:label1\" content=\"Gesch\u00e4tzte Lesezeit\" \/>\n\t<meta name=\"twitter:data1\" content=\"1\u00a0Minute\" \/>\n<script type=\"application\/ld+json\" class=\"yoast-schema-graph\">{\"@context\":\"https:\/\/schema.org\",\"@graph\":[{\"@type\":\"WebPage\",\"@id\":\"https:\/\/staging.valicodeipellegrini.it\/de\/ueber-uns\/\",\"url\":\"https:\/\/staging.valicodeipellegrini.it\/de\/ueber-uns\/\",\"name\":\"\u00dcber uns - Agriturismo Valico dei Pellegrini\",\"isPartOf\":{\"@id\":\"https:\/\/staging.valicodeipellegrini.it\/#website\"},\"primaryImageOfPage\":{\"@id\":\"https:\/\/staging.valicodeipellegrini.it\/de\/ueber-uns\/#primaryimage\"},\"image\":{\"@id\":\"https:\/\/staging.valicodeipellegrini.it\/de\/ueber-uns\/#primaryimage\"},\"thumbnailUrl\":\"https:\/\/staging.valicodeipellegrini.it\/wp-content\/uploads\/2015\/11\/targa-300x292.jpg\",\"datePublished\":\"2016-03-31T13:16:35+00:00\",\"dateModified\":\"2016-03-31T14:54:22+00:00\",\"breadcrumb\":{\"@id\":\"https:\/\/staging.valicodeipellegrini.it\/de\/ueber-uns\/#breadcrumb\"},\"inLanguage\":\"de\",\"potentialAction\":[{\"@type\":\"ReadAction\",\"target\":[\"https:\/\/staging.valicodeipellegrini.it\/de\/ueber-uns\/\"]}]},{\"@type\":\"ImageObject\",\"inLanguage\":\"de\",\"@id\":\"https:\/\/staging.valicodeipellegrini.it\/de\/ueber-uns\/#primaryimage\",\"url\":\"https:\/\/staging.valicodeipellegrini.it\/wp-content\/uploads\/2015\/11\/targa-300x292.jpg\",\"contentUrl\":\"https:\/\/staging.valicodeipellegrini.it\/wp-content\/uploads\/2015\/11\/targa-300x292.jpg\"},{\"@type\":\"BreadcrumbList\",\"@id\":\"https:\/\/staging.valicodeipellegrini.it\/de\/ueber-uns\/#breadcrumb\",\"itemListElement\":[{\"@type\":\"ListItem\",\"position\":1,\"name\":\"Home\",\"item\":\"https:\/\/staging.valicodeipellegrini.it\/de\/\"},{\"@type\":\"ListItem\",\"position\":2,\"name\":\"\u00dcber uns\"}]},{\"@type\":\"WebSite\",\"@id\":\"https:\/\/staging.valicodeipellegrini.it\/#website\",\"url\":\"https:\/\/staging.valicodeipellegrini.it\/\",\"name\":\"Agriturismo Valico dei Pellegrini\",\"description\":\"Natura e relax in Umbria\",\"potentialAction\":[{\"@type\":\"SearchAction\",\"target\":{\"@type\":\"EntryPoint\",\"urlTemplate\":\"https:\/\/staging.valicodeipellegrini.it\/?s={search_term_string}\"},\"query-input\":{\"@type\":\"PropertyValueSpecification\",\"valueRequired\":true,\"valueName\":\"search_term_string\"}}],\"inLanguage\":\"de\"}]}<\/script>\n<!-- \/ Yoast SEO plugin. -->","yoast_head_json":{"title":"\u00dcber uns - Agriturismo Valico dei Pellegrini","robots":{"index":"index","follow":"follow","max-snippet":"max-snippet:-1","max-image-preview":"max-image-preview:large","max-video-preview":"max-video-preview:-1"},"canonical":"https:\/\/staging.valicodeipellegrini.it\/de\/ueber-uns\/","og_locale":"de_DE","og_type":"article","og_title":"\u00dcber uns - Agriturismo Valico dei Pellegrini","og_description":"\u00dcber uns","og_url":"https:\/\/staging.valicodeipellegrini.it\/de\/ueber-uns\/","og_site_name":"Agriturismo Valico dei Pellegrini","article_modified_time":"2016-03-31T14:54:22+00:00","og_image":[{"width":774,"height":753,"url":"https:\/\/staging.valicodeipellegrini.it\/wp-content\/uploads\/2015\/11\/targa.jpg","type":"image\/jpeg"}],"twitter_card":"summary_large_image","twitter_misc":{"Gesch\u00e4tzte Lesezeit":"1\u00a0Minute"},"schema":{"@context":"https:\/\/schema.org","@graph":[{"@type":"WebPage","@id":"https:\/\/staging.valicodeipellegrini.it\/de\/ueber-uns\/","url":"https:\/\/staging.valicodeipellegrini.it\/de\/ueber-uns\/","name":"\u00dcber uns - Agriturismo Valico dei Pellegrini","isPartOf":{"@id":"https:\/\/staging.valicodeipellegrini.it\/#website"},"primaryImageOfPage":{"@id":"https:\/\/staging.valicodeipellegrini.it\/de\/ueber-uns\/#primaryimage"},"image":{"@id":"https:\/\/staging.valicodeipellegrini.it\/de\/ueber-uns\/#primaryimage"},"thumbnailUrl":"https:\/\/staging.valicodeipellegrini.it\/wp-content\/uploads\/2015\/11\/targa-300x292.jpg","datePublished":"2016-03-31T13:16:35+00:00","dateModified":"2016-03-31T14:54:22+00:00","breadcrumb":{"@id":"https:\/\/staging.valicodeipellegrini.it\/de\/ueber-uns\/#breadcrumb"},"inLanguage":"de","potentialAction":[{"@type":"ReadAction","target":["https:\/\/staging.valicodeipellegrini.it\/de\/ueber-uns\/"]}]},{"@type":"ImageObject","inLanguage":"de","@id":"https:\/\/staging.valicodeipellegrini.it\/de\/ueber-uns\/#primaryimage","url":"https:\/\/staging.valicodeipellegrini.it\/wp-content\/uploads\/2015\/11\/targa-300x292.jpg","contentUrl":"https:\/\/staging.valicodeipellegrini.it\/wp-content\/uploads\/2015\/11\/targa-300x292.jpg"},{"@type":"BreadcrumbList","@id":"https:\/\/staging.valicodeipellegrini.it\/de\/ueber-uns\/#breadcrumb","itemListElement":[{"@type":"ListItem","position":1,"name":"Home","item":"https:\/\/staging.valicodeipellegrini.it\/de\/"},{"@type":"ListItem","position":2,"name":"\u00dcber uns"}]},{"@type":"WebSite","@id":"https:\/\/staging.valicodeipellegrini.it\/#website","url":"https:\/\/staging.valicodeipellegrini.it\/","name":"Agriturismo Valico dei Pellegrini","description":"Natura e relax in Umbria","potentialAction":[{"@type":"SearchAction","target":{"@type":"EntryPoint","urlTemplate":"https:\/\/staging.valicodeipellegrini.it\/?s={search_term_string}"},"query-input":{"@type":"PropertyValueSpecification","valueRequired":true,"valueName":"search_term_string"}}],"inLanguage":"de"}]}},"_links":{"self":[{"href":"https:\/\/staging.valicodeipellegrini.it\/de\/wp-json\/wp\/v2\/pages\/6663","targetHints":{"allow":["GET"]}}],"collection":[{"href":"https:\/\/staging.valicodeipellegrini.it\/de\/wp-json\/wp\/v2\/pages"}],"about":[{"href":"https:\/\/staging.valicodeipellegrini.it\/de\/wp-json\/wp\/v2\/types\/page"}],"author":[{"embeddable":true,"href":"https:\/\/staging.valicodeipellegrini.it\/de\/wp-json\/wp\/v2\/users\/1"}],"replies":[{"embeddable":true,"href":"https:\/\/staging.valicodeipellegrini.it\/de\/wp-json\/wp\/v2\/comments?post=6663"}],"version-history":[{"count":1,"href":"https:\/\/staging.valicodeipellegrini.it\/de\/wp-json\/wp\/v2\/pages\/6663\/revisions"}],"predecessor-version":[{"id":6665,"href":"https:\/\/staging.valicodeipellegrini.it\/de\/wp-json\/wp\/v2\/pages\/6663\/revisions\/6665"}],"wp:attachment":[{"href":"https:\/\/staging.valicodeipellegrini.it\/de\/wp-json\/wp\/v2\/media?parent=6663"}],"curies":[{"name":"wp","href":"https:\/\/api.w.org\/{rel}","templated":true}]}}