{"id":6674,"date":"2016-03-31T13:30:10","date_gmt":"2016-03-31T13:30:10","guid":{"rendered":"https:\/\/staging.valicodeipellegrini.it\/de\/?page_id=6674"},"modified":"2016-03-31T22:41:42","modified_gmt":"2016-03-31T22:41:42","slug":"posto-del-sole","status":"publish","type":"page","link":"https:\/\/staging.valicodeipellegrini.it\/de\/die-landhaeuser\/posto-del-sole\/","title":{"rendered":"Posto del Sole"},"content":{"rendered":"<h1 style=\"text-align: center;\">Posto del Sole<\/h1>\n<div class=\"clearfix divider-common divider-blank\" style=\"padding-top:20px;padding-bottom:20px;\"><\/div>\n<h2 style=\"text-align: center;\">Insgesamt 17 Betten in 4 Appartements<\/h2>\n<div class=\"clearfix divider-common divider-blank\" style=\"padding-top:10px;padding-bottom:10px;\"><\/div>\n<div class=\"column3 column_space\"><a href=\"https:\/\/staging.valicodeipellegrini.it\/wp-content\/uploads\/2015\/11\/agriturismo-posto-del-sole-piscina.jpg\" rel=\"attachment wp-att-6003\"><img loading=\"lazy\" decoding=\"async\" width=\"300\" height=\"200\" class=\"size-medium wp-image-6003 aligncenter\" src=\"https:\/\/staging.valicodeipellegrini.it\/wp-content\/uploads\/2015\/11\/agriturismo-posto-del-sole-piscina-300x200.jpg\" alt=\"agriturismo-posto-del-sole-piscina\" srcset=\"https:\/\/staging.valicodeipellegrini.it\/wp-content\/uploads\/2015\/11\/agriturismo-posto-del-sole-piscina-300x200.jpg 300w, https:\/\/staging.valicodeipellegrini.it\/wp-content\/uploads\/2015\/11\/agriturismo-posto-del-sole-piscina-768x511.jpg 768w, https:\/\/staging.valicodeipellegrini.it\/wp-content\/uploads\/2015\/11\/agriturismo-posto-del-sole-piscina-50x33.jpg 50w, https:\/\/staging.valicodeipellegrini.it\/wp-content\/uploads\/2015\/11\/agriturismo-posto-del-sole-piscina.jpg 900w\" sizes=\"auto, (max-width: 300px) 100vw, 300px\" \/><\/a><br \/><\/div>\n<div class=\"column3 column_space\"><a href=\"https:\/\/staging.valicodeipellegrini.it\/wp-content\/uploads\/2015\/12\/posto-del-sole-camera-da-letto.jpg\" rel=\"attachment wp-att-6005\"><img loading=\"lazy\" decoding=\"async\" class=\"wp-image-6057 size-medium aligncenter\" src=\"https:\/\/staging.valicodeipellegrini.it\/wp-content\/uploads\/2015\/12\/posto-del-sole-camera-da-letto-300x200.jpg\" alt=\"\" width=\"300\" height=\"200\" srcset=\"https:\/\/staging.valicodeipellegrini.it\/wp-content\/uploads\/2015\/12\/posto-del-sole-camera-da-letto-300x200.jpg 300w, https:\/\/staging.valicodeipellegrini.it\/wp-content\/uploads\/2015\/12\/posto-del-sole-camera-da-letto-768x511.jpg 768w, https:\/\/staging.valicodeipellegrini.it\/wp-content\/uploads\/2015\/12\/posto-del-sole-camera-da-letto-50x33.jpg 50w, https:\/\/staging.valicodeipellegrini.it\/wp-content\/uploads\/2015\/12\/posto-del-sole-camera-da-letto.jpg 900w\" sizes=\"auto, (max-width: 300px) 100vw, 300px\" \/><\/a><br \/><\/div>\n<div class=\"column3 clearfix\"><a href=\"https:\/\/staging.valicodeipellegrini.it\/wp-content\/uploads\/2015\/11\/agriturismo-posto-del-sole-soggiorno-camino.jpg\" rel=\"attachment wp-att-6004\"><img loading=\"lazy\" decoding=\"async\" width=\"300\" height=\"200\" class=\"size-medium wp-image-6004 aligncenter\" src=\"https:\/\/staging.valicodeipellegrini.it\/wp-content\/uploads\/2015\/11\/agriturismo-posto-del-sole-soggiorno-camino-300x200.jpg\" alt=\"agriturismo-posto-del-sole-soggiorno-camino\" srcset=\"https:\/\/staging.valicodeipellegrini.it\/wp-content\/uploads\/2015\/11\/agriturismo-posto-del-sole-soggiorno-camino-300x200.jpg 300w, https:\/\/staging.valicodeipellegrini.it\/wp-content\/uploads\/2015\/11\/agriturismo-posto-del-sole-soggiorno-camino-768x511.jpg 768w, https:\/\/staging.valicodeipellegrini.it\/wp-content\/uploads\/2015\/11\/agriturismo-posto-del-sole-soggiorno-camino-50x33.jpg 50w, https:\/\/staging.valicodeipellegrini.it\/wp-content\/uploads\/2015\/11\/agriturismo-posto-del-sole-soggiorno-camino.jpg 900w\" sizes=\"auto, (max-width: 300px) 100vw, 300px\" \/><\/a><br \/><\/div><div class=\"clear\"><\/div>\n<p><strong>Appartement Nr. 1<\/strong> (Erdgeschoss): gro\u00dfes Wohnzimmer mit Kamin, K\u00fcche, gro\u00dfes Schlafzimmer mit 4 Betten, behindertengerechtes Bad.<\/p>\n<p><strong>Appartement Nr. 2<\/strong> (Erdgeschoss): gro\u00dfes Wohnzimmer mit Kamin, Schlafzimmer mit 3 Betten, Bad. Die beiden Appartements k\u00f6nnen durch \u00d6ffnen einer sie trennenden T\u00fcr gemeinsam, oder bei geschlossen gehaltener T\u00fcr separat verwendet werden.<\/p>\n<p><strong>Appartement Nr. 3 und 4<\/strong> (1. Stock): gro\u00dfes Wohnzimmer mit Kamin, K\u00fcche, 3 Schlafzimmer mit 10 Betten, 2 B\u00e4der. Die beiden Appartements sind \u00fcber eine \u00fcberdachte Terrasse verbunden und k\u00f6nnen gemeinsam oder separat benutzt werden. Jedes Appartement ist mit einem Doppelbettsofa ausgestattet.<\/p>\n<p>Sie k\u00f6nnen ein oder mehrere Appartements gleichzeitig oder die gesamte Einrichtung reservieren.<\/p>\n<div class=\"pricing-table clearfix\">\n<div class=\"App1-postoDelSole\"><div class=\"pricing-column-target column4 pricing_highlight\"><div class=\"pricing-column-type-1 pricing-column\"><ul><li class=\"pricing-title\">Appartement<\/li>\n<li class=\"pricing-price\"><span class=\"pricing-currency\">Erdgeschoss<\/span><span class=\"pricing-suffix\"><\/span><\/li><li class=\"pricing-duration\"><\/li>\n<li class=\"pricing-row\">4 Betten<\/li><li class=\"pricing-row\">1 bad<\/li>\n<li class=\"pricing-row\">Wohnzimmer<\/li>\n<li class=\"pricing-row\">K\u00fcche<\/li>\n<\/ul><\/div><\/div><\/div>\n<div class=\"App2-postoDelSole\"><div class=\"pricing-column-target column4 pricing_highlight\"><div class=\"pricing-column-type-1 pricing-column\"><ul><li class=\"pricing-title\">Appartement Nr. 2<\/li>\n<li class=\"pricing-price\"><span class=\"pricing-currency\">Erdgeschoss<\/span><span class=\"pricing-suffix\"><\/span><\/li><li class=\"pricing-duration\"><\/li>\n<li class=\"pricing-row\">3 Betten<\/li><li class=\"pricing-row\">1 bad<\/li>\n<li class=\"pricing-row\">Wohnzimmer<\/li>\n<li class=\"pricing-row\">K\u00fcche<\/li>\n<\/ul><\/div><\/div><\/div>\n<div class=\"App3-postoDelSole\"><div class=\"pricing-column-target column4 pricing_highlight\"><div class=\"pricing-column-type-1 pricing-column\"><ul><li class=\"pricing-title\">Appartement Nr. 3<\/li>\n<li class=\"pricing-price\"><span class=\"pricing-currency\">1. Stock<\/span><span class=\"pricing-suffix\"><\/span><\/li><li class=\"pricing-duration\"><\/li>\n<li class=\"pricing-row\">4 Betten<\/li><li class=\"pricing-row\">1 bad<\/li>\n<li class=\"pricing-row\">Wohnzimmer<\/li>\n<li class=\"pricing-row\">K\u00fcche<\/li>\n<\/ul><\/div><\/div><\/div>\n<div class=\"App4-postoDelSole\"><div class=\"pricing-column-target column4 pricing_highlight\"><div class=\"pricing-column-type-1 pricing-column\"><ul><li class=\"pricing-title\">Appartement Nr. 4<\/li>\n<li class=\"pricing-price\"><span class=\"pricing-currency\">1. Stock<\/span><span class=\"pricing-suffix\"><\/span><\/li><li class=\"pricing-duration\"><\/li>\n<li class=\"pricing-row\">3-6 Betten<\/li><li class=\"pricing-row\">2 b\u00e4der<\/li>\n<li class=\"pricing-row\">Wohnzimmer oder 3 Betten<\/li><li class=\"pricing-row\">K\u00fcche<\/li>\n<\/ul><\/div><\/div><\/div>\n<p>&nbsp;<\/p>\n<p><\/div>\n<div class=\"clearfix divider-common divider-blank\" style=\"padding-top:10px;padding-bottom:10px;\"><\/div>\n<div class=\"column2 column_space\"><p style=\"text-align: center;\"><strong>Erdgeschoss<\/strong><\/p>\n<p style=\"text-align: center;\"><a href=\"https:\/\/staging.valicodeipellegrini.it\/wp-content\/uploads\/2016\/03\/postoAlSole-PT-DE-1.jpg\" rel=\"attachment wp-att-6000\"><img loading=\"lazy\" decoding=\"async\" class=\"alignnone wp-image-7026 size-medium\" src=\"https:\/\/staging.valicodeipellegrini.it\/wp-content\/uploads\/2016\/03\/postoAlSole-PT-DE-1-300x120.jpg\" alt=\"\" width=\"300\" height=\"120\" srcset=\"https:\/\/staging.valicodeipellegrini.it\/wp-content\/uploads\/2016\/03\/postoAlSole-PT-DE-1-300x120.jpg 300w, https:\/\/staging.valicodeipellegrini.it\/wp-content\/uploads\/2016\/03\/postoAlSole-PT-DE-1-768x307.jpg 768w, https:\/\/staging.valicodeipellegrini.it\/wp-content\/uploads\/2016\/03\/postoAlSole-PT-DE-1-1024x410.jpg 1024w, https:\/\/staging.valicodeipellegrini.it\/wp-content\/uploads\/2016\/03\/postoAlSole-PT-DE-1-756x300.jpg 756w, https:\/\/staging.valicodeipellegrini.it\/wp-content\/uploads\/2016\/03\/postoAlSole-PT-DE-1-924x370.jpg 924w, https:\/\/staging.valicodeipellegrini.it\/wp-content\/uploads\/2016\/03\/postoAlSole-PT-DE-1-50x20.jpg 50w, https:\/\/staging.valicodeipellegrini.it\/wp-content\/uploads\/2016\/03\/postoAlSole-PT-DE-1.jpg 1100w\" sizes=\"auto, (max-width: 300px) 100vw, 300px\" \/><\/a><a href=\"https:\/\/staging.valicodeipellegrini.it\/wp-content\/uploads\/2015\/11\/planimetria-villa-marianna-piano-terra-950.jpg\" rel=\"attachment wp-att-5979\"><br \/>\n<\/a><br \/><\/div>\n<div class=\"column2 clearfix\"><p style=\"text-align: center;\"><strong>1. Stock<\/strong><\/p>\n<p><a href=\"https:\/\/staging.valicodeipellegrini.it\/wp-content\/uploads\/2016\/03\/postoAlSole-P1-DE.jpg\" rel=\"attachment wp-att-6001\"><img loading=\"lazy\" decoding=\"async\" class=\"wp-image-7031 size-medium aligncenter\" src=\"https:\/\/staging.valicodeipellegrini.it\/wp-content\/uploads\/2016\/03\/postoAlSole-P1-DE-300x120.jpg\" alt=\"\" width=\"300\" height=\"120\" srcset=\"https:\/\/staging.valicodeipellegrini.it\/wp-content\/uploads\/2016\/03\/postoAlSole-P1-DE-300x120.jpg 300w, https:\/\/staging.valicodeipellegrini.it\/wp-content\/uploads\/2016\/03\/postoAlSole-P1-DE-768x307.jpg 768w, https:\/\/staging.valicodeipellegrini.it\/wp-content\/uploads\/2016\/03\/postoAlSole-P1-DE-1024x410.jpg 1024w, https:\/\/staging.valicodeipellegrini.it\/wp-content\/uploads\/2016\/03\/postoAlSole-P1-DE-756x300.jpg 756w, https:\/\/staging.valicodeipellegrini.it\/wp-content\/uploads\/2016\/03\/postoAlSole-P1-DE-924x370.jpg 924w, https:\/\/staging.valicodeipellegrini.it\/wp-content\/uploads\/2016\/03\/postoAlSole-P1-DE-50x20.jpg 50w, https:\/\/staging.valicodeipellegrini.it\/wp-content\/uploads\/2016\/03\/postoAlSole-P1-DE.jpg 1100w\" sizes=\"auto, (max-width: 300px) 100vw, 300px\" \/><\/a><\/p>\n<p><\/div><div class=\"clear\"><\/div>\n<div class=\"clearfix divider-common divider-blank\" style=\"padding-top:10px;padding-bottom:10px;\"><\/div>\n\n    <div class=\"googlemaps\" id=\"map\"><\/div>\n\t\n    \n\t<style type=\"text\/css\">\n\t\t.googlemaps { width: 1000px;}\n\t\t.googlemaps { height: 400px;}\n\t\t.googlemaps {max-width:100%;font-weight: bold; color: #000;}\n        .googlemaps img {max-width: 100000%; \/* override *\/}\n    <\/style>\n    <script type=\"text\/javascript\">\n\tjQuery(document).ready(function(){\n\t\tvar latlng = new google.maps.LatLng(42.769147, 12.801760);\n\t\tvar myOptions = {\n\t\t\tzoom: 14,\n\t\t\tcenter: latlng,\n\t\t\tscrollwheel: false,\n\t\t\tscaleControl: false,\n\t\t\tdisableDefaultUI: false,\n\t\t\tmapTypeId: google.maps.MapTypeId.ROADMAP\n\t\t};\n\t\tvar map = new google.maps.Map(document.getElementById(\"map\"),\n\t\tmyOptions);\n\t\t\n\t\t\t\tvar marker = new google.maps.Marker({\n\t\t\t\tmap: map, \n\t\t\t\t\n\t\t\t\tposition: map.getCenter()\n\t\t\t});\n\t\t\t\n\t\t\t\tvar contentString = 'Posto del Sole';\n\t\t\t\tvar infowindow = new google.maps.InfoWindow({\n\t\t\t\t\tcontent: contentString\n\t\t\t\t});\n\t\t\t\t\t\t\t\n\t\t\t\tgoogle.maps.event.addListener(marker, 'click', function() {\n\t\t\t\t  infowindow.open(map,marker);\n\t\t\t\t});\n\t\t\t\t\n\t\t\t\t\t\tinfowindow.open(map,marker);\n\t\t\t\t\t});<\/script>\n","protected":false},"excerpt":{"rendered":"<p>Posto del Sole Insgesamt 17 Betten in 4 Appartements Appartement Nr. 1 (Erdgeschoss): gro\u00dfes Wohnzimmer mit Kamin, K\u00fcche, gro\u00dfes Schlafzimmer mit 4 Betten, behindertengerechtes Bad. Appartement Nr. 2 (Erdgeschoss): gro\u00dfes Wohnzimmer mit Kamin, Schlafzimmer mit 3 Betten, Bad. Die beiden Appartements k\u00f6nnen durch \u00d6ffnen einer sie trennenden T\u00fcr gemeinsam, oder bei geschlossen gehaltener T\u00fcr separat verwendet werden. Appartement Nr. 3 und 4 (1. Stock): gro\u00dfes Wohnzimmer mit Kamin, K\u00fcche, 3 Schlafzimmer mit 10 Betten, 2 B\u00e4der. Die beiden Appartements sind [&hellip;]<\/p>\n","protected":false},"author":1,"featured_media":0,"parent":6666,"menu_order":0,"comment_status":"closed","ping_status":"closed","template":"","meta":{"footnotes":""},"class_list":["post-6674","page","type-page","status-publish","hentry"],"yoast_head":"<!-- This site is optimized with the Yoast SEO plugin v26.9 - https:\/\/yoast.com\/product\/yoast-seo-wordpress\/ -->\n<title>Posto del Sole - Agriturismo Valico dei Pellegrini<\/title>\n<meta name=\"robots\" content=\"index, follow, max-snippet:-1, max-image-preview:large, max-video-preview:-1\" \/>\n<link rel=\"canonical\" href=\"https:\/\/staging.valicodeipellegrini.it\/de\/die-landhaeuser\/posto-del-sole\/\" \/>\n<meta property=\"og:locale\" content=\"de_DE\" \/>\n<meta property=\"og:type\" content=\"article\" \/>\n<meta property=\"og:title\" content=\"Posto del Sole - Agriturismo Valico dei Pellegrini\" \/>\n<meta property=\"og:description\" content=\"Posto del Sole Insgesamt 17 Betten in 4 Appartements Appartement Nr. 1 (Erdgeschoss): gro\u00dfes Wohnzimmer mit Kamin, K\u00fcche, gro\u00dfes Schlafzimmer mit 4 Betten, behindertengerechtes Bad. Appartement Nr. 2 (Erdgeschoss): gro\u00dfes Wohnzimmer mit Kamin, Schlafzimmer mit 3 Betten, Bad. Die beiden Appartements k\u00f6nnen durch \u00d6ffnen einer sie trennenden T\u00fcr gemeinsam, oder bei geschlossen gehaltener T\u00fcr separat verwendet werden. Appartement Nr. 3 und 4 (1. Stock): gro\u00dfes Wohnzimmer mit Kamin, K\u00fcche, 3 Schlafzimmer mit 10 Betten, 2 B\u00e4der. Die beiden Appartements sind [&hellip;]\" \/>\n<meta property=\"og:url\" content=\"https:\/\/staging.valicodeipellegrini.it\/de\/die-landhaeuser\/posto-del-sole\/\" \/>\n<meta property=\"og:site_name\" content=\"Agriturismo Valico dei Pellegrini\" \/>\n<meta property=\"article:modified_time\" content=\"2016-03-31T22:41:42+00:00\" \/>\n<meta property=\"og:image\" content=\"https:\/\/staging.valicodeipellegrini.it\/wp-content\/uploads\/2015\/11\/agriturismo-posto-del-sole-piscina.jpg\" \/>\n\t<meta property=\"og:image:width\" content=\"900\" \/>\n\t<meta property=\"og:image:height\" content=\"599\" \/>\n\t<meta property=\"og:image:type\" content=\"image\/jpeg\" \/>\n<meta name=\"twitter:card\" content=\"summary_large_image\" \/>\n<meta name=\"twitter:label1\" content=\"Gesch\u00e4tzte Lesezeit\" \/>\n\t<meta name=\"twitter:data1\" content=\"2\u00a0Minuten\" \/>\n<script type=\"application\/ld+json\" class=\"yoast-schema-graph\">{\"@context\":\"https:\/\/schema.org\",\"@graph\":[{\"@type\":\"WebPage\",\"@id\":\"https:\/\/staging.valicodeipellegrini.it\/de\/die-landhaeuser\/posto-del-sole\/\",\"url\":\"https:\/\/staging.valicodeipellegrini.it\/de\/die-landhaeuser\/posto-del-sole\/\",\"name\":\"Posto del Sole - Agriturismo Valico dei Pellegrini\",\"isPartOf\":{\"@id\":\"https:\/\/staging.valicodeipellegrini.it\/#website\"},\"primaryImageOfPage\":{\"@id\":\"https:\/\/staging.valicodeipellegrini.it\/de\/die-landhaeuser\/posto-del-sole\/#primaryimage\"},\"image\":{\"@id\":\"https:\/\/staging.valicodeipellegrini.it\/de\/die-landhaeuser\/posto-del-sole\/#primaryimage\"},\"thumbnailUrl\":\"https:\/\/staging.valicodeipellegrini.it\/wp-content\/uploads\/2015\/11\/agriturismo-posto-del-sole-piscina-300x200.jpg\",\"datePublished\":\"2016-03-31T13:30:10+00:00\",\"dateModified\":\"2016-03-31T22:41:42+00:00\",\"breadcrumb\":{\"@id\":\"https:\/\/staging.valicodeipellegrini.it\/de\/die-landhaeuser\/posto-del-sole\/#breadcrumb\"},\"inLanguage\":\"de\",\"potentialAction\":[{\"@type\":\"ReadAction\",\"target\":[\"https:\/\/staging.valicodeipellegrini.it\/de\/die-landhaeuser\/posto-del-sole\/\"]}]},{\"@type\":\"ImageObject\",\"inLanguage\":\"de\",\"@id\":\"https:\/\/staging.valicodeipellegrini.it\/de\/die-landhaeuser\/posto-del-sole\/#primaryimage\",\"url\":\"https:\/\/staging.valicodeipellegrini.it\/wp-content\/uploads\/2015\/11\/agriturismo-posto-del-sole-piscina-300x200.jpg\",\"contentUrl\":\"https:\/\/staging.valicodeipellegrini.it\/wp-content\/uploads\/2015\/11\/agriturismo-posto-del-sole-piscina-300x200.jpg\"},{\"@type\":\"BreadcrumbList\",\"@id\":\"https:\/\/staging.valicodeipellegrini.it\/de\/die-landhaeuser\/posto-del-sole\/#breadcrumb\",\"itemListElement\":[{\"@type\":\"ListItem\",\"position\":1,\"name\":\"Home\",\"item\":\"https:\/\/staging.valicodeipellegrini.it\/de\/\"},{\"@type\":\"ListItem\",\"position\":2,\"name\":\"Die Landh\u00e4user\",\"item\":\"https:\/\/staging.valicodeipellegrini.it\/de\/die-landhaeuser\/\"},{\"@type\":\"ListItem\",\"position\":3,\"name\":\"Posto del Sole\"}]},{\"@type\":\"WebSite\",\"@id\":\"https:\/\/staging.valicodeipellegrini.it\/#website\",\"url\":\"https:\/\/staging.valicodeipellegrini.it\/\",\"name\":\"Agriturismo Valico dei Pellegrini\",\"description\":\"Natura e relax in Umbria\",\"potentialAction\":[{\"@type\":\"SearchAction\",\"target\":{\"@type\":\"EntryPoint\",\"urlTemplate\":\"https:\/\/staging.valicodeipellegrini.it\/?s={search_term_string}\"},\"query-input\":{\"@type\":\"PropertyValueSpecification\",\"valueRequired\":true,\"valueName\":\"search_term_string\"}}],\"inLanguage\":\"de\"}]}<\/script>\n<!-- \/ Yoast SEO plugin. -->","yoast_head_json":{"title":"Posto del Sole - Agriturismo Valico dei Pellegrini","robots":{"index":"index","follow":"follow","max-snippet":"max-snippet:-1","max-image-preview":"max-image-preview:large","max-video-preview":"max-video-preview:-1"},"canonical":"https:\/\/staging.valicodeipellegrini.it\/de\/die-landhaeuser\/posto-del-sole\/","og_locale":"de_DE","og_type":"article","og_title":"Posto del Sole - Agriturismo Valico dei Pellegrini","og_description":"Posto del Sole Insgesamt 17 Betten in 4 Appartements Appartement Nr. 1 (Erdgeschoss): gro\u00dfes Wohnzimmer mit Kamin, K\u00fcche, gro\u00dfes Schlafzimmer mit 4 Betten, behindertengerechtes Bad. Appartement Nr. 2 (Erdgeschoss): gro\u00dfes Wohnzimmer mit Kamin, Schlafzimmer mit 3 Betten, Bad. Die beiden Appartements k\u00f6nnen durch \u00d6ffnen einer sie trennenden T\u00fcr gemeinsam, oder bei geschlossen gehaltener T\u00fcr separat verwendet werden. Appartement Nr. 3 und 4 (1. Stock): gro\u00dfes Wohnzimmer mit Kamin, K\u00fcche, 3 Schlafzimmer mit 10 Betten, 2 B\u00e4der. Die beiden Appartements sind [&hellip;]","og_url":"https:\/\/staging.valicodeipellegrini.it\/de\/die-landhaeuser\/posto-del-sole\/","og_site_name":"Agriturismo Valico dei Pellegrini","article_modified_time":"2016-03-31T22:41:42+00:00","og_image":[{"width":900,"height":599,"url":"https:\/\/staging.valicodeipellegrini.it\/wp-content\/uploads\/2015\/11\/agriturismo-posto-del-sole-piscina.jpg","type":"image\/jpeg"}],"twitter_card":"summary_large_image","twitter_misc":{"Gesch\u00e4tzte Lesezeit":"2\u00a0Minuten"},"schema":{"@context":"https:\/\/schema.org","@graph":[{"@type":"WebPage","@id":"https:\/\/staging.valicodeipellegrini.it\/de\/die-landhaeuser\/posto-del-sole\/","url":"https:\/\/staging.valicodeipellegrini.it\/de\/die-landhaeuser\/posto-del-sole\/","name":"Posto del Sole - Agriturismo Valico dei Pellegrini","isPartOf":{"@id":"https:\/\/staging.valicodeipellegrini.it\/#website"},"primaryImageOfPage":{"@id":"https:\/\/staging.valicodeipellegrini.it\/de\/die-landhaeuser\/posto-del-sole\/#primaryimage"},"image":{"@id":"https:\/\/staging.valicodeipellegrini.it\/de\/die-landhaeuser\/posto-del-sole\/#primaryimage"},"thumbnailUrl":"https:\/\/staging.valicodeipellegrini.it\/wp-content\/uploads\/2015\/11\/agriturismo-posto-del-sole-piscina-300x200.jpg","datePublished":"2016-03-31T13:30:10+00:00","dateModified":"2016-03-31T22:41:42+00:00","breadcrumb":{"@id":"https:\/\/staging.valicodeipellegrini.it\/de\/die-landhaeuser\/posto-del-sole\/#breadcrumb"},"inLanguage":"de","potentialAction":[{"@type":"ReadAction","target":["https:\/\/staging.valicodeipellegrini.it\/de\/die-landhaeuser\/posto-del-sole\/"]}]},{"@type":"ImageObject","inLanguage":"de","@id":"https:\/\/staging.valicodeipellegrini.it\/de\/die-landhaeuser\/posto-del-sole\/#primaryimage","url":"https:\/\/staging.valicodeipellegrini.it\/wp-content\/uploads\/2015\/11\/agriturismo-posto-del-sole-piscina-300x200.jpg","contentUrl":"https:\/\/staging.valicodeipellegrini.it\/wp-content\/uploads\/2015\/11\/agriturismo-posto-del-sole-piscina-300x200.jpg"},{"@type":"BreadcrumbList","@id":"https:\/\/staging.valicodeipellegrini.it\/de\/die-landhaeuser\/posto-del-sole\/#breadcrumb","itemListElement":[{"@type":"ListItem","position":1,"name":"Home","item":"https:\/\/staging.valicodeipellegrini.it\/de\/"},{"@type":"ListItem","position":2,"name":"Die Landh\u00e4user","item":"https:\/\/staging.valicodeipellegrini.it\/de\/die-landhaeuser\/"},{"@type":"ListItem","position":3,"name":"Posto del Sole"}]},{"@type":"WebSite","@id":"https:\/\/staging.valicodeipellegrini.it\/#website","url":"https:\/\/staging.valicodeipellegrini.it\/","name":"Agriturismo Valico dei Pellegrini","description":"Natura e relax in Umbria","potentialAction":[{"@type":"SearchAction","target":{"@type":"EntryPoint","urlTemplate":"https:\/\/staging.valicodeipellegrini.it\/?s={search_term_string}"},"query-input":{"@type":"PropertyValueSpecification","valueRequired":true,"valueName":"search_term_string"}}],"inLanguage":"de"}]}},"_links":{"self":[{"href":"https:\/\/staging.valicodeipellegrini.it\/de\/wp-json\/wp\/v2\/pages\/6674","targetHints":{"allow":["GET"]}}],"collection":[{"href":"https:\/\/staging.valicodeipellegrini.it\/de\/wp-json\/wp\/v2\/pages"}],"about":[{"href":"https:\/\/staging.valicodeipellegrini.it\/de\/wp-json\/wp\/v2\/types\/page"}],"author":[{"embeddable":true,"href":"https:\/\/staging.valicodeipellegrini.it\/de\/wp-json\/wp\/v2\/users\/1"}],"replies":[{"embeddable":true,"href":"https:\/\/staging.valicodeipellegrini.it\/de\/wp-json\/wp\/v2\/comments?post=6674"}],"version-history":[{"count":5,"href":"https:\/\/staging.valicodeipellegrini.it\/de\/wp-json\/wp\/v2\/pages\/6674\/revisions"}],"predecessor-version":[{"id":7038,"href":"https:\/\/staging.valicodeipellegrini.it\/de\/wp-json\/wp\/v2\/pages\/6674\/revisions\/7038"}],"up":[{"embeddable":true,"href":"https:\/\/staging.valicodeipellegrini.it\/de\/wp-json\/wp\/v2\/pages\/6666"}],"wp:attachment":[{"href":"https:\/\/staging.valicodeipellegrini.it\/de\/wp-json\/wp\/v2\/media?parent=6674"}],"curies":[{"name":"wp","href":"https:\/\/api.w.org\/{rel}","templated":true}]}}