{"id":6684,"date":"2016-03-31T13:39:15","date_gmt":"2016-03-31T13:39:15","guid":{"rendered":"https:\/\/staging.valicodeipellegrini.it\/de\/?page_id=6684"},"modified":"2016-04-07T11:12:12","modified_gmt":"2016-04-07T11:12:12","slug":"das-agrirestaurant","status":"publish","type":"page","link":"https:\/\/staging.valicodeipellegrini.it\/de\/das-agrirestaurant\/","title":{"rendered":"Das Agrirestaurant"},"content":{"rendered":"<h1 style=\"text-align: center;\">Das Agrirestaurant<\/h1>\n<div class=\"pullquote-center\">\n<p>Im Untergeschoss der herrlichen Villa Mariana gelegen, bietet das Agrirestaurant die M\u00f6glichkeit, die vorz\u00fcglichen landestypischen Produkte und die Gerichte der umbrischen Landk\u00fcche zu genie\u00dfen. Alle verwendeten Produkte stammen aus eigener Produktion, oder der Produktion \u00f6rtlicher Bauern.<\/p>\n<p><\/div>\n<p>&nbsp;<\/p>\n<p style=\"text-align: center;\">Kontaktieren Sie das Restaurant<\/p>\n<p>&nbsp;<\/p>\n<p style=\"text-align: center;\">Tel: +39 348 2520650 (Paolo) \/ +39 340 3453992 (Daniele) &#8211; Email: agrirestaurant@valicodeipellegrini.it<\/p>\n<p><script>\/\/ <![CDATA[\n(function(d, s, id) { var js, fjs = d.getElementsByTagName(s)[0]; if (d.getElementById(id)) return; js = d.createElement(s); js.id = id; js.src = \"\/\/connect.facebook.net\/it_IT\/all.js#xfbml=1&#038;appId=597539920281141\"; fjs.parentNode.insertBefore(js, fjs); }(document, 'script', 'facebook-jssdk'));\n\/\/ ]]><\/script><\/p>\n<div class=\"fb-like-box\" data-href=\"https:\/\/www.facebook.com\/pages\/2C-Group\/125330864288436?fref=ts\" data-colorscheme=\"light\" data-show-faces=\"false\" data-header=\"true\" data-stream=\"false\" data-show-border=\"true\"><\/div>\n","protected":false},"excerpt":{"rendered":"<p>Das Agrirestaurant &nbsp; Kontaktieren Sie das Restaurant &nbsp; Tel: +39 348 2520650 (Paolo) \/ +39 340 3453992 (Daniele) &#8211; Email: agrirestaurant@valicodeipellegrini.it<\/p>\n","protected":false},"author":1,"featured_media":0,"parent":0,"menu_order":0,"comment_status":"closed","ping_status":"closed","template":"","meta":{"footnotes":""},"class_list":["post-6684","page","type-page","status-publish","hentry"],"yoast_head":"<!-- This site is optimized with the Yoast SEO plugin v26.9 - https:\/\/yoast.com\/product\/yoast-seo-wordpress\/ -->\n<title>Das Agrirestaurant - Agriturismo Valico dei Pellegrini<\/title>\n<meta name=\"robots\" content=\"index, follow, max-snippet:-1, max-image-preview:large, max-video-preview:-1\" \/>\n<link rel=\"canonical\" href=\"https:\/\/staging.valicodeipellegrini.it\/de\/das-agrirestaurant\/\" \/>\n<meta property=\"og:locale\" content=\"de_DE\" \/>\n<meta property=\"og:type\" content=\"article\" \/>\n<meta property=\"og:title\" content=\"Das Agrirestaurant - Agriturismo Valico dei Pellegrini\" \/>\n<meta property=\"og:description\" content=\"Das Agrirestaurant &nbsp; Kontaktieren Sie das Restaurant &nbsp; Tel: +39 348 2520650 (Paolo) \/ +39 340 3453992 (Daniele) &#8211; Email: agrirestaurant@valicodeipellegrini.it\" \/>\n<meta property=\"og:url\" content=\"https:\/\/staging.valicodeipellegrini.it\/de\/das-agrirestaurant\/\" \/>\n<meta property=\"og:site_name\" content=\"Agriturismo Valico dei Pellegrini\" \/>\n<meta property=\"article:modified_time\" content=\"2016-04-07T11:12:12+00:00\" \/>\n<meta name=\"twitter:card\" content=\"summary_large_image\" \/>\n<script type=\"application\/ld+json\" class=\"yoast-schema-graph\">{\"@context\":\"https:\/\/schema.org\",\"@graph\":[{\"@type\":\"WebPage\",\"@id\":\"https:\/\/staging.valicodeipellegrini.it\/de\/das-agrirestaurant\/\",\"url\":\"https:\/\/staging.valicodeipellegrini.it\/de\/das-agrirestaurant\/\",\"name\":\"Das Agrirestaurant - Agriturismo Valico dei Pellegrini\",\"isPartOf\":{\"@id\":\"https:\/\/staging.valicodeipellegrini.it\/#website\"},\"datePublished\":\"2016-03-31T13:39:15+00:00\",\"dateModified\":\"2016-04-07T11:12:12+00:00\",\"breadcrumb\":{\"@id\":\"https:\/\/staging.valicodeipellegrini.it\/de\/das-agrirestaurant\/#breadcrumb\"},\"inLanguage\":\"de\",\"potentialAction\":[{\"@type\":\"ReadAction\",\"target\":[\"https:\/\/staging.valicodeipellegrini.it\/de\/das-agrirestaurant\/\"]}]},{\"@type\":\"BreadcrumbList\",\"@id\":\"https:\/\/staging.valicodeipellegrini.it\/de\/das-agrirestaurant\/#breadcrumb\",\"itemListElement\":[{\"@type\":\"ListItem\",\"position\":1,\"name\":\"Home\",\"item\":\"https:\/\/staging.valicodeipellegrini.it\/de\/\"},{\"@type\":\"ListItem\",\"position\":2,\"name\":\"Das Agrirestaurant\"}]},{\"@type\":\"WebSite\",\"@id\":\"https:\/\/staging.valicodeipellegrini.it\/#website\",\"url\":\"https:\/\/staging.valicodeipellegrini.it\/\",\"name\":\"Agriturismo Valico dei Pellegrini\",\"description\":\"Natura e relax in Umbria\",\"potentialAction\":[{\"@type\":\"SearchAction\",\"target\":{\"@type\":\"EntryPoint\",\"urlTemplate\":\"https:\/\/staging.valicodeipellegrini.it\/?s={search_term_string}\"},\"query-input\":{\"@type\":\"PropertyValueSpecification\",\"valueRequired\":true,\"valueName\":\"search_term_string\"}}],\"inLanguage\":\"de\"}]}<\/script>\n<!-- \/ Yoast SEO plugin. -->","yoast_head_json":{"title":"Das Agrirestaurant - Agriturismo Valico dei Pellegrini","robots":{"index":"index","follow":"follow","max-snippet":"max-snippet:-1","max-image-preview":"max-image-preview:large","max-video-preview":"max-video-preview:-1"},"canonical":"https:\/\/staging.valicodeipellegrini.it\/de\/das-agrirestaurant\/","og_locale":"de_DE","og_type":"article","og_title":"Das Agrirestaurant - Agriturismo Valico dei Pellegrini","og_description":"Das Agrirestaurant &nbsp; Kontaktieren Sie das Restaurant &nbsp; Tel: +39 348 2520650 (Paolo) \/ +39 340 3453992 (Daniele) &#8211; Email: agrirestaurant@valicodeipellegrini.it","og_url":"https:\/\/staging.valicodeipellegrini.it\/de\/das-agrirestaurant\/","og_site_name":"Agriturismo Valico dei Pellegrini","article_modified_time":"2016-04-07T11:12:12+00:00","twitter_card":"summary_large_image","schema":{"@context":"https:\/\/schema.org","@graph":[{"@type":"WebPage","@id":"https:\/\/staging.valicodeipellegrini.it\/de\/das-agrirestaurant\/","url":"https:\/\/staging.valicodeipellegrini.it\/de\/das-agrirestaurant\/","name":"Das Agrirestaurant - Agriturismo Valico dei Pellegrini","isPartOf":{"@id":"https:\/\/staging.valicodeipellegrini.it\/#website"},"datePublished":"2016-03-31T13:39:15+00:00","dateModified":"2016-04-07T11:12:12+00:00","breadcrumb":{"@id":"https:\/\/staging.valicodeipellegrini.it\/de\/das-agrirestaurant\/#breadcrumb"},"inLanguage":"de","potentialAction":[{"@type":"ReadAction","target":["https:\/\/staging.valicodeipellegrini.it\/de\/das-agrirestaurant\/"]}]},{"@type":"BreadcrumbList","@id":"https:\/\/staging.valicodeipellegrini.it\/de\/das-agrirestaurant\/#breadcrumb","itemListElement":[{"@type":"ListItem","position":1,"name":"Home","item":"https:\/\/staging.valicodeipellegrini.it\/de\/"},{"@type":"ListItem","position":2,"name":"Das Agrirestaurant"}]},{"@type":"WebSite","@id":"https:\/\/staging.valicodeipellegrini.it\/#website","url":"https:\/\/staging.valicodeipellegrini.it\/","name":"Agriturismo Valico dei Pellegrini","description":"Natura e relax in Umbria","potentialAction":[{"@type":"SearchAction","target":{"@type":"EntryPoint","urlTemplate":"https:\/\/staging.valicodeipellegrini.it\/?s={search_term_string}"},"query-input":{"@type":"PropertyValueSpecification","valueRequired":true,"valueName":"search_term_string"}}],"inLanguage":"de"}]}},"_links":{"self":[{"href":"https:\/\/staging.valicodeipellegrini.it\/de\/wp-json\/wp\/v2\/pages\/6684","targetHints":{"allow":["GET"]}}],"collection":[{"href":"https:\/\/staging.valicodeipellegrini.it\/de\/wp-json\/wp\/v2\/pages"}],"about":[{"href":"https:\/\/staging.valicodeipellegrini.it\/de\/wp-json\/wp\/v2\/types\/page"}],"author":[{"embeddable":true,"href":"https:\/\/staging.valicodeipellegrini.it\/de\/wp-json\/wp\/v2\/users\/1"}],"replies":[{"embeddable":true,"href":"https:\/\/staging.valicodeipellegrini.it\/de\/wp-json\/wp\/v2\/comments?post=6684"}],"version-history":[{"count":3,"href":"https:\/\/staging.valicodeipellegrini.it\/de\/wp-json\/wp\/v2\/pages\/6684\/revisions"}],"predecessor-version":[{"id":7092,"href":"https:\/\/staging.valicodeipellegrini.it\/de\/wp-json\/wp\/v2\/pages\/6684\/revisions\/7092"}],"wp:attachment":[{"href":"https:\/\/staging.valicodeipellegrini.it\/de\/wp-json\/wp\/v2\/media?parent=6684"}],"curies":[{"name":"wp","href":"https:\/\/api.w.org\/{rel}","templated":true}]}}