{"id":6613,"date":"2016-03-31T10:59:05","date_gmt":"2016-03-31T10:59:05","guid":{"rendered":"https:\/\/staging.valicodeipellegrini.it\/es\/?page_id=6613"},"modified":"2016-03-31T14:48:18","modified_gmt":"2016-03-31T14:48:18","slug":"home","status":"publish","type":"page","link":"https:\/\/staging.valicodeipellegrini.it\/es\/","title":{"rendered":"Home"},"content":{"rendered":"<div class=\"fullpage-block fullpage-block-6613-1\"  style=\"background-color: ; background-image: url(); padding-top:px; padding-bottom:px; background-attachment:fixed; background-position:50% 50%; background-repeat: repeat;\"><div class=\"fullpage-item \">\n<div class=\"clearfix divider-common divider-blank\" style=\"padding-top:30px;padding-bottom:30px;\"><\/div>\n<h2 style=\"text-align: center;\">LAS CASAS DE CAMPO<\/h2>\n<h6 style=\"text-align: center;\">EL AGROTURISMO SE COMPONE DE TRES ESPL\u00c9NDIDOS CASER\u00cdOS INMERSOS EN PLENA NATURALEZA DE LA REGI\u00d3N DE LA UMBR\u00cdA, CERCA DE SPOLETO<br \/>\n<div class=\"clearfix divider-common divider-blank\" style=\"padding-top:30px;padding-bottom:30px;\"><\/div><\/h6>\n<div class=\"service-column service-column-3 service-boxes-icon-with-title alignicon-top alignicon-top-horizontal serviceboxes-horizontal clearfix\">\n<div class=\"service-item service-item-space\"><div class=\"service-content\"><h4><a href=\"\/es\/las-casas-de-campo\/villa-marianna\/\" >Villa Marianna<\/a><\/h4><div class=\"service-details\">\n<div class=\"lightbox-shortcode lightbox-shortcode-center\" style=\"margin:0 auto; text-align:center;\"><a rel=\"prettyPhoto[group]\" title=\"\" href=\"https:\/\/staging.valicodeipellegrini.it\/wp-content\/uploads\/2014\/05\/villamarianna1.jpg\"><span class=\"shortcode-lightbox-indicate\"><i class=\"icon-plus\"><\/i><\/span><img decoding=\"async\" src=\"https:\/\/staging.valicodeipellegrini.it\/wp-content\/uploads\/2014\/05\/villamarianna1.jpg\" class=\"is-lightbox \" alt=\"thumbnail\" \/><\/a><\/div>\n<p>25 camas divididas en 5 apartamentos<br \/>\n<\/div><\/div><\/div>\n<div class=\"service-item service-item-space\"><div class=\"service-content\"><h4><a href=\"\/es\/las-casas-de-campo\/vista-del-mondo\/\" >Vista del Mondo<\/a><\/h4><div class=\"service-details\">\n<div class=\"lightbox-shortcode lightbox-shortcode-center\" style=\"margin:0 auto; text-align:center;\"><a rel=\"prettyPhoto[group]\" title=\"\" href=\"https:\/\/staging.valicodeipellegrini.it\/wp-content\/uploads\/2015\/11\/vistadelmondo.jpg\"><span class=\"shortcode-lightbox-indicate\"><i class=\"icon-plus\"><\/i><\/span><img decoding=\"async\" src=\"https:\/\/staging.valicodeipellegrini.it\/wp-content\/uploads\/2015\/11\/vistadelmondo.jpg\" class=\"is-lightbox \" alt=\"thumbnail\" \/><\/a><\/div>\n13 camas divididas en 2 apartamentos de dos pisos cada uno<br \/>\n<\/div><\/div><\/div>\n<div class=\"service-item clearfix\"><div class=\"service-content\"><h4><a href=\"\/es\/las-casas-de-campo\/posto-del-sole\/\" >Posto del Sole<\/a><\/h4><div class=\"service-details\">\n<div class=\"lightbox-shortcode lightbox-shortcode-center\" style=\"margin:0 auto; text-align:center;\"><a rel=\"prettyPhoto[group]\" title=\"\" href=\"https:\/\/staging.valicodeipellegrini.it\/wp-content\/uploads\/2015\/11\/agriturismo-posto-del-sole-piscina.jpg\"><span class=\"shortcode-lightbox-indicate\"><i class=\"icon-plus\"><\/i><\/span><img decoding=\"async\" src=\"https:\/\/staging.valicodeipellegrini.it\/wp-content\/uploads\/2015\/12\/agriturismo-posto-del-sole-piscina-th.jpg\" class=\"is-lightbox \" alt=\"thumbnail\" \/><\/a><\/div>\n17 camas divididas en 4 apartamentos<br \/>\n<\/div><\/div><\/div>\n<\/div>\n<div class=\"column1\"><h6 style=\"text-align: center;\"><strong>TODOS LOS APARTAMENTOS QUE COMPONEN LOS CASER\u00cdOS DISPONEN DE: <\/strong><\/h6>\n<ul style=\"text-align: left;\">\n<li style=\"text-align: center;\">ba\u00f1o preparado para personas con necesidades especiales (planta baja)<\/li>\n<li style=\"text-align: center;\">lavadora y lavavajillas<\/li>\n<li style=\"text-align: center;\">conexi\u00f3n Internet v\u00eda wifi<\/li>\n<li style=\"text-align: center;\">posibilidad de acoger a animales dom\u00e9sticos<\/li>\n<\/ul>\n<h6 style=\"text-align: center;\"><strong>Nuestra cocina campesina se elabora con:<\/strong><\/h6>\n<ul style=\"text-align: left;\">\n<li style=\"text-align: center;\">los huevos de nuestras gallinas o de nuestros campesinos<\/li>\n<li style=\"text-align: center;\">la pasta, con nuestros huevos o con los de nuestros campesinos<\/li>\n<li style=\"text-align: center;\">el aceite, con las aceitunas de nuestros olivos<\/li>\n<li style=\"text-align: center;\">la carne de nuestros animales o de los pertenecientes a nuestros campesinos<\/li>\n<li style=\"text-align: center;\">las hortalizas de nuestro huerto o de los huertos de nuestros campesinos<\/li>\n<\/ul>\n<p>&nbsp;<\/p><\/div>\n<p><\/div><\/div>\n<div class=\"fullpage-block fullpage-block-6613-2\"  style=\"background-color: ; background-image: url(); padding-top:px; padding-bottom:px; background-attachment:fixed; background-position:50% 50%; background-repeat: repeat;\"><div class=\"fullpage-item \">\n<div class=\"clearfix divider-common divider-blank\" style=\"padding-top:30px;padding-bottom:30px;\"><\/div>\n<div class=\"column2 column_space\"><div class=\"shortcode-time-counter-block\"><i style=\"color:#83D5C0 !important;\" class=\"time-count-icon icon-moon\"><\/i><div class=\"time-count-data\" id=\"time-count-data-6613-14c\" data-start=\"40\" data-end=\"55\"><\/div><div class=\"time-count-title\"><h4>N\u00famero total de camas<\/h4><\/div>\n<\/div>\n<script>\njQuery(document).ready(function($){\n\t$('#time-count-data-6613-14c').waypoint(function() {\n    $('#time-count-data-6613-14c').countTo({\n        from: 40,\n        to: 55,\n        speed: 5000,\n        decimals: 0,\n        refreshInterval: 50,\n        onComplete: function(value) {\n        }\n    });\n\t}, { offset: 'bottom-in-view',triggerOnce: true });\n});\n<\/script><\/div>\n<div class=\"column2 clearfix\"><div class=\"shortcode-time-counter-block\"><i style=\"color:#3CBC6D !important;\" class=\"time-count-icon icon-leaf\"><\/i><div class=\"time-count-data\" id=\"time-count-data-6613-c01a\" data-start=\"135\" data-end=\"150\"><\/div><div class=\"time-count-title\"><h4>hect\u00e1reas de espacio verde<\/h4><\/div>\n<\/div>\n<script>\njQuery(document).ready(function($){\n\t$('#time-count-data-6613-c01a').waypoint(function() {\n    $('#time-count-data-6613-c01a').countTo({\n        from: 135,\n        to: 150,\n        speed: 5000,\n        decimals: 0,\n        refreshInterval: 50,\n        onComplete: function(value) {\n        }\n    });\n\t}, { offset: 'bottom-in-view',triggerOnce: true });\n});\n<\/script><\/div><div class=\"clear\"><\/div>\n<\/div><\/div>\n<p>&nbsp;<\/p>\n<p>&nbsp;<\/p>\n","protected":false},"excerpt":{"rendered":"<p>&nbsp; &nbsp;<\/p>\n","protected":false},"author":1,"featured_media":0,"parent":0,"menu_order":0,"comment_status":"closed","ping_status":"closed","template":"template-fullpage.php","meta":{"footnotes":""},"class_list":["post-6613","page","type-page","status-publish","hentry"],"yoast_head":"<!-- This site is optimized with the Yoast SEO plugin v26.9 - https:\/\/yoast.com\/product\/yoast-seo-wordpress\/ -->\n<title>Home - Agriturismo Valico dei Pellegrini<\/title>\n<meta name=\"robots\" content=\"index, follow, max-snippet:-1, max-image-preview:large, max-video-preview:-1\" \/>\n<link rel=\"canonical\" href=\"https:\/\/staging.valicodeipellegrini.it\/es\/\" \/>\n<meta property=\"og:locale\" content=\"es_ES\" \/>\n<meta property=\"og:type\" content=\"article\" \/>\n<meta property=\"og:title\" content=\"Home - Agriturismo Valico dei Pellegrini\" \/>\n<meta property=\"og:description\" content=\"&nbsp; &nbsp;\" \/>\n<meta property=\"og:url\" content=\"https:\/\/staging.valicodeipellegrini.it\/es\/\" \/>\n<meta property=\"og:site_name\" content=\"Agriturismo Valico dei Pellegrini\" \/>\n<meta property=\"article:modified_time\" content=\"2016-03-31T14:48:18+00:00\" \/>\n<meta name=\"twitter:card\" content=\"summary_large_image\" \/>\n<meta name=\"twitter:label1\" content=\"Tiempo de lectura\" \/>\n\t<meta name=\"twitter:data1\" content=\"2 minutos\" \/>\n<script type=\"application\/ld+json\" class=\"yoast-schema-graph\">{\"@context\":\"https:\/\/schema.org\",\"@graph\":[{\"@type\":\"WebPage\",\"@id\":\"https:\/\/staging.valicodeipellegrini.it\/es\/\",\"url\":\"https:\/\/staging.valicodeipellegrini.it\/es\/\",\"name\":\"Home - Agriturismo Valico dei Pellegrini\",\"isPartOf\":{\"@id\":\"https:\/\/staging.valicodeipellegrini.it\/#website\"},\"datePublished\":\"2016-03-31T10:59:05+00:00\",\"dateModified\":\"2016-03-31T14:48:18+00:00\",\"breadcrumb\":{\"@id\":\"https:\/\/staging.valicodeipellegrini.it\/es\/#breadcrumb\"},\"inLanguage\":\"es\",\"potentialAction\":[{\"@type\":\"ReadAction\",\"target\":[\"https:\/\/staging.valicodeipellegrini.it\/es\/\"]}]},{\"@type\":\"BreadcrumbList\",\"@id\":\"https:\/\/staging.valicodeipellegrini.it\/es\/#breadcrumb\",\"itemListElement\":[{\"@type\":\"ListItem\",\"position\":1,\"name\":\"Home\",\"item\":\"https:\/\/staging.valicodeipellegrini.it\/es\/\"},{\"@type\":\"ListItem\",\"position\":2,\"name\":\"Home\"}]},{\"@type\":\"WebSite\",\"@id\":\"https:\/\/staging.valicodeipellegrini.it\/#website\",\"url\":\"https:\/\/staging.valicodeipellegrini.it\/\",\"name\":\"Agriturismo Valico dei Pellegrini\",\"description\":\"Natura e relax in Umbria\",\"potentialAction\":[{\"@type\":\"SearchAction\",\"target\":{\"@type\":\"EntryPoint\",\"urlTemplate\":\"https:\/\/staging.valicodeipellegrini.it\/?s={search_term_string}\"},\"query-input\":{\"@type\":\"PropertyValueSpecification\",\"valueRequired\":true,\"valueName\":\"search_term_string\"}}],\"inLanguage\":\"es\"}]}<\/script>\n<!-- \/ Yoast SEO plugin. -->","yoast_head_json":{"title":"Home - Agriturismo Valico dei Pellegrini","robots":{"index":"index","follow":"follow","max-snippet":"max-snippet:-1","max-image-preview":"max-image-preview:large","max-video-preview":"max-video-preview:-1"},"canonical":"https:\/\/staging.valicodeipellegrini.it\/es\/","og_locale":"es_ES","og_type":"article","og_title":"Home - Agriturismo Valico dei Pellegrini","og_description":"&nbsp; &nbsp;","og_url":"https:\/\/staging.valicodeipellegrini.it\/es\/","og_site_name":"Agriturismo Valico dei Pellegrini","article_modified_time":"2016-03-31T14:48:18+00:00","twitter_card":"summary_large_image","twitter_misc":{"Tiempo de lectura":"2 minutos"},"schema":{"@context":"https:\/\/schema.org","@graph":[{"@type":"WebPage","@id":"https:\/\/staging.valicodeipellegrini.it\/es\/","url":"https:\/\/staging.valicodeipellegrini.it\/es\/","name":"Home - Agriturismo Valico dei Pellegrini","isPartOf":{"@id":"https:\/\/staging.valicodeipellegrini.it\/#website"},"datePublished":"2016-03-31T10:59:05+00:00","dateModified":"2016-03-31T14:48:18+00:00","breadcrumb":{"@id":"https:\/\/staging.valicodeipellegrini.it\/es\/#breadcrumb"},"inLanguage":"es","potentialAction":[{"@type":"ReadAction","target":["https:\/\/staging.valicodeipellegrini.it\/es\/"]}]},{"@type":"BreadcrumbList","@id":"https:\/\/staging.valicodeipellegrini.it\/es\/#breadcrumb","itemListElement":[{"@type":"ListItem","position":1,"name":"Home","item":"https:\/\/staging.valicodeipellegrini.it\/es\/"},{"@type":"ListItem","position":2,"name":"Home"}]},{"@type":"WebSite","@id":"https:\/\/staging.valicodeipellegrini.it\/#website","url":"https:\/\/staging.valicodeipellegrini.it\/","name":"Agriturismo Valico dei Pellegrini","description":"Natura e relax in Umbria","potentialAction":[{"@type":"SearchAction","target":{"@type":"EntryPoint","urlTemplate":"https:\/\/staging.valicodeipellegrini.it\/?s={search_term_string}"},"query-input":{"@type":"PropertyValueSpecification","valueRequired":true,"valueName":"search_term_string"}}],"inLanguage":"es"}]}},"_links":{"self":[{"href":"https:\/\/staging.valicodeipellegrini.it\/es\/wp-json\/wp\/v2\/pages\/6613","targetHints":{"allow":["GET"]}}],"collection":[{"href":"https:\/\/staging.valicodeipellegrini.it\/es\/wp-json\/wp\/v2\/pages"}],"about":[{"href":"https:\/\/staging.valicodeipellegrini.it\/es\/wp-json\/wp\/v2\/types\/page"}],"author":[{"embeddable":true,"href":"https:\/\/staging.valicodeipellegrini.it\/es\/wp-json\/wp\/v2\/users\/1"}],"replies":[{"embeddable":true,"href":"https:\/\/staging.valicodeipellegrini.it\/es\/wp-json\/wp\/v2\/comments?post=6613"}],"version-history":[{"count":4,"href":"https:\/\/staging.valicodeipellegrini.it\/es\/wp-json\/wp\/v2\/pages\/6613\/revisions"}],"predecessor-version":[{"id":6842,"href":"https:\/\/staging.valicodeipellegrini.it\/es\/wp-json\/wp\/v2\/pages\/6613\/revisions\/6842"}],"wp:attachment":[{"href":"https:\/\/staging.valicodeipellegrini.it\/es\/wp-json\/wp\/v2\/media?parent=6613"}],"curies":[{"name":"wp","href":"https:\/\/api.w.org\/{rel}","templated":true}]}}