{"id":6651,"date":"2016-03-31T13:07:00","date_gmt":"2016-03-31T13:07:00","guid":{"rendered":"https:\/\/staging.valicodeipellegrini.it\/es\/?page_id=6651"},"modified":"2016-04-07T11:09:35","modified_gmt":"2016-04-07T11:09:35","slug":"el-restaurante-rural","status":"publish","type":"page","link":"https:\/\/staging.valicodeipellegrini.it\/es\/el-restaurante-rural\/","title":{"rendered":"El restaurante rural"},"content":{"rendered":"<h1 style=\"text-align: center;\">El restaurante rural<\/h1>\n<div class=\"pullquote-center\">\n<p>Situado en el s\u00f3tano de la espl\u00e9ndida Villa Marianna, el restaurante rural ofrece la posibilidad de degustar los excelentes productos t\u00edpicos y platos de la cocina campesina de la regi\u00f3n de la Umbr\u00eda. Todos los productos utilizados son de nuestra producci\u00f3n o de los campesinos locales.<\/p>\n<p><\/div>\n<p>&nbsp;<\/p>\n<p style=\"text-align: center;\">Ponerse en contacto con el restaurante:<\/p>\n<p>&nbsp;<\/p>\n<p style=\"text-align: center;\">Tel: +39 348 2520650 (Paolo) \/ +39 340 3453992 (Daniele) &#8211; Email: agrirestaurant@valicodeipellegrini.it<\/p>\n<p><script>\/\/ <![CDATA[\n(function(d, s, id) { var js, fjs = d.getElementsByTagName(s)[0]; if (d.getElementById(id)) return; js = d.createElement(s); js.id = id; js.src = \"\/\/connect.facebook.net\/it_IT\/all.js#xfbml=1&#038;appId=597539920281141\"; fjs.parentNode.insertBefore(js, fjs); }(document, 'script', 'facebook-jssdk'));\n\/\/ ]]><\/script><\/p>\n<div class=\"fb-like-box\" data-href=\"https:\/\/www.facebook.com\/pages\/2C-Group\/125330864288436?fref=ts\" data-colorscheme=\"light\" data-show-faces=\"false\" data-header=\"true\" data-stream=\"false\" data-show-border=\"true\"><\/div>\n","protected":false},"excerpt":{"rendered":"<p>El restaurante rural &nbsp; Ponerse en contacto con el restaurante: &nbsp; Tel: +39 348 2520650 (Paolo) \/ +39 340 3453992 (Daniele) &#8211; Email: agrirestaurant@valicodeipellegrini.it<\/p>\n","protected":false},"author":1,"featured_media":0,"parent":0,"menu_order":0,"comment_status":"closed","ping_status":"closed","template":"","meta":{"footnotes":""},"class_list":["post-6651","page","type-page","status-publish","hentry"],"yoast_head":"<!-- This site is optimized with the Yoast SEO plugin v26.9 - https:\/\/yoast.com\/product\/yoast-seo-wordpress\/ -->\n<title>El restaurante rural - Agriturismo Valico dei Pellegrini<\/title>\n<meta name=\"robots\" content=\"index, follow, max-snippet:-1, max-image-preview:large, max-video-preview:-1\" \/>\n<link rel=\"canonical\" href=\"https:\/\/staging.valicodeipellegrini.it\/es\/el-restaurante-rural\/\" \/>\n<meta property=\"og:locale\" content=\"es_ES\" \/>\n<meta property=\"og:type\" content=\"article\" \/>\n<meta property=\"og:title\" content=\"El restaurante rural - Agriturismo Valico dei Pellegrini\" \/>\n<meta property=\"og:description\" content=\"El restaurante rural &nbsp; Ponerse en contacto con el restaurante: &nbsp; Tel: +39 348 2520650 (Paolo) \/ +39 340 3453992 (Daniele) &#8211; Email: agrirestaurant@valicodeipellegrini.it\" \/>\n<meta property=\"og:url\" content=\"https:\/\/staging.valicodeipellegrini.it\/es\/el-restaurante-rural\/\" \/>\n<meta property=\"og:site_name\" content=\"Agriturismo Valico dei Pellegrini\" \/>\n<meta property=\"article:modified_time\" content=\"2016-04-07T11:09:35+00:00\" \/>\n<meta name=\"twitter:card\" content=\"summary_large_image\" \/>\n<script type=\"application\/ld+json\" class=\"yoast-schema-graph\">{\"@context\":\"https:\/\/schema.org\",\"@graph\":[{\"@type\":\"WebPage\",\"@id\":\"https:\/\/staging.valicodeipellegrini.it\/es\/el-restaurante-rural\/\",\"url\":\"https:\/\/staging.valicodeipellegrini.it\/es\/el-restaurante-rural\/\",\"name\":\"El restaurante rural - Agriturismo Valico dei Pellegrini\",\"isPartOf\":{\"@id\":\"https:\/\/staging.valicodeipellegrini.it\/#website\"},\"datePublished\":\"2016-03-31T13:07:00+00:00\",\"dateModified\":\"2016-04-07T11:09:35+00:00\",\"breadcrumb\":{\"@id\":\"https:\/\/staging.valicodeipellegrini.it\/es\/el-restaurante-rural\/#breadcrumb\"},\"inLanguage\":\"es\",\"potentialAction\":[{\"@type\":\"ReadAction\",\"target\":[\"https:\/\/staging.valicodeipellegrini.it\/es\/el-restaurante-rural\/\"]}]},{\"@type\":\"BreadcrumbList\",\"@id\":\"https:\/\/staging.valicodeipellegrini.it\/es\/el-restaurante-rural\/#breadcrumb\",\"itemListElement\":[{\"@type\":\"ListItem\",\"position\":1,\"name\":\"Home\",\"item\":\"https:\/\/staging.valicodeipellegrini.it\/es\/\"},{\"@type\":\"ListItem\",\"position\":2,\"name\":\"El restaurante rural\"}]},{\"@type\":\"WebSite\",\"@id\":\"https:\/\/staging.valicodeipellegrini.it\/#website\",\"url\":\"https:\/\/staging.valicodeipellegrini.it\/\",\"name\":\"Agriturismo Valico dei Pellegrini\",\"description\":\"Natura e relax in Umbria\",\"potentialAction\":[{\"@type\":\"SearchAction\",\"target\":{\"@type\":\"EntryPoint\",\"urlTemplate\":\"https:\/\/staging.valicodeipellegrini.it\/?s={search_term_string}\"},\"query-input\":{\"@type\":\"PropertyValueSpecification\",\"valueRequired\":true,\"valueName\":\"search_term_string\"}}],\"inLanguage\":\"es\"}]}<\/script>\n<!-- \/ Yoast SEO plugin. -->","yoast_head_json":{"title":"El restaurante rural - Agriturismo Valico dei Pellegrini","robots":{"index":"index","follow":"follow","max-snippet":"max-snippet:-1","max-image-preview":"max-image-preview:large","max-video-preview":"max-video-preview:-1"},"canonical":"https:\/\/staging.valicodeipellegrini.it\/es\/el-restaurante-rural\/","og_locale":"es_ES","og_type":"article","og_title":"El restaurante rural - Agriturismo Valico dei Pellegrini","og_description":"El restaurante rural &nbsp; Ponerse en contacto con el restaurante: &nbsp; Tel: +39 348 2520650 (Paolo) \/ +39 340 3453992 (Daniele) &#8211; Email: agrirestaurant@valicodeipellegrini.it","og_url":"https:\/\/staging.valicodeipellegrini.it\/es\/el-restaurante-rural\/","og_site_name":"Agriturismo Valico dei Pellegrini","article_modified_time":"2016-04-07T11:09:35+00:00","twitter_card":"summary_large_image","schema":{"@context":"https:\/\/schema.org","@graph":[{"@type":"WebPage","@id":"https:\/\/staging.valicodeipellegrini.it\/es\/el-restaurante-rural\/","url":"https:\/\/staging.valicodeipellegrini.it\/es\/el-restaurante-rural\/","name":"El restaurante rural - Agriturismo Valico dei Pellegrini","isPartOf":{"@id":"https:\/\/staging.valicodeipellegrini.it\/#website"},"datePublished":"2016-03-31T13:07:00+00:00","dateModified":"2016-04-07T11:09:35+00:00","breadcrumb":{"@id":"https:\/\/staging.valicodeipellegrini.it\/es\/el-restaurante-rural\/#breadcrumb"},"inLanguage":"es","potentialAction":[{"@type":"ReadAction","target":["https:\/\/staging.valicodeipellegrini.it\/es\/el-restaurante-rural\/"]}]},{"@type":"BreadcrumbList","@id":"https:\/\/staging.valicodeipellegrini.it\/es\/el-restaurante-rural\/#breadcrumb","itemListElement":[{"@type":"ListItem","position":1,"name":"Home","item":"https:\/\/staging.valicodeipellegrini.it\/es\/"},{"@type":"ListItem","position":2,"name":"El restaurante rural"}]},{"@type":"WebSite","@id":"https:\/\/staging.valicodeipellegrini.it\/#website","url":"https:\/\/staging.valicodeipellegrini.it\/","name":"Agriturismo Valico dei Pellegrini","description":"Natura e relax in Umbria","potentialAction":[{"@type":"SearchAction","target":{"@type":"EntryPoint","urlTemplate":"https:\/\/staging.valicodeipellegrini.it\/?s={search_term_string}"},"query-input":{"@type":"PropertyValueSpecification","valueRequired":true,"valueName":"search_term_string"}}],"inLanguage":"es"}]}},"_links":{"self":[{"href":"https:\/\/staging.valicodeipellegrini.it\/es\/wp-json\/wp\/v2\/pages\/6651","targetHints":{"allow":["GET"]}}],"collection":[{"href":"https:\/\/staging.valicodeipellegrini.it\/es\/wp-json\/wp\/v2\/pages"}],"about":[{"href":"https:\/\/staging.valicodeipellegrini.it\/es\/wp-json\/wp\/v2\/types\/page"}],"author":[{"embeddable":true,"href":"https:\/\/staging.valicodeipellegrini.it\/es\/wp-json\/wp\/v2\/users\/1"}],"replies":[{"embeddable":true,"href":"https:\/\/staging.valicodeipellegrini.it\/es\/wp-json\/wp\/v2\/comments?post=6651"}],"version-history":[{"count":4,"href":"https:\/\/staging.valicodeipellegrini.it\/es\/wp-json\/wp\/v2\/pages\/6651\/revisions"}],"predecessor-version":[{"id":7091,"href":"https:\/\/staging.valicodeipellegrini.it\/es\/wp-json\/wp\/v2\/pages\/6651\/revisions\/7091"}],"wp:attachment":[{"href":"https:\/\/staging.valicodeipellegrini.it\/es\/wp-json\/wp\/v2\/media?parent=6651"}],"curies":[{"name":"wp","href":"https:\/\/api.w.org\/{rel}","templated":true}]}}