{"id":6657,"date":"2016-03-31T13:10:10","date_gmt":"2016-03-31T13:10:10","guid":{"rendered":"https:\/\/staging.valicodeipellegrini.it\/es\/?page_id=6657"},"modified":"2016-04-05T09:36:43","modified_gmt":"2016-04-05T09:36:43","slug":"donde-estamos","status":"publish","type":"page","link":"https:\/\/staging.valicodeipellegrini.it\/es\/donde-estamos\/","title":{"rendered":"D\u00f3nde estamos"},"content":{"rendered":"<div class=\"fullpage-block fullpage-block-6657-1\"  style=\"background-color: ; background-image: url(); padding-top:px; padding-bottom:px; background-attachment:fixed; background-position:50% 50%; background-repeat: repeat;\"><div class=\"fullpage-item \">\n<div class=\"clearfix divider-common divider-blank\" style=\"padding-top:10px;padding-bottom:10px;\"><\/div>\n<h6 style=\"text-align: center;\">UN PUNTO PRIVILEGIADO DE PARTIDA<\/h6>\n<p><\/div><\/div>\n<div class=\"pullquote-center\">\n<p>El agroturismo funciona desde 2008 y se realiz\u00f3 a partir de tres espl\u00e9ndidas casas de campo de piedra literalmente inmersas entre el verde de las monta\u00f1as del barrio de <strong>Spoleto<\/strong> denominado Bazzano Superiore, en Umbr\u00eda. Las estructura agrotur\u00edsticas, justamente por su ubicaci\u00f3n, son ideales para quienes desean pasar unas vacaciones de relax, en contacto con la naturaleza, donde la visi\u00f3n desde cualquier lado ofrece solo el verde de los bosques y alg\u00fan peque\u00f1o terreno agr\u00edcola donde pastan los reba\u00f1os.<\/p>\n<\/div>\n<div class=\"pullquote-center\">\nGracias a su posici\u00f3n, es tambi\u00e9n un \u00f3ptimo punto de partida para organizar visitas a las atractivas ciudades de Umbr\u00eda como Spoleto (15 Km), Foligno (33 Km), Perugia (73 Km), As\u00eds (57 Km), Gubbio (98 Km) o incluso Orvieto (115 Km) y Todi (60 Km).<\/p>\n<\/div>\n<div class=\"pullquote-center\">\nOtros interesantes itinerarios son los de la Valnerina, donde es posible visitar antiguos barrios medievales como Cascia (47 Km), Norcia (35 Km), Vallo di Nera (11 Km), Castel san Felice (7 Km), Scheggino (11 Km) o la famosa Cascata delle Marmore (40 Km).<br \/>\n<\/div>\n<p style=\"text-align: center;\"><div class=\"wpgmp_map_container wpgmp-map-provider-google wpgmp-map-1\" rel=\"map1\" data-plugin-version=\"4.9.1\"><div class=\"wpgmp_map_parent\"><div class=\"wpgmp_map \" style=\"width:100%;height:450px\" id=\"map1\" data-map-id=\"1\"><\/div><\/div><\/div><script>jQuery(document).ready(function($){ window.wpgmp = window.wpgmp || {}; window.wpgmp.mapdata1 = \"eyJhdXRvc29ydCI6dHJ1ZSwibWFwX29wdGlvbnMiOnsiY2VudGVyX2xhdCI6IjQyLjc2MDUyNjYiLCJjZW50ZXJfbG5nIjoiMTIuNzc2NTYyMSIsInpvb20iOjEzLCJtYXBfdHlwZV9pZCI6IlJPQURNQVAiLCJjZW50ZXJfYnlfbmVhcmVzdCI6ZmFsc2UsImZpdF9ib3VuZHMiOmZhbHNlLCJzaG93X2NlbnRlcl9jaXJjbGUiOmZhbHNlLCJzaG93X2NlbnRlcl9tYXJrZXIiOmZhbHNlLCJkcmFnZ2FibGUiOnRydWUsImluZm93aW5kb3dfc2tpbiI6eyJuYW1lIjoiZGVmYXVsdCIsInR5cGUiOiJpbmZvd2luZG93In0sImluZm93aW5kb3dfZHJvcF9hbmltYXRpb24iOmZhbHNlLCJjbG9zZV9pbmZvd2luZG93X29uX21hcF9jbGljayI6ZmFsc2UsImRlZmF1bHRfaW5mb3dpbmRvd19vcGVuIjpmYWxzZSwiaW5mb3dpbmRvd19vcGVuX2V2ZW50IjoiY2xpY2siLCJsaXN0aW5nX2luZm93aW5kb3dfb3Blbl9ldmVudCI6ImNsaWNrIiwiaXNfbW9iaWxlIjpmYWxzZSwiaW5mb3dpbmRvd19maWx0ZXJfb25seSI6ZmFsc2UsImluZm93aW5kb3dfY2xpY2tfY2hhbmdlX2NlbnRlciI6ZmFsc2UsImZ1bGxfc2NyZWVuX2NvbnRyb2wiOnRydWUsImNhbWVyYV9jb250cm9sIjpmYWxzZSwic2VhcmNoX2NvbnRyb2wiOnRydWUsInpvb21fY29udHJvbCI6dHJ1ZSwibWFwX3R5cGVfY29udHJvbCI6dHJ1ZSwic3RyZWV0X3ZpZXdfY29udHJvbCI6dHJ1ZSwibG9jYXRlbWVfY29udHJvbCI6ZmFsc2UsIm1vYmlsZV9zcGVjaWZpYyI6ZmFsc2UsInpvb21fbW9iaWxlIjo1LCJkcmFnZ2FibGVfbW9iaWxlIjp0cnVlLCJzY3JvbGxfd2hlZWxfbW9iaWxlIjp0cnVlLCJ6b29tX2NvbnRyb2xfcG9zaXRpb24iOiJUT1BfTEVGVCIsIm1hcF90eXBlX2NvbnRyb2xfcG9zaXRpb24iOiJUT1BfUklHSFQiLCJtYXBfdHlwZV9jb250cm9sX3N0eWxlIjoiSE9SSVpPTlRBTF9CQVIiLCJzdHJlZXRfdmlld19jb250cm9sX3Bvc2l0aW9uIjoiVE9QX0xFRlQiLCJtYXBfaW5mb3dpbmRvd19jdXN0b21pc2F0aW9ucyI6ZmFsc2UsImluZm93aW5kb3dfd2lkdGgiOiIxMDAlIiwic2hvd19pbmZvd2luZG93X2hlYWRlciI6ZmFsc2UsInpvb21fbGV2ZWxfYWZ0ZXJfc2VhcmNoIjoxMCwiZG91YmxlY2xpY2t6b29tIjpmYWxzZSwiY3VycmVudF9wb3N0X29ubHkiOmZhbHNlLCJhZHZhbmNlX3RlbXBsYXRlIjpmYWxzZSwibWFwX3RpbGVfdXJsIjoiaHR0cHM6XC9cL3tzfS50aWxlLm9wZW5zdHJlZXRtYXAub3JnXC97en1cL3t4fVwve3l9LnBuZyIsIm9wZW5zdHJlZXRfc3R5bGVzIjp7Ik9wZW5TdHJlZXRNYXAuTWFwbmlrIjoiaHR0cHM6XC9cL3tzfS50aWxlLm9wZW5zdHJlZXRtYXAub3JnXC97en1cL3t4fVwve3l9LnBuZyIsIk9wZW5TdHJlZXRNYXAuREUiOiJodHRwczpcL1wve3N9LnRpbGUub3BlbnN0cmVldG1hcC5kZVwvdGlsZXNcL29zbWRlXC97en1cL3t4fVwve3l9LnBuZyIsIk9wZW5TdHJlZXRNYXAuQ0giOiJodHRwczpcL1wvdGlsZS5vc20uY2hcL3N3aXR6ZXJsYW5kXC97en1cL3t4fVwve3l9LnBuZyIsIk9wZW5TdHJlZXRNYXAuRnJhbmNlIjoiaHR0cHM6XC9cL3tzfS50aWxlLm9wZW5zdHJlZXRtYXAuZnJcL29zbWZyXC97en1cL3t4fVwve3l9LnBuZyIsIk9wZW5TdHJlZXRNYXAuSE9UIjoiaHR0cHM6XC9cL3tzfS50aWxlLm9wZW5zdHJlZXRtYXAuZnJcL2hvdFwve3p9XC97eH1cL3t5fS5wbmciLCJPcGVuU3RyZWV0TWFwLkJaSCI6Imh0dHBzOlwvXC90aWxlLm9wZW5zdHJlZXRtYXAuYnpoXC9iclwve3p9XC97eH1cL3t5fS5wbmciLCJPcGVuVG9wb01hcCI6Imh0dHBzOlwvXC97c30udGlsZS5vcGVudG9wb21hcC5vcmdcL3t6fVwve3h9XC97eX0ucG5nIiwiVGh1bmRlcmZvcmVzdC5PcGVuQ3ljbGVNYXAiOiJodHRwczpcL1wvZGV2LntzfS50aWxlLm9wZW5zdHJlZXRtYXAuZnJcL2N5Y2xvc21cL3t6fVwve3h9XC97eX0ucG5nIiwiT3Blbk1hcFN1cmZlci5Sb2FkcyI6Imh0dHBzOlwvXC9tYXBzLmhlaWdpdC5vcmdcL29wZW5tYXBzdXJmZXJcL3RpbGVzXC9yb2Fkc1wvd2VibWVyY2F0b3JcL3t6fVwve3h9XC97eX0ucG5nIn0sIm9wZW5zdHJlZXRfc3R5bGVzX21hcmt1cCI6IjxzZWxlY3QgY2xhc3M9XCJ3cG9tcF9tYXBfdHlwZVwiPjxvcHRpb24gdmFsdWU9XCJPcGVuU3RyZWV0TWFwLk1hcG5pa1wiPk9wZW5TdHJlZXRNYXAuTWFwbmlrPFwvb3B0aW9uPjxvcHRpb24gdmFsdWU9XCJPcGVuU3RyZWV0TWFwLkRFXCI+T3BlblN0cmVldE1hcC5ERTxcL29wdGlvbj48b3B0aW9uIHZhbHVlPVwiT3BlblN0cmVldE1hcC5DSFwiPk9wZW5TdHJlZXRNYXAuQ0g8XC9vcHRpb24+PG9wdGlvbiB2YWx1ZT1cIk9wZW5TdHJlZXRNYXAuRnJhbmNlXCI+T3BlblN0cmVldE1hcC5GcmFuY2U8XC9vcHRpb24+PG9wdGlvbiB2YWx1ZT1cIk9wZW5TdHJlZXRNYXAuSE9UXCI+T3BlblN0cmVldE1hcC5IT1Q8XC9vcHRpb24+PG9wdGlvbiB2YWx1ZT1cIk9wZW5TdHJlZXRNYXAuQlpIXCI+T3BlblN0cmVldE1hcC5CWkg8XC9vcHRpb24+PG9wdGlvbiB2YWx1ZT1cIk9wZW5Ub3BvTWFwXCI+T3BlblRvcG9NYXA8XC9vcHRpb24+PG9wdGlvbiB2YWx1ZT1cIlRodW5kZXJmb3Jlc3QuT3BlbkN5Y2xlTWFwXCI+VGh1bmRlcmZvcmVzdC5PcGVuQ3ljbGVNYXA8XC9vcHRpb24+PG9wdGlvbiB2YWx1ZT1cIk9wZW5NYXBTdXJmZXIuUm9hZHNcIj5PcGVuTWFwU3VyZmVyLlJvYWRzPFwvb3B0aW9uPjxcL3NlbGVjdD4iLCJtYXBfYm94X3N0eWxlc19tYXJrdXAiOiI8c2VsZWN0IGNsYXNzPVwid3BvbXBfbWFwYm94X3R5cGVcIj48b3B0aW9uIHZhbHVlPVwic3RyZWV0cy12MTFcIj5TdHJlZXRzPFwvb3B0aW9uPjxvcHRpb24gdmFsdWU9XCJsaWdodC12MTBcIj5MaWdodDxcL29wdGlvbj48b3B0aW9uIHZhbHVlPVwiZGFyay12MTBcIj5EYXJrPFwvb3B0aW9uPjxvcHRpb24gdmFsdWU9XCJvdXRkb29ycy12MTFcIj5PdXRkb29yczxcL29wdGlvbj48b3B0aW9uIHZhbHVlPVwic2F0ZWxsaXRlLXY5XCI+U2F0ZWxsaXRlPFwvb3B0aW9uPjxcL3NlbGVjdD4iLCJib3VuZF9tYXBfYWZ0ZXJfZmlsdGVyIjpmYWxzZSwiZGlzcGxheV9yZXNldF9idXR0b24iOmZhbHNlLCJtYXBfcmVzZXRfYnV0dG9uX3RleHQiOiJSZXN0YWJsZWNlciIsImhlaWdodCI6IjQ1MCIsInRpbGVzX3Byb3ZpZGVyIjoib3BlbnN0cmVldCJ9LCJwbGFjZXMiOlt7ImlkIjoiMSIsInRpdGxlIjoiVmlsbGEgTWFyaWFubmEiLCJhZGRyZXNzIjoiQmF6emFubyBTdXBlcmlvcmUsIFByb3ZpbmNlIG9mIFBlcnVnaWEsIEl0YWx5Iiwic291cmNlIjoibWFudWFsIiwiY29udGVudCI6IiIsImxvY2F0aW9uIjp7Imljb24iOiIiLCJsYXQiOiI0Mi43NjQ3ODQiLCJsbmciOiIxMi44MTExNjgiLCJjaXR5IjoiU3BvbGV0byIsInN0YXRlIjoiVW1icmlhIiwiY291bnRyeSI6Ikl0YWx5Iiwib25jbGlja19hY3Rpb24iOiJtYXJrZXIiLCJyZWRpcmVjdF9jdXN0b21fbGluayI6IiIsIm1hcmtlcl9pbWFnZSI6IjxkaXYgY2xhc3M9J2ZjLWZlYXR1cmUtaW1nJz48aW1nIGxvYWRpbmc9J2xhenknIGRlY29kaW5nPSdhc3luYycgYWx0PSdWaWxsYSBNYXJpYW5uYScgc3JjPSdodHRwczpcL1wvc3RhZ2luZy52YWxpY29kZWlwZWxsZWdyaW5pLml0XC93cC1jb250ZW50XC9wbHVnaW5zXC93cC1nb29nbGUtbWFwLXBsdWdpblwvYXNzZXRzXC9pbWFnZXNcL3NhbXBsZS5qcGcnIGNsYXNzPSd3cGdtcF9tYXJrZXJfaW1hZ2UgZmMtaXRlbS1mZWF0dXJlZF9pbWFnZSBmYy1pdGVtLWxhcmdlJyBcLz48XC9kaXY+Iiwib3Blbl9uZXdfdGFiIjoieWVzIiwicG9zdGFsX2NvZGUiOiIwNjA0OSIsImRyYWdnYWJsZSI6IiIsImluZm93aW5kb3dfZGVmYXVsdF9vcGVuIjoiIiwiYW5pbWF0aW9uIjoiQk9VTkNFIiwiaW5mb3dpbmRvd19kaXNhYmxlIjp0cnVlLCJ6b29tIjo1LCJleHRyYV9maWVsZHMiOnsibGlzdG9yZGVyIjowfX0sImNhdGVnb3JpZXMiOltdLCJjdXN0b21fZmlsdGVycyI6W119LHsiaWQiOiIyIiwidGl0bGUiOiJWaXN0YSBkZWwgTW9uZG8iLCJhZGRyZXNzIjoiU3BvbGV0bywgUHJvdmluY2Ugb2YgUGVydWdpYSwgSXRhbHkiLCJzb3VyY2UiOiJtYW51YWwiLCJsb2NhdGlvbiI6eyJsYXQiOiI0Mi43NjE0NzYiLCJsbmciOiIxMi44MTI1OTEzIiwiY2l0eSI6IlNwb2xldG8iLCJzdGF0ZSI6IlVtYnJpYSIsImNvdW50cnkiOiJJdGFseSIsIm9uY2xpY2tfYWN0aW9uIjoibWFya2VyIiwibWFya2VyX2ltYWdlIjoiPGRpdiBjbGFzcz0nZmMtZmVhdHVyZS1pbWcnPjxpbWcgbG9hZGluZz0nbGF6eScgZGVjb2Rpbmc9J2FzeW5jJyBhbHQ9J1Zpc3RhIGRlbCBNb25kbycgc3JjPSdodHRwczpcL1wvc3RhZ2luZy52YWxpY29kZWlwZWxsZWdyaW5pLml0XC93cC1jb250ZW50XC9wbHVnaW5zXC93cC1nb29nbGUtbWFwLXBsdWdpblwvYXNzZXRzXC9pbWFnZXNcL3NhbXBsZS5qcGcnIGNsYXNzPSd3cGdtcF9tYXJrZXJfaW1hZ2UgZmMtaXRlbS1mZWF0dXJlZF9pbWFnZSBmYy1pdGVtLWxhcmdlJyBcLz48XC9kaXY+Iiwib3Blbl9uZXdfdGFiIjoieWVzIiwicG9zdGFsX2NvZGUiOiIwNjA0OSIsImFuaW1hdGlvbiI6IkJPVU5DRSIsImluZm93aW5kb3dfZGlzYWJsZSI6dHJ1ZSwiem9vbSI6NSwiZXh0cmFfZmllbGRzIjp7Imxpc3RvcmRlciI6MH19fSx7ImlkIjoiMyIsInRpdGxlIjoiUG9zdG8gZGVsIFNvbGUiLCJhZGRyZXNzIjoiQmF6emFubyBTdXBlcmlvcmUsIFByb3ZpbmNlIG9mIFBlcnVnaWEsIEl0YWx5Iiwic291cmNlIjoibWFudWFsIiwibG9jYXRpb24iOnsibGF0IjoiNDIuNzY5MTQ3IiwibG5nIjoiMTIuODAxNzYwIiwiY2l0eSI6IlNwb2xldG8iLCJzdGF0ZSI6IlVtYnJpYSIsImNvdW50cnkiOiJJdGFseSIsIm9uY2xpY2tfYWN0aW9uIjoibWFya2VyIiwibWFya2VyX2ltYWdlIjoiPGRpdiBjbGFzcz0nZmMtZmVhdHVyZS1pbWcnPjxpbWcgbG9hZGluZz0nbGF6eScgZGVjb2Rpbmc9J2FzeW5jJyBhbHQ9J1Bvc3RvIGRlbCBTb2xlJyBzcmM9J2h0dHBzOlwvXC9zdGFnaW5nLnZhbGljb2RlaXBlbGxlZ3JpbmkuaXRcL3dwLWNvbnRlbnRcL3BsdWdpbnNcL3dwLWdvb2dsZS1tYXAtcGx1Z2luXC9hc3NldHNcL2ltYWdlc1wvc2FtcGxlLmpwZycgY2xhc3M9J3dwZ21wX21hcmtlcl9pbWFnZSBmYy1pdGVtLWZlYXR1cmVkX2ltYWdlIGZjLWl0ZW0tbGFyZ2UnIFwvPjxcL2Rpdj4iLCJvcGVuX25ld190YWIiOiJ5ZXMiLCJwb3N0YWxfY29kZSI6IjA2MDQ5IiwiYW5pbWF0aW9uIjoiQk9VTkNFIiwiaW5mb3dpbmRvd19kaXNhYmxlIjp0cnVlLCJ6b29tIjo1LCJleHRyYV9maWVsZHMiOnsibGlzdG9yZGVyIjowfX19XSwibWFwX3Byb3BlcnR5Ijp7Im1hcF9pZCI6IjEifSwic2hhcGVzIjp7ImRyYXdpbmdfZWRpdGFibGUiOmZhbHNlfSwiZmlsdGVycyI6eyJmaWx0ZXJzX2NvbnRhaW5lciI6IltkYXRhLWNvbnRhaW5lcj1cIndwZ21wLWZpbHRlcnMtY29udGFpbmVyXCJdIn0sImdsb2JhbF9zZXR0aW5ncyI6eyJ3cGdtcF9sYW5ndWFnZSI6ImVuIiwid3BnbXBfdmVyc2lvbiI6IjQuOS4xIn0sInByb3ZpZGVyIjoiZ29vZ2xlIiwiYXBpS2V5IjoiIn0=\"; });<\/script><\/p>\n","protected":false},"excerpt":{"rendered":"","protected":false},"author":1,"featured_media":0,"parent":0,"menu_order":0,"comment_status":"closed","ping_status":"closed","template":"","meta":{"footnotes":""},"class_list":["post-6657","page","type-page","status-publish","hentry"],"yoast_head":"<!-- This site is optimized with the Yoast SEO plugin v26.9 - https:\/\/yoast.com\/product\/yoast-seo-wordpress\/ -->\n<title>D\u00f3nde estamos - Agriturismo Valico dei Pellegrini<\/title>\n<meta name=\"robots\" content=\"index, follow, max-snippet:-1, max-image-preview:large, max-video-preview:-1\" \/>\n<link rel=\"canonical\" href=\"https:\/\/staging.valicodeipellegrini.it\/es\/donde-estamos\/\" \/>\n<meta property=\"og:locale\" content=\"es_ES\" \/>\n<meta property=\"og:type\" content=\"article\" \/>\n<meta property=\"og:title\" content=\"D\u00f3nde estamos - Agriturismo Valico dei Pellegrini\" \/>\n<meta property=\"og:url\" content=\"https:\/\/staging.valicodeipellegrini.it\/es\/donde-estamos\/\" \/>\n<meta property=\"og:site_name\" content=\"Agriturismo Valico dei Pellegrini\" \/>\n<meta property=\"article:modified_time\" content=\"2016-04-05T09:36:43+00:00\" \/>\n<meta name=\"twitter:card\" content=\"summary_large_image\" \/>\n<meta name=\"twitter:label1\" content=\"Tiempo de lectura\" \/>\n\t<meta name=\"twitter:data1\" content=\"1 minuto\" \/>\n<script type=\"application\/ld+json\" class=\"yoast-schema-graph\">{\"@context\":\"https:\/\/schema.org\",\"@graph\":[{\"@type\":\"WebPage\",\"@id\":\"https:\/\/staging.valicodeipellegrini.it\/es\/donde-estamos\/\",\"url\":\"https:\/\/staging.valicodeipellegrini.it\/es\/donde-estamos\/\",\"name\":\"D\u00f3nde estamos - Agriturismo Valico dei Pellegrini\",\"isPartOf\":{\"@id\":\"https:\/\/staging.valicodeipellegrini.it\/#website\"},\"datePublished\":\"2016-03-31T13:10:10+00:00\",\"dateModified\":\"2016-04-05T09:36:43+00:00\",\"breadcrumb\":{\"@id\":\"https:\/\/staging.valicodeipellegrini.it\/es\/donde-estamos\/#breadcrumb\"},\"inLanguage\":\"es\",\"potentialAction\":[{\"@type\":\"ReadAction\",\"target\":[\"https:\/\/staging.valicodeipellegrini.it\/es\/donde-estamos\/\"]}]},{\"@type\":\"BreadcrumbList\",\"@id\":\"https:\/\/staging.valicodeipellegrini.it\/es\/donde-estamos\/#breadcrumb\",\"itemListElement\":[{\"@type\":\"ListItem\",\"position\":1,\"name\":\"Home\",\"item\":\"https:\/\/staging.valicodeipellegrini.it\/es\/\"},{\"@type\":\"ListItem\",\"position\":2,\"name\":\"D\u00f3nde estamos\"}]},{\"@type\":\"WebSite\",\"@id\":\"https:\/\/staging.valicodeipellegrini.it\/#website\",\"url\":\"https:\/\/staging.valicodeipellegrini.it\/\",\"name\":\"Agriturismo Valico dei Pellegrini\",\"description\":\"Natura e relax in Umbria\",\"potentialAction\":[{\"@type\":\"SearchAction\",\"target\":{\"@type\":\"EntryPoint\",\"urlTemplate\":\"https:\/\/staging.valicodeipellegrini.it\/?s={search_term_string}\"},\"query-input\":{\"@type\":\"PropertyValueSpecification\",\"valueRequired\":true,\"valueName\":\"search_term_string\"}}],\"inLanguage\":\"es\"}]}<\/script>\n<!-- \/ Yoast SEO plugin. -->","yoast_head_json":{"title":"D\u00f3nde estamos - Agriturismo Valico dei Pellegrini","robots":{"index":"index","follow":"follow","max-snippet":"max-snippet:-1","max-image-preview":"max-image-preview:large","max-video-preview":"max-video-preview:-1"},"canonical":"https:\/\/staging.valicodeipellegrini.it\/es\/donde-estamos\/","og_locale":"es_ES","og_type":"article","og_title":"D\u00f3nde estamos - Agriturismo Valico dei Pellegrini","og_url":"https:\/\/staging.valicodeipellegrini.it\/es\/donde-estamos\/","og_site_name":"Agriturismo Valico dei Pellegrini","article_modified_time":"2016-04-05T09:36:43+00:00","twitter_card":"summary_large_image","twitter_misc":{"Tiempo de lectura":"1 minuto"},"schema":{"@context":"https:\/\/schema.org","@graph":[{"@type":"WebPage","@id":"https:\/\/staging.valicodeipellegrini.it\/es\/donde-estamos\/","url":"https:\/\/staging.valicodeipellegrini.it\/es\/donde-estamos\/","name":"D\u00f3nde estamos - Agriturismo Valico dei Pellegrini","isPartOf":{"@id":"https:\/\/staging.valicodeipellegrini.it\/#website"},"datePublished":"2016-03-31T13:10:10+00:00","dateModified":"2016-04-05T09:36:43+00:00","breadcrumb":{"@id":"https:\/\/staging.valicodeipellegrini.it\/es\/donde-estamos\/#breadcrumb"},"inLanguage":"es","potentialAction":[{"@type":"ReadAction","target":["https:\/\/staging.valicodeipellegrini.it\/es\/donde-estamos\/"]}]},{"@type":"BreadcrumbList","@id":"https:\/\/staging.valicodeipellegrini.it\/es\/donde-estamos\/#breadcrumb","itemListElement":[{"@type":"ListItem","position":1,"name":"Home","item":"https:\/\/staging.valicodeipellegrini.it\/es\/"},{"@type":"ListItem","position":2,"name":"D\u00f3nde estamos"}]},{"@type":"WebSite","@id":"https:\/\/staging.valicodeipellegrini.it\/#website","url":"https:\/\/staging.valicodeipellegrini.it\/","name":"Agriturismo Valico dei Pellegrini","description":"Natura e relax in Umbria","potentialAction":[{"@type":"SearchAction","target":{"@type":"EntryPoint","urlTemplate":"https:\/\/staging.valicodeipellegrini.it\/?s={search_term_string}"},"query-input":{"@type":"PropertyValueSpecification","valueRequired":true,"valueName":"search_term_string"}}],"inLanguage":"es"}]}},"_links":{"self":[{"href":"https:\/\/staging.valicodeipellegrini.it\/es\/wp-json\/wp\/v2\/pages\/6657","targetHints":{"allow":["GET"]}}],"collection":[{"href":"https:\/\/staging.valicodeipellegrini.it\/es\/wp-json\/wp\/v2\/pages"}],"about":[{"href":"https:\/\/staging.valicodeipellegrini.it\/es\/wp-json\/wp\/v2\/types\/page"}],"author":[{"embeddable":true,"href":"https:\/\/staging.valicodeipellegrini.it\/es\/wp-json\/wp\/v2\/users\/1"}],"replies":[{"embeddable":true,"href":"https:\/\/staging.valicodeipellegrini.it\/es\/wp-json\/wp\/v2\/comments?post=6657"}],"version-history":[{"count":2,"href":"https:\/\/staging.valicodeipellegrini.it\/es\/wp-json\/wp\/v2\/pages\/6657\/revisions"}],"predecessor-version":[{"id":7049,"href":"https:\/\/staging.valicodeipellegrini.it\/es\/wp-json\/wp\/v2\/pages\/6657\/revisions\/7049"}],"wp:attachment":[{"href":"https:\/\/staging.valicodeipellegrini.it\/es\/wp-json\/wp\/v2\/media?parent=6657"}],"curies":[{"name":"wp","href":"https:\/\/api.w.org\/{rel}","templated":true}]}}