{"id":6660,"date":"2016-03-31T13:14:01","date_gmt":"2016-03-31T13:14:01","guid":{"rendered":"https:\/\/staging.valicodeipellegrini.it\/es\/?page_id=6660"},"modified":"2016-03-31T13:14:01","modified_gmt":"2016-03-31T13:14:01","slug":"quienes-somos","status":"publish","type":"page","link":"https:\/\/staging.valicodeipellegrini.it\/es\/quienes-somos\/","title":{"rendered":"Qui\u00e9nes somos"},"content":{"rendered":"<h1 style=\"text-align: center;\">Qui\u00e9nes somos<\/h1>\n<div class=\"pullquote-center\">Los agroturismos Valico dei Pellegrini y Passo dei Pellegrini se encuentran a pocos kil\u00f3metros de la ciudad de Spoleto, en la regi\u00f3n de la Umbr\u00eda, el coraz\u00f3n verde de Italia.<\/div>\n<div class=\"column2 column_space\"><p style=\"text-align: center;\"><a href=\"https:\/\/staging.valicodeipellegrini.it\/wp-content\/uploads\/2015\/11\/targa.jpg\" rel=\"attachment wp-att-5931\"><img loading=\"lazy\" decoding=\"async\" class=\"wp-image-5931 size-medium aligncenter\" src=\"https:\/\/staging.valicodeipellegrini.it\/wp-content\/uploads\/2015\/11\/targa-300x292.jpg\" alt=\"targa\" width=\"300\" height=\"292\" srcset=\"https:\/\/staging.valicodeipellegrini.it\/wp-content\/uploads\/2015\/11\/targa-300x292.jpg 300w, https:\/\/staging.valicodeipellegrini.it\/wp-content\/uploads\/2015\/11\/targa-768x747.jpg 768w, https:\/\/staging.valicodeipellegrini.it\/wp-content\/uploads\/2015\/11\/targa-50x49.jpg 50w, https:\/\/staging.valicodeipellegrini.it\/wp-content\/uploads\/2015\/11\/targa.jpg 774w\" sizes=\"auto, (max-width: 300px) 100vw, 300px\" \/><\/a><em><br \/>\nLa placa conmemorativa<\/em><\/p><\/div>\n<div class=\"column2 clearfix\">Los peregrinos, procedentes del sur de la Umbr\u00eda camino de As\u00eds, al llegar a este paso que se asoma al valle de la Umbr\u00eda, divisando a lo lejos la ciudad de San Francisco, se arrodillaban y se persignaban.<\/p>\n<p>En su memoria se ha colocado un monumento conmemorativo.<\/p>\n<p>En este lugar nacen los agroturismos \u201cValico dei Pellegrini\u201d y \u201cPasso dei Pellegrini\u201d.<\/p>\n<p>Las estructuras agrotur\u00edsticas se han levantado en un territorio de 130 hect\u00e1reas de superficie, el 80% forestal, repleto de senderos para pasear y relajarse, puntos panor\u00e1micos y de reposo.<\/p>\n<p>Los caser\u00edos son tres, denominados por gestores ingleses Villa Marianna, Posto del Sole y Vista del mondo.<\/p>\n<p>Las casas de campo han sido construidas con la piedra local por artesanos competentes, respetando las tradiciones y los valores locales, y actualizadas seg\u00fan las exigencias actualizadas del turismo de campo. <\/p>\n<p>La atm\u00f3sfera es acogedora y el relax est\u00e1 garantizado.<\/p>\n<p>Se pueden apreciar plenamente el frescor que ofrecen las sombras de las multitudes de \u00e1rboles y respirar el ox\u00edgeno de nuestros montes con cotas que oscilan entre los 600 y los 1 000 m S.N.D.M. id\u00f3neos para el equilibrio cardiocirculatorio y para disfrutar de la espl\u00e9ndida naturaleza y de los panoramas que circundan las estructuras perdi\u00e9ndose a lo lejos.<\/p><\/div><div class=\"clear\"><\/div>\n","protected":false},"excerpt":{"rendered":"<p>Qui\u00e9nes somos<\/p>\n","protected":false},"author":1,"featured_media":0,"parent":0,"menu_order":0,"comment_status":"closed","ping_status":"closed","template":"","meta":{"footnotes":""},"class_list":["post-6660","page","type-page","status-publish","hentry"],"yoast_head":"<!-- This site is optimized with the Yoast SEO plugin v26.9 - https:\/\/yoast.com\/product\/yoast-seo-wordpress\/ -->\n<title>Qui\u00e9nes somos - Agriturismo Valico dei Pellegrini<\/title>\n<meta name=\"robots\" content=\"index, follow, max-snippet:-1, max-image-preview:large, max-video-preview:-1\" \/>\n<link rel=\"canonical\" href=\"https:\/\/staging.valicodeipellegrini.it\/es\/quienes-somos\/\" \/>\n<meta property=\"og:locale\" content=\"es_ES\" \/>\n<meta property=\"og:type\" content=\"article\" \/>\n<meta property=\"og:title\" content=\"Qui\u00e9nes somos - Agriturismo Valico dei Pellegrini\" \/>\n<meta property=\"og:description\" content=\"Qui\u00e9nes somos\" \/>\n<meta property=\"og:url\" content=\"https:\/\/staging.valicodeipellegrini.it\/es\/quienes-somos\/\" \/>\n<meta property=\"og:site_name\" content=\"Agriturismo Valico dei Pellegrini\" \/>\n<meta property=\"og:image\" content=\"https:\/\/staging.valicodeipellegrini.it\/wp-content\/uploads\/2015\/11\/targa.jpg\" \/>\n\t<meta property=\"og:image:width\" content=\"774\" \/>\n\t<meta property=\"og:image:height\" content=\"753\" \/>\n\t<meta property=\"og:image:type\" content=\"image\/jpeg\" \/>\n<meta name=\"twitter:card\" content=\"summary_large_image\" \/>\n<meta name=\"twitter:label1\" content=\"Tiempo de lectura\" \/>\n\t<meta name=\"twitter:data1\" content=\"1 minuto\" \/>\n<script type=\"application\/ld+json\" class=\"yoast-schema-graph\">{\"@context\":\"https:\/\/schema.org\",\"@graph\":[{\"@type\":\"WebPage\",\"@id\":\"https:\/\/staging.valicodeipellegrini.it\/es\/quienes-somos\/\",\"url\":\"https:\/\/staging.valicodeipellegrini.it\/es\/quienes-somos\/\",\"name\":\"Qui\u00e9nes somos - Agriturismo Valico dei Pellegrini\",\"isPartOf\":{\"@id\":\"https:\/\/staging.valicodeipellegrini.it\/#website\"},\"primaryImageOfPage\":{\"@id\":\"https:\/\/staging.valicodeipellegrini.it\/es\/quienes-somos\/#primaryimage\"},\"image\":{\"@id\":\"https:\/\/staging.valicodeipellegrini.it\/es\/quienes-somos\/#primaryimage\"},\"thumbnailUrl\":\"https:\/\/staging.valicodeipellegrini.it\/wp-content\/uploads\/2015\/11\/targa-300x292.jpg\",\"datePublished\":\"2016-03-31T13:14:01+00:00\",\"breadcrumb\":{\"@id\":\"https:\/\/staging.valicodeipellegrini.it\/es\/quienes-somos\/#breadcrumb\"},\"inLanguage\":\"es\",\"potentialAction\":[{\"@type\":\"ReadAction\",\"target\":[\"https:\/\/staging.valicodeipellegrini.it\/es\/quienes-somos\/\"]}]},{\"@type\":\"ImageObject\",\"inLanguage\":\"es\",\"@id\":\"https:\/\/staging.valicodeipellegrini.it\/es\/quienes-somos\/#primaryimage\",\"url\":\"https:\/\/staging.valicodeipellegrini.it\/wp-content\/uploads\/2015\/11\/targa-300x292.jpg\",\"contentUrl\":\"https:\/\/staging.valicodeipellegrini.it\/wp-content\/uploads\/2015\/11\/targa-300x292.jpg\"},{\"@type\":\"BreadcrumbList\",\"@id\":\"https:\/\/staging.valicodeipellegrini.it\/es\/quienes-somos\/#breadcrumb\",\"itemListElement\":[{\"@type\":\"ListItem\",\"position\":1,\"name\":\"Home\",\"item\":\"https:\/\/staging.valicodeipellegrini.it\/es\/\"},{\"@type\":\"ListItem\",\"position\":2,\"name\":\"Qui\u00e9nes somos\"}]},{\"@type\":\"WebSite\",\"@id\":\"https:\/\/staging.valicodeipellegrini.it\/#website\",\"url\":\"https:\/\/staging.valicodeipellegrini.it\/\",\"name\":\"Agriturismo Valico dei Pellegrini\",\"description\":\"Natura e relax in Umbria\",\"potentialAction\":[{\"@type\":\"SearchAction\",\"target\":{\"@type\":\"EntryPoint\",\"urlTemplate\":\"https:\/\/staging.valicodeipellegrini.it\/?s={search_term_string}\"},\"query-input\":{\"@type\":\"PropertyValueSpecification\",\"valueRequired\":true,\"valueName\":\"search_term_string\"}}],\"inLanguage\":\"es\"}]}<\/script>\n<!-- \/ Yoast SEO plugin. -->","yoast_head_json":{"title":"Qui\u00e9nes somos - Agriturismo Valico dei Pellegrini","robots":{"index":"index","follow":"follow","max-snippet":"max-snippet:-1","max-image-preview":"max-image-preview:large","max-video-preview":"max-video-preview:-1"},"canonical":"https:\/\/staging.valicodeipellegrini.it\/es\/quienes-somos\/","og_locale":"es_ES","og_type":"article","og_title":"Qui\u00e9nes somos - Agriturismo Valico dei Pellegrini","og_description":"Qui\u00e9nes somos","og_url":"https:\/\/staging.valicodeipellegrini.it\/es\/quienes-somos\/","og_site_name":"Agriturismo Valico dei Pellegrini","og_image":[{"width":774,"height":753,"url":"https:\/\/staging.valicodeipellegrini.it\/wp-content\/uploads\/2015\/11\/targa.jpg","type":"image\/jpeg"}],"twitter_card":"summary_large_image","twitter_misc":{"Tiempo de lectura":"1 minuto"},"schema":{"@context":"https:\/\/schema.org","@graph":[{"@type":"WebPage","@id":"https:\/\/staging.valicodeipellegrini.it\/es\/quienes-somos\/","url":"https:\/\/staging.valicodeipellegrini.it\/es\/quienes-somos\/","name":"Qui\u00e9nes somos - Agriturismo Valico dei Pellegrini","isPartOf":{"@id":"https:\/\/staging.valicodeipellegrini.it\/#website"},"primaryImageOfPage":{"@id":"https:\/\/staging.valicodeipellegrini.it\/es\/quienes-somos\/#primaryimage"},"image":{"@id":"https:\/\/staging.valicodeipellegrini.it\/es\/quienes-somos\/#primaryimage"},"thumbnailUrl":"https:\/\/staging.valicodeipellegrini.it\/wp-content\/uploads\/2015\/11\/targa-300x292.jpg","datePublished":"2016-03-31T13:14:01+00:00","breadcrumb":{"@id":"https:\/\/staging.valicodeipellegrini.it\/es\/quienes-somos\/#breadcrumb"},"inLanguage":"es","potentialAction":[{"@type":"ReadAction","target":["https:\/\/staging.valicodeipellegrini.it\/es\/quienes-somos\/"]}]},{"@type":"ImageObject","inLanguage":"es","@id":"https:\/\/staging.valicodeipellegrini.it\/es\/quienes-somos\/#primaryimage","url":"https:\/\/staging.valicodeipellegrini.it\/wp-content\/uploads\/2015\/11\/targa-300x292.jpg","contentUrl":"https:\/\/staging.valicodeipellegrini.it\/wp-content\/uploads\/2015\/11\/targa-300x292.jpg"},{"@type":"BreadcrumbList","@id":"https:\/\/staging.valicodeipellegrini.it\/es\/quienes-somos\/#breadcrumb","itemListElement":[{"@type":"ListItem","position":1,"name":"Home","item":"https:\/\/staging.valicodeipellegrini.it\/es\/"},{"@type":"ListItem","position":2,"name":"Qui\u00e9nes somos"}]},{"@type":"WebSite","@id":"https:\/\/staging.valicodeipellegrini.it\/#website","url":"https:\/\/staging.valicodeipellegrini.it\/","name":"Agriturismo Valico dei Pellegrini","description":"Natura e relax in Umbria","potentialAction":[{"@type":"SearchAction","target":{"@type":"EntryPoint","urlTemplate":"https:\/\/staging.valicodeipellegrini.it\/?s={search_term_string}"},"query-input":{"@type":"PropertyValueSpecification","valueRequired":true,"valueName":"search_term_string"}}],"inLanguage":"es"}]}},"_links":{"self":[{"href":"https:\/\/staging.valicodeipellegrini.it\/es\/wp-json\/wp\/v2\/pages\/6660","targetHints":{"allow":["GET"]}}],"collection":[{"href":"https:\/\/staging.valicodeipellegrini.it\/es\/wp-json\/wp\/v2\/pages"}],"about":[{"href":"https:\/\/staging.valicodeipellegrini.it\/es\/wp-json\/wp\/v2\/types\/page"}],"author":[{"embeddable":true,"href":"https:\/\/staging.valicodeipellegrini.it\/es\/wp-json\/wp\/v2\/users\/1"}],"replies":[{"embeddable":true,"href":"https:\/\/staging.valicodeipellegrini.it\/es\/wp-json\/wp\/v2\/comments?post=6660"}],"version-history":[{"count":1,"href":"https:\/\/staging.valicodeipellegrini.it\/es\/wp-json\/wp\/v2\/pages\/6660\/revisions"}],"predecessor-version":[{"id":6662,"href":"https:\/\/staging.valicodeipellegrini.it\/es\/wp-json\/wp\/v2\/pages\/6660\/revisions\/6662"}],"wp:attachment":[{"href":"https:\/\/staging.valicodeipellegrini.it\/es\/wp-json\/wp\/v2\/media?parent=6660"}],"curies":[{"name":"wp","href":"https:\/\/api.w.org\/{rel}","templated":true}]}}