{"id":6579,"date":"2016-03-31T10:12:47","date_gmt":"2016-03-31T10:12:47","guid":{"rendered":"https:\/\/staging.valicodeipellegrini.it\/fr\/?page_id=6579"},"modified":"2016-03-31T14:33:42","modified_gmt":"2016-03-31T14:33:42","slug":"qui-nous-sommes","status":"publish","type":"page","link":"https:\/\/staging.valicodeipellegrini.it\/fr\/qui-nous-sommes\/","title":{"rendered":"Qui nous sommes"},"content":{"rendered":"<h1 style=\"text-align: center;\">Qui nous sommes<\/h1>\n<div class=\"pullquote-center\">Les g\u00eetes ruraux Valico dei Pellegrini et Passo dei Pellegrini se trouvent \u00e0 quelques kilom\u00e8tres de la ville de <strong>Spoleto<\/strong>, en Ombrie, le c\u0153ur vert de l&rsquo;Italie.<\/div>\n<div class=\"column2 column_space\"><p style=\"text-align: center;\"><a href=\"https:\/\/staging.valicodeipellegrini.it\/wp-content\/uploads\/2015\/11\/targa.jpg\" rel=\"attachment wp-att-5931\"><img loading=\"lazy\" decoding=\"async\" class=\"wp-image-5931 size-medium aligncenter\" src=\"https:\/\/staging.valicodeipellegrini.it\/wp-content\/uploads\/2015\/11\/targa-300x292.jpg\" alt=\"targa\" width=\"300\" height=\"292\" srcset=\"https:\/\/staging.valicodeipellegrini.it\/wp-content\/uploads\/2015\/11\/targa-300x292.jpg 300w, https:\/\/staging.valicodeipellegrini.it\/wp-content\/uploads\/2015\/11\/targa-768x747.jpg 768w, https:\/\/staging.valicodeipellegrini.it\/wp-content\/uploads\/2015\/11\/targa-50x49.jpg 50w, https:\/\/staging.valicodeipellegrini.it\/wp-content\/uploads\/2015\/11\/targa.jpg 774w\" sizes=\"auto, (max-width: 300px) 100vw, 300px\" \/><\/a><em>La plaque comm\u00e9morative<\/em><\/p><\/div>\n<div class=\"column2 clearfix\"><p>En arrivant \u00e0 ce col donnant sur la vall\u00e9e ombrienne, les p\u00e8lerins provenant du sud de l&rsquo;Italie pour rejoindre Assise s&rsquo;agenouillaient en faisant le signe de croix en apercevant au loin la ville de Saint Fran\u00e7ois.<\/p>\n<p>Une plaque comm\u00e9morative a \u00e9t\u00e9 appos\u00e9e en leur m\u00e9moire.<\/p>\n<p>C&rsquo;est \u00e0 cet endroit que se dressent les g\u00eetes ruraux <strong>\u201cValico dei Pellegrini\u201d<\/strong> et <strong>\u201cPasso dei Pellegrini\u201d<\/strong>.<\/p>\n<p>Ces g\u00eetes ruraux sont construits sur un terrain priv\u00e9 de 130 hectares dont 80\u00a0% de la surface est bois\u00e9e, plein de sentiers offrant des promenades de d\u00e9tente, des vues panoramiques et une atmosph\u00e8re paisible.<\/p>\n<p>Les trois fermes ont \u00e9t\u00e9 baptis\u00e9es par des exploitants anglais <strong>Villa Marianna<\/strong>, <strong>Posto del Sole<\/strong> et <strong>Vista del mondo<\/strong>.<\/p>\n<p>Les fermes sont construites en pierre locale par des artisans comp\u00e9tents, selon la tradition et les valeurs locales et conform\u00e9ment aux exigences modernes du tourisme rural.<\/p>\n<p>Il y r\u00e8gne une atmosph\u00e8re accueillante et d\u00e9tendue.<\/p>\n<p>On y respire \u00e0 plein poumons toute la fra\u00eecheur offerte par l&rsquo;ombre des nombreux arbres et l&rsquo;oxyg\u00e8ne de nos montagnes, qui s&rsquo;\u00e9l\u00e8vent de 600 \u00e0 1000 m\u00e8tres au-dessus du niveau de la mer, id\u00e9ales pour l&rsquo;\u00e9quilibre cardio-circulatoire et pour profiter de la superbe nature et des panoramas qui s&rsquo;\u00e9tendent \u00e0 perte de vue autour des b\u00e2timents.<br \/><\/div><div class=\"clear\"><\/div>\n","protected":false},"excerpt":{"rendered":"<p>Qui nous sommes<\/p>\n","protected":false},"author":1,"featured_media":0,"parent":0,"menu_order":0,"comment_status":"closed","ping_status":"closed","template":"","meta":{"footnotes":""},"class_list":["post-6579","page","type-page","status-publish","hentry"],"yoast_head":"<!-- This site is optimized with the Yoast SEO plugin v26.9 - https:\/\/yoast.com\/product\/yoast-seo-wordpress\/ -->\n<title>Qui nous sommes - Agriturismo Valico dei Pellegrini<\/title>\n<meta name=\"robots\" content=\"index, follow, max-snippet:-1, max-image-preview:large, max-video-preview:-1\" \/>\n<link rel=\"canonical\" href=\"https:\/\/staging.valicodeipellegrini.it\/chi-siamo\/\" \/>\n<meta property=\"og:locale\" content=\"fr_FR\" \/>\n<meta property=\"og:type\" content=\"article\" \/>\n<meta property=\"og:title\" content=\"Qui nous sommes - Agriturismo Valico dei Pellegrini\" \/>\n<meta property=\"og:description\" content=\"Qui nous sommes\" \/>\n<meta property=\"og:url\" content=\"https:\/\/staging.valicodeipellegrini.it\/chi-siamo\/\" \/>\n<meta property=\"og:site_name\" content=\"Agriturismo Valico dei Pellegrini\" \/>\n<meta property=\"article:modified_time\" content=\"2016-03-31T14:33:42+00:00\" \/>\n<meta property=\"og:image\" content=\"https:\/\/staging.valicodeipellegrini.it\/wp-content\/uploads\/2015\/11\/targa.jpg\" \/>\n\t<meta property=\"og:image:width\" content=\"774\" \/>\n\t<meta property=\"og:image:height\" content=\"753\" \/>\n\t<meta property=\"og:image:type\" content=\"image\/jpeg\" \/>\n<meta name=\"twitter:card\" content=\"summary_large_image\" \/>\n<meta name=\"twitter:label1\" content=\"Dur\u00e9e de lecture estim\u00e9e\" \/>\n\t<meta name=\"twitter:data1\" content=\"1 minute\" \/>\n<script type=\"application\/ld+json\" class=\"yoast-schema-graph\">{\"@context\":\"https:\/\/schema.org\",\"@graph\":[{\"@type\":\"WebPage\",\"@id\":\"https:\/\/staging.valicodeipellegrini.it\/chi-siamo\/\",\"url\":\"https:\/\/staging.valicodeipellegrini.it\/chi-siamo\/\",\"name\":\"Qui nous sommes - Agriturismo Valico dei Pellegrini\",\"isPartOf\":{\"@id\":\"https:\/\/staging.valicodeipellegrini.it\/#website\"},\"primaryImageOfPage\":{\"@id\":\"https:\/\/staging.valicodeipellegrini.it\/chi-siamo\/#primaryimage\"},\"image\":{\"@id\":\"https:\/\/staging.valicodeipellegrini.it\/chi-siamo\/#primaryimage\"},\"thumbnailUrl\":\"https:\/\/staging.valicodeipellegrini.it\/wp-content\/uploads\/2015\/11\/targa-300x292.jpg\",\"datePublished\":\"2016-03-31T10:12:47+00:00\",\"dateModified\":\"2016-03-31T14:33:42+00:00\",\"breadcrumb\":{\"@id\":\"https:\/\/staging.valicodeipellegrini.it\/chi-siamo\/#breadcrumb\"},\"inLanguage\":\"fr-FR\",\"potentialAction\":[{\"@type\":\"ReadAction\",\"target\":[\"https:\/\/staging.valicodeipellegrini.it\/chi-siamo\/\"]}]},{\"@type\":\"ImageObject\",\"inLanguage\":\"fr-FR\",\"@id\":\"https:\/\/staging.valicodeipellegrini.it\/chi-siamo\/#primaryimage\",\"url\":\"https:\/\/staging.valicodeipellegrini.it\/wp-content\/uploads\/2015\/11\/targa-300x292.jpg\",\"contentUrl\":\"https:\/\/staging.valicodeipellegrini.it\/wp-content\/uploads\/2015\/11\/targa-300x292.jpg\"},{\"@type\":\"BreadcrumbList\",\"@id\":\"https:\/\/staging.valicodeipellegrini.it\/chi-siamo\/#breadcrumb\",\"itemListElement\":[{\"@type\":\"ListItem\",\"position\":1,\"name\":\"Home\",\"item\":\"https:\/\/staging.valicodeipellegrini.it\/fr\/\"},{\"@type\":\"ListItem\",\"position\":2,\"name\":\"Qui nous sommes\"}]},{\"@type\":\"WebSite\",\"@id\":\"https:\/\/staging.valicodeipellegrini.it\/#website\",\"url\":\"https:\/\/staging.valicodeipellegrini.it\/\",\"name\":\"Agriturismo Valico dei Pellegrini\",\"description\":\"Natura e relax in Umbria\",\"potentialAction\":[{\"@type\":\"SearchAction\",\"target\":{\"@type\":\"EntryPoint\",\"urlTemplate\":\"https:\/\/staging.valicodeipellegrini.it\/?s={search_term_string}\"},\"query-input\":{\"@type\":\"PropertyValueSpecification\",\"valueRequired\":true,\"valueName\":\"search_term_string\"}}],\"inLanguage\":\"fr-FR\"}]}<\/script>\n<!-- \/ Yoast SEO plugin. -->","yoast_head_json":{"title":"Qui nous sommes - Agriturismo Valico dei Pellegrini","robots":{"index":"index","follow":"follow","max-snippet":"max-snippet:-1","max-image-preview":"max-image-preview:large","max-video-preview":"max-video-preview:-1"},"canonical":"https:\/\/staging.valicodeipellegrini.it\/chi-siamo\/","og_locale":"fr_FR","og_type":"article","og_title":"Qui nous sommes - Agriturismo Valico dei Pellegrini","og_description":"Qui nous sommes","og_url":"https:\/\/staging.valicodeipellegrini.it\/chi-siamo\/","og_site_name":"Agriturismo Valico dei Pellegrini","article_modified_time":"2016-03-31T14:33:42+00:00","og_image":[{"width":774,"height":753,"url":"https:\/\/staging.valicodeipellegrini.it\/wp-content\/uploads\/2015\/11\/targa.jpg","type":"image\/jpeg"}],"twitter_card":"summary_large_image","twitter_misc":{"Dur\u00e9e de lecture estim\u00e9e":"1 minute"},"schema":{"@context":"https:\/\/schema.org","@graph":[{"@type":"WebPage","@id":"https:\/\/staging.valicodeipellegrini.it\/chi-siamo\/","url":"https:\/\/staging.valicodeipellegrini.it\/chi-siamo\/","name":"Qui nous sommes - Agriturismo Valico dei Pellegrini","isPartOf":{"@id":"https:\/\/staging.valicodeipellegrini.it\/#website"},"primaryImageOfPage":{"@id":"https:\/\/staging.valicodeipellegrini.it\/chi-siamo\/#primaryimage"},"image":{"@id":"https:\/\/staging.valicodeipellegrini.it\/chi-siamo\/#primaryimage"},"thumbnailUrl":"https:\/\/staging.valicodeipellegrini.it\/wp-content\/uploads\/2015\/11\/targa-300x292.jpg","datePublished":"2016-03-31T10:12:47+00:00","dateModified":"2016-03-31T14:33:42+00:00","breadcrumb":{"@id":"https:\/\/staging.valicodeipellegrini.it\/chi-siamo\/#breadcrumb"},"inLanguage":"fr-FR","potentialAction":[{"@type":"ReadAction","target":["https:\/\/staging.valicodeipellegrini.it\/chi-siamo\/"]}]},{"@type":"ImageObject","inLanguage":"fr-FR","@id":"https:\/\/staging.valicodeipellegrini.it\/chi-siamo\/#primaryimage","url":"https:\/\/staging.valicodeipellegrini.it\/wp-content\/uploads\/2015\/11\/targa-300x292.jpg","contentUrl":"https:\/\/staging.valicodeipellegrini.it\/wp-content\/uploads\/2015\/11\/targa-300x292.jpg"},{"@type":"BreadcrumbList","@id":"https:\/\/staging.valicodeipellegrini.it\/chi-siamo\/#breadcrumb","itemListElement":[{"@type":"ListItem","position":1,"name":"Home","item":"https:\/\/staging.valicodeipellegrini.it\/fr\/"},{"@type":"ListItem","position":2,"name":"Qui nous sommes"}]},{"@type":"WebSite","@id":"https:\/\/staging.valicodeipellegrini.it\/#website","url":"https:\/\/staging.valicodeipellegrini.it\/","name":"Agriturismo Valico dei Pellegrini","description":"Natura e relax in Umbria","potentialAction":[{"@type":"SearchAction","target":{"@type":"EntryPoint","urlTemplate":"https:\/\/staging.valicodeipellegrini.it\/?s={search_term_string}"},"query-input":{"@type":"PropertyValueSpecification","valueRequired":true,"valueName":"search_term_string"}}],"inLanguage":"fr-FR"}]}},"_links":{"self":[{"href":"https:\/\/staging.valicodeipellegrini.it\/fr\/wp-json\/wp\/v2\/pages\/6579","targetHints":{"allow":["GET"]}}],"collection":[{"href":"https:\/\/staging.valicodeipellegrini.it\/fr\/wp-json\/wp\/v2\/pages"}],"about":[{"href":"https:\/\/staging.valicodeipellegrini.it\/fr\/wp-json\/wp\/v2\/types\/page"}],"author":[{"embeddable":true,"href":"https:\/\/staging.valicodeipellegrini.it\/fr\/wp-json\/wp\/v2\/users\/1"}],"replies":[{"embeddable":true,"href":"https:\/\/staging.valicodeipellegrini.it\/fr\/wp-json\/wp\/v2\/comments?post=6579"}],"version-history":[{"count":2,"href":"https:\/\/staging.valicodeipellegrini.it\/fr\/wp-json\/wp\/v2\/pages\/6579\/revisions"}],"predecessor-version":[{"id":6581,"href":"https:\/\/staging.valicodeipellegrini.it\/fr\/wp-json\/wp\/v2\/pages\/6579\/revisions\/6581"}],"wp:attachment":[{"href":"https:\/\/staging.valicodeipellegrini.it\/fr\/wp-json\/wp\/v2\/media?parent=6579"}],"curies":[{"name":"wp","href":"https:\/\/api.w.org\/{rel}","templated":true}]}}