{"id":6583,"date":"2016-03-31T10:15:59","date_gmt":"2016-03-31T10:15:59","guid":{"rendered":"https:\/\/staging.valicodeipellegrini.it\/fr\/?page_id=6583"},"modified":"2016-03-31T14:30:20","modified_gmt":"2016-03-31T14:30:20","slug":"accueil","status":"publish","type":"page","link":"https:\/\/staging.valicodeipellegrini.it\/fr\/","title":{"rendered":"Accueil"},"content":{"rendered":"<div class=\"fullpage-block fullpage-block-6583-1\"  style=\"background-color: ; background-image: url(); padding-top:px; padding-bottom:px; background-attachment:fixed; background-position:50% 50%; background-repeat: repeat;\"><div class=\"fullpage-item \">\n<div class=\"clearfix divider-common divider-blank\" style=\"padding-top:30px;padding-bottom:30px;\"><\/div>\n<h2 style=\"text-align: center;\">LES FERMES<\/h2>\n<h6 style=\"text-align: center;\">LE G\u00ceTE RURAL EST COMPOS\u00c9 DE TROIS SUPERBES FERMES PLONG\u00c9ES AU COEUR DE LA VERTE OMBRIE, PR\u00c8S DE SPOLETO.<\/h6>\n<div class=\"clearfix divider-common divider-blank\" style=\"padding-top:30px;padding-bottom:30px;\"><\/div>\n<div class=\"service-column service-column-3 service-boxes-icon-with-title alignicon-top alignicon-top-horizontal serviceboxes-horizontal clearfix\">\n<div class=\"service-item service-item-space\"><div class=\"service-content\"><h4><a href=\"\/fr\/les-fermes\/villa-marianna\/\" >Villa Marianna<\/a><\/h4><div class=\"service-details\">\n<div class=\"lightbox-shortcode lightbox-shortcode-center\" style=\"margin:0 auto; text-align:center;\"><a rel=\"prettyPhoto[group]\" title=\"\" href=\"https:\/\/staging.valicodeipellegrini.it\/wp-content\/uploads\/2014\/05\/villamarianna1.jpg\"><span class=\"shortcode-lightbox-indicate\"><i class=\"icon-plus\"><\/i><\/span><img decoding=\"async\" src=\"https:\/\/staging.valicodeipellegrini.it\/wp-content\/uploads\/2014\/05\/villamarianna1.jpg\" class=\"is-lightbox \" alt=\"thumbnail\" \/><\/a><\/div>\n<p>Capacit\u00e9 d&rsquo;accueil totale de 25 places-lits r\u00e9parties en 5 appartements<br \/>\n<\/div><\/div><\/div>\n<div class=\"service-item service-item-space\"><div class=\"service-content\"><h4><a href=\"\/fr\/les-fermes\/vista-del-mondo\/\" >Vista del Mondo<\/a><\/h4><div class=\"service-details\">\n<div class=\"lightbox-shortcode lightbox-shortcode-center\" style=\"margin:0 auto; text-align:center;\"><a rel=\"prettyPhoto[group]\" title=\"\" href=\"https:\/\/staging.valicodeipellegrini.it\/wp-content\/uploads\/2015\/11\/vistadelmondo.jpg\"><span class=\"shortcode-lightbox-indicate\"><i class=\"icon-plus\"><\/i><\/span><img decoding=\"async\" src=\"https:\/\/staging.valicodeipellegrini.it\/wp-content\/uploads\/2015\/11\/vistadelmondo.jpg\" class=\"is-lightbox \" alt=\"thumbnail\" \/><\/a><\/div>\nCapacit\u00e9 d&rsquo;accueil totale de 13 places-lits r\u00e9parties en 2 appartements sur deux \u00e9tages chacun<br \/>\n<\/div><\/div><\/div>\n<div class=\"service-item clearfix\"><div class=\"service-content\"><h4><a href=\"\/fr\/les-fermes\/posto-del-sole\/\" >Posto del Sole<\/a><\/h4><div class=\"service-details\">\n<div class=\"lightbox-shortcode lightbox-shortcode-center\" style=\"margin:0 auto; text-align:center;\"><a rel=\"prettyPhoto[group]\" title=\"\" href=\"https:\/\/staging.valicodeipellegrini.it\/wp-content\/uploads\/2015\/11\/agriturismo-posto-del-sole-piscina.jpg\"><span class=\"shortcode-lightbox-indicate\"><i class=\"icon-plus\"><\/i><\/span><img decoding=\"async\" src=\"https:\/\/staging.valicodeipellegrini.it\/wp-content\/uploads\/2015\/12\/agriturismo-posto-del-sole-piscina-th.jpg\" class=\"is-lightbox \" alt=\"thumbnail\" \/><\/a><\/div>\nCapacit\u00e9 d&rsquo;accueil totale de 17 places-lits r\u00e9parties en 4 appartements<br \/>\n<\/div><\/div><\/div>\n<\/div>\n<div class=\"column1\"><h6 style=\"text-align: center;\"><strong>TOUS LES APPARTEMENTS AM\u00c9NAG\u00c9S DANS LES FERMES SONT DOT\u00c9S DE:<\/strong><\/h6>\n<ul style=\"text-align: left;\">\n<li style=\"text-align: center;\">salle de bain \u00e9quip\u00e9e pour les personnes handicap\u00e9es (au rez-de-chauss\u00e9e)<\/li>\n<li style=\"text-align: center;\">connexion internet Wi-Fi<\/li>\n<li style=\"text-align: center;\">possibilit\u00e9 d&rsquo;amener des animaux domestiques\n<\/li>\n<\/ul>\n<h6 style=\"text-align: center;\"><strong>Notre cuisine paysanne est pr\u00e9par\u00e9e avec:<\/strong><\/h6>\n<ul style=\"text-align: left;\">\n<li style=\"text-align: center;\">les \u0153ufs de nos poules ou de celles de nos paysans;<\/li>\n<li style=\"text-align: center;\">les p\u00e2tes pr\u00e9par\u00e9es avec nos \u0153ufs ou avec ceux de nos paysans;<\/li>\n<li style=\"text-align: center;\">l&rsquo;huile produite par nos oliviers;<\/li>\n<li style=\"text-align: center;\">la viande produite par nos animaux ou par ceux de nos paysans;<\/li>\n<li style=\"text-align: center;\">les l\u00e9gumes issus de notre potager ou de ceux de nos paysans.;<\/li>\n<\/ul>\n<p>&nbsp;<\/p><\/div>\n<p><\/div><\/div>\n<div class=\"fullpage-block fullpage-block-6583-2\"  style=\"background-color: ; background-image: url(); padding-top:px; padding-bottom:px; background-attachment:fixed; background-position:50% 50%; background-repeat: repeat;\"><div class=\"fullpage-item \">\n<div class=\"clearfix divider-common divider-blank\" style=\"padding-top:30px;padding-bottom:30px;\"><\/div>\n<div class=\"column2 column_space\"><div class=\"shortcode-time-counter-block\"><i style=\"color:#83D5C0 !important;\" class=\"time-count-icon icon-moon\"><\/i><div class=\"time-count-data\" id=\"time-count-data-6583-c32\" data-start=\"40\" data-end=\"55\"><\/div><div class=\"time-count-title\"><h4>Nombre total de places-lits<\/h4><\/div>\n<\/div>\n<script>\njQuery(document).ready(function($){\n\t$('#time-count-data-6583-c32').waypoint(function() {\n    $('#time-count-data-6583-c32').countTo({\n        from: 40,\n        to: 55,\n        speed: 5000,\n        decimals: 0,\n        refreshInterval: 50,\n        onComplete: function(value) {\n        }\n    });\n\t}, { offset: 'bottom-in-view',triggerOnce: true });\n});\n<\/script><\/div>\n<div class=\"column2 clearfix\"><div class=\"shortcode-time-counter-block\"><i style=\"color:#3CBC6D !important;\" class=\"time-count-icon icon-leaf\"><\/i><div class=\"time-count-data\" id=\"time-count-data-6583-aafd\" data-start=\"135\" data-end=\"150\"><\/div><div class=\"time-count-title\"><h4>Hectares de verdure<\/h4><\/div>\n<\/div>\n<script>\njQuery(document).ready(function($){\n\t$('#time-count-data-6583-aafd').waypoint(function() {\n    $('#time-count-data-6583-aafd').countTo({\n        from: 135,\n        to: 150,\n        speed: 5000,\n        decimals: 0,\n        refreshInterval: 50,\n        onComplete: function(value) {\n        }\n    });\n\t}, { offset: 'bottom-in-view',triggerOnce: true });\n});\n<\/script><\/div><div class=\"clear\"><\/div>\n<\/div><\/div>\n<p>&nbsp;<\/p>\n<p>&nbsp;<\/p>\n","protected":false},"excerpt":{"rendered":"<p>&nbsp; &nbsp;<\/p>\n","protected":false},"author":1,"featured_media":0,"parent":0,"menu_order":0,"comment_status":"closed","ping_status":"closed","template":"template-fullpage.php","meta":{"footnotes":""},"class_list":["post-6583","page","type-page","status-publish","hentry"],"yoast_head":"<!-- This site is optimized with the Yoast SEO plugin v26.9 - https:\/\/yoast.com\/product\/yoast-seo-wordpress\/ -->\n<title>Accueil - Agriturismo Valico dei Pellegrini<\/title>\n<meta name=\"robots\" content=\"index, follow, max-snippet:-1, max-image-preview:large, max-video-preview:-1\" \/>\n<link rel=\"canonical\" href=\"https:\/\/staging.valicodeipellegrini.it\/fr\/\" \/>\n<meta property=\"og:locale\" content=\"fr_FR\" \/>\n<meta property=\"og:type\" content=\"article\" \/>\n<meta property=\"og:title\" content=\"Accueil - Agriturismo Valico dei Pellegrini\" \/>\n<meta property=\"og:description\" content=\"&nbsp; &nbsp;\" \/>\n<meta property=\"og:url\" content=\"https:\/\/staging.valicodeipellegrini.it\/fr\/\" \/>\n<meta property=\"og:site_name\" content=\"Agriturismo Valico dei Pellegrini\" \/>\n<meta property=\"article:modified_time\" content=\"2016-03-31T14:30:20+00:00\" \/>\n<meta name=\"twitter:card\" content=\"summary_large_image\" \/>\n<meta name=\"twitter:label1\" content=\"Dur\u00e9e de lecture estim\u00e9e\" \/>\n\t<meta name=\"twitter:data1\" content=\"2 minutes\" \/>\n<script type=\"application\/ld+json\" class=\"yoast-schema-graph\">{\"@context\":\"https:\/\/schema.org\",\"@graph\":[{\"@type\":\"WebPage\",\"@id\":\"https:\/\/staging.valicodeipellegrini.it\/fr\/\",\"url\":\"https:\/\/staging.valicodeipellegrini.it\/fr\/\",\"name\":\"Accueil - Agriturismo Valico dei Pellegrini\",\"isPartOf\":{\"@id\":\"https:\/\/staging.valicodeipellegrini.it\/#website\"},\"datePublished\":\"2016-03-31T10:15:59+00:00\",\"dateModified\":\"2016-03-31T14:30:20+00:00\",\"breadcrumb\":{\"@id\":\"https:\/\/staging.valicodeipellegrini.it\/fr\/#breadcrumb\"},\"inLanguage\":\"fr-FR\",\"potentialAction\":[{\"@type\":\"ReadAction\",\"target\":[\"https:\/\/staging.valicodeipellegrini.it\/fr\/\"]}]},{\"@type\":\"BreadcrumbList\",\"@id\":\"https:\/\/staging.valicodeipellegrini.it\/fr\/#breadcrumb\",\"itemListElement\":[{\"@type\":\"ListItem\",\"position\":1,\"name\":\"Home\",\"item\":\"https:\/\/staging.valicodeipellegrini.it\/fr\/\"},{\"@type\":\"ListItem\",\"position\":2,\"name\":\"Accueil\"}]},{\"@type\":\"WebSite\",\"@id\":\"https:\/\/staging.valicodeipellegrini.it\/#website\",\"url\":\"https:\/\/staging.valicodeipellegrini.it\/\",\"name\":\"Agriturismo Valico dei Pellegrini\",\"description\":\"Natura e relax in Umbria\",\"potentialAction\":[{\"@type\":\"SearchAction\",\"target\":{\"@type\":\"EntryPoint\",\"urlTemplate\":\"https:\/\/staging.valicodeipellegrini.it\/?s={search_term_string}\"},\"query-input\":{\"@type\":\"PropertyValueSpecification\",\"valueRequired\":true,\"valueName\":\"search_term_string\"}}],\"inLanguage\":\"fr-FR\"}]}<\/script>\n<!-- \/ Yoast SEO plugin. -->","yoast_head_json":{"title":"Accueil - Agriturismo Valico dei Pellegrini","robots":{"index":"index","follow":"follow","max-snippet":"max-snippet:-1","max-image-preview":"max-image-preview:large","max-video-preview":"max-video-preview:-1"},"canonical":"https:\/\/staging.valicodeipellegrini.it\/fr\/","og_locale":"fr_FR","og_type":"article","og_title":"Accueil - Agriturismo Valico dei Pellegrini","og_description":"&nbsp; &nbsp;","og_url":"https:\/\/staging.valicodeipellegrini.it\/fr\/","og_site_name":"Agriturismo Valico dei Pellegrini","article_modified_time":"2016-03-31T14:30:20+00:00","twitter_card":"summary_large_image","twitter_misc":{"Dur\u00e9e de lecture estim\u00e9e":"2 minutes"},"schema":{"@context":"https:\/\/schema.org","@graph":[{"@type":"WebPage","@id":"https:\/\/staging.valicodeipellegrini.it\/fr\/","url":"https:\/\/staging.valicodeipellegrini.it\/fr\/","name":"Accueil - Agriturismo Valico dei Pellegrini","isPartOf":{"@id":"https:\/\/staging.valicodeipellegrini.it\/#website"},"datePublished":"2016-03-31T10:15:59+00:00","dateModified":"2016-03-31T14:30:20+00:00","breadcrumb":{"@id":"https:\/\/staging.valicodeipellegrini.it\/fr\/#breadcrumb"},"inLanguage":"fr-FR","potentialAction":[{"@type":"ReadAction","target":["https:\/\/staging.valicodeipellegrini.it\/fr\/"]}]},{"@type":"BreadcrumbList","@id":"https:\/\/staging.valicodeipellegrini.it\/fr\/#breadcrumb","itemListElement":[{"@type":"ListItem","position":1,"name":"Home","item":"https:\/\/staging.valicodeipellegrini.it\/fr\/"},{"@type":"ListItem","position":2,"name":"Accueil"}]},{"@type":"WebSite","@id":"https:\/\/staging.valicodeipellegrini.it\/#website","url":"https:\/\/staging.valicodeipellegrini.it\/","name":"Agriturismo Valico dei Pellegrini","description":"Natura e relax in Umbria","potentialAction":[{"@type":"SearchAction","target":{"@type":"EntryPoint","urlTemplate":"https:\/\/staging.valicodeipellegrini.it\/?s={search_term_string}"},"query-input":{"@type":"PropertyValueSpecification","valueRequired":true,"valueName":"search_term_string"}}],"inLanguage":"fr-FR"}]}},"_links":{"self":[{"href":"https:\/\/staging.valicodeipellegrini.it\/fr\/wp-json\/wp\/v2\/pages\/6583","targetHints":{"allow":["GET"]}}],"collection":[{"href":"https:\/\/staging.valicodeipellegrini.it\/fr\/wp-json\/wp\/v2\/pages"}],"about":[{"href":"https:\/\/staging.valicodeipellegrini.it\/fr\/wp-json\/wp\/v2\/types\/page"}],"author":[{"embeddable":true,"href":"https:\/\/staging.valicodeipellegrini.it\/fr\/wp-json\/wp\/v2\/users\/1"}],"replies":[{"embeddable":true,"href":"https:\/\/staging.valicodeipellegrini.it\/fr\/wp-json\/wp\/v2\/comments?post=6583"}],"version-history":[{"count":5,"href":"https:\/\/staging.valicodeipellegrini.it\/fr\/wp-json\/wp\/v2\/pages\/6583\/revisions"}],"predecessor-version":[{"id":6836,"href":"https:\/\/staging.valicodeipellegrini.it\/fr\/wp-json\/wp\/v2\/pages\/6583\/revisions\/6836"}],"wp:attachment":[{"href":"https:\/\/staging.valicodeipellegrini.it\/fr\/wp-json\/wp\/v2\/media?parent=6583"}],"curies":[{"name":"wp","href":"https:\/\/api.w.org\/{rel}","templated":true}]}}