{"id":6597,"date":"2016-03-31T10:39:02","date_gmt":"2016-03-31T10:39:02","guid":{"rendered":"https:\/\/staging.valicodeipellegrini.it\/fr\/?page_id=6597"},"modified":"2016-03-31T22:46:49","modified_gmt":"2016-03-31T22:46:49","slug":"posto-del-sole","status":"publish","type":"page","link":"https:\/\/staging.valicodeipellegrini.it\/fr\/les-fermes\/posto-del-sole\/","title":{"rendered":"Posto del Sole"},"content":{"rendered":"<h1 style=\"text-align: center;\">Posto del Sole<\/h1>\n<div class=\"clearfix divider-common divider-blank\" style=\"padding-top:20px;padding-bottom:20px;\"><\/div>\n<h2 style=\"text-align: center;\">Capacit\u00e9 d&rsquo;accueil totale de 17 places-lits r\u00e9parties en 4 appartements.<\/h2>\n<div class=\"clearfix divider-common divider-blank\" style=\"padding-top:10px;padding-bottom:10px;\"><\/div>\n<div class=\"column3 column_space\"><a href=\"https:\/\/staging.valicodeipellegrini.it\/wp-content\/uploads\/2015\/11\/agriturismo-posto-del-sole-piscina.jpg\" rel=\"attachment wp-att-6003\"><img loading=\"lazy\" decoding=\"async\" width=\"300\" height=\"200\" class=\"size-medium wp-image-6003 aligncenter\" src=\"https:\/\/staging.valicodeipellegrini.it\/wp-content\/uploads\/2015\/11\/agriturismo-posto-del-sole-piscina-300x200.jpg\" alt=\"agriturismo-posto-del-sole-piscina\" srcset=\"https:\/\/staging.valicodeipellegrini.it\/wp-content\/uploads\/2015\/11\/agriturismo-posto-del-sole-piscina-300x200.jpg 300w, https:\/\/staging.valicodeipellegrini.it\/wp-content\/uploads\/2015\/11\/agriturismo-posto-del-sole-piscina-768x511.jpg 768w, https:\/\/staging.valicodeipellegrini.it\/wp-content\/uploads\/2015\/11\/agriturismo-posto-del-sole-piscina-50x33.jpg 50w, https:\/\/staging.valicodeipellegrini.it\/wp-content\/uploads\/2015\/11\/agriturismo-posto-del-sole-piscina.jpg 900w\" sizes=\"auto, (max-width: 300px) 100vw, 300px\" \/><\/a><br \/><\/div>\n<div class=\"column3 column_space\"><a href=\"https:\/\/staging.valicodeipellegrini.it\/wp-content\/uploads\/2015\/12\/posto-del-sole-camera-da-letto.jpg\" rel=\"attachment wp-att-6005\"><img loading=\"lazy\" decoding=\"async\" class=\"wp-image-6057 size-medium aligncenter\" src=\"https:\/\/staging.valicodeipellegrini.it\/wp-content\/uploads\/2015\/12\/posto-del-sole-camera-da-letto-300x200.jpg\" alt=\"\" width=\"300\" height=\"200\" srcset=\"https:\/\/staging.valicodeipellegrini.it\/wp-content\/uploads\/2015\/12\/posto-del-sole-camera-da-letto-300x200.jpg 300w, https:\/\/staging.valicodeipellegrini.it\/wp-content\/uploads\/2015\/12\/posto-del-sole-camera-da-letto-768x511.jpg 768w, https:\/\/staging.valicodeipellegrini.it\/wp-content\/uploads\/2015\/12\/posto-del-sole-camera-da-letto-50x33.jpg 50w, https:\/\/staging.valicodeipellegrini.it\/wp-content\/uploads\/2015\/12\/posto-del-sole-camera-da-letto.jpg 900w\" sizes=\"auto, (max-width: 300px) 100vw, 300px\" \/><\/a><br \/><\/div>\n<div class=\"column3 clearfix\"><a href=\"https:\/\/staging.valicodeipellegrini.it\/wp-content\/uploads\/2015\/11\/agriturismo-posto-del-sole-soggiorno-camino.jpg\" rel=\"attachment wp-att-6004\"><img loading=\"lazy\" decoding=\"async\" width=\"300\" height=\"200\" class=\"size-medium wp-image-6004 aligncenter\" src=\"https:\/\/staging.valicodeipellegrini.it\/wp-content\/uploads\/2015\/11\/agriturismo-posto-del-sole-soggiorno-camino-300x200.jpg\" alt=\"agriturismo-posto-del-sole-soggiorno-camino\" srcset=\"https:\/\/staging.valicodeipellegrini.it\/wp-content\/uploads\/2015\/11\/agriturismo-posto-del-sole-soggiorno-camino-300x200.jpg 300w, https:\/\/staging.valicodeipellegrini.it\/wp-content\/uploads\/2015\/11\/agriturismo-posto-del-sole-soggiorno-camino-768x511.jpg 768w, https:\/\/staging.valicodeipellegrini.it\/wp-content\/uploads\/2015\/11\/agriturismo-posto-del-sole-soggiorno-camino-50x33.jpg 50w, https:\/\/staging.valicodeipellegrini.it\/wp-content\/uploads\/2015\/11\/agriturismo-posto-del-sole-soggiorno-camino.jpg 900w\" sizes=\"auto, (max-width: 300px) 100vw, 300px\" \/><\/a><br \/><\/div><div class=\"clear\"><\/div>\n<p><strong>Appartement n\u00b0 1<\/strong> (rez-de-chauss\u00e9e)\u00a0: grand s\u00e9jour avec chemin\u00e9e, cuisine, grande chambre avec 4 places-lits, salle de bain pour personnes handicap\u00e9es.<\/p>\n<p><strong>Appartement n\u00b0 2<\/strong> (rez-de-chauss\u00e9e)\u00a0: grand s\u00e9jour avec chemin\u00e9e, cuisine, grande chambre avec 3 places-lits, salle de bain.<br \/>\nEn outre, les deux appartements peuvent \u00eatre utilis\u00e9s en commun en ouvrant une porte qui les s\u00e9pare, ou bien s\u00e9par\u00e9ment, en tenant la porte ferm\u00e9e.<\/p>\n<p><strong>Appartements n\u00b0 3 et 4<\/strong> (1er \u00e9tage)\u00a0: grand s\u00e9jour avec chemin\u00e9e, cuisine, 3 chambres avec 10 places-lits, 2 salles de bain. Les deux appartements sont reli\u00e9s par une terrasse couverte et peuvent \u00eatre v\u00e9cus de mani\u00e8re ind\u00e9pendante ou s\u00e9par\u00e9s. Chaque appartement est dot\u00e9 d&rsquo;un canap\u00e9-lit 2 places.<\/p>\n<p>Il est possible de r\u00e9server simultan\u00e9ment un ou plusieurs appartements, ou bien l&rsquo;ensemble de l&rsquo;\u00e9tablissement.<\/p>\n<div class=\"pricing-table clearfix\">\n<div class=\"App1-postoDelSole\"><div class=\"pricing-column-target column4 pricing_highlight\"><div class=\"pricing-column-type-1 pricing-column\"><ul><li class=\"pricing-title\">Appartement n\u00b0 1<\/li>\n<li class=\"pricing-price\"><span class=\"pricing-currency\">rez-de-chauss\u00e9e<\/span><span class=\"pricing-suffix\"><\/span><\/li><li class=\"pricing-duration\"><\/li>\n<li class=\"pricing-row\">4 places-lits<\/li><li class=\"pricing-row\">1\u00a0salle de bain<\/li>\n<li class=\"pricing-row\">s\u00e9jour<\/li>\n<li class=\"pricing-row\">cuisine<\/li>\n<\/ul><\/div><\/div><\/div>\n<div class=\"App2-postoDelSole\"><div class=\"pricing-column-target column4 pricing_highlight\"><div class=\"pricing-column-type-1 pricing-column\"><ul><li class=\"pricing-title\">Appartement n\u00b0 2<\/li>\n<li class=\"pricing-price\"><span class=\"pricing-currency\">rez-de-chauss\u00e9e<\/span><span class=\"pricing-suffix\"><\/span><\/li><li class=\"pricing-duration\"><\/li>\n<li class=\"pricing-row\">3 places-lits<\/li><li class=\"pricing-row\">1 salle de bain<\/li>\n<li class=\"pricing-row\">s\u00e9jour<\/li>\n<li class=\"pricing-row\">cuisine<\/li>\n<\/ul><\/div><\/div><\/div>\n<div class=\"App3-postoDelSole\"><div class=\"pricing-column-target column4 pricing_highlight\"><div class=\"pricing-column-type-1 pricing-column\"><ul><li class=\"pricing-title\">Appartement n\u00b0 3<\/li>\n<li class=\"pricing-price\"><span class=\"pricing-currency\">1er \u00e9tage<\/span><span class=\"pricing-suffix\"><\/span><\/li><li class=\"pricing-duration\"><\/li>\n<li class=\"pricing-row\">4 places-lits<\/li><li class=\"pricing-row\">1 salle de bain<\/li>\n<li class=\"pricing-row\">s\u00e9jour<\/li>\n<li class=\"pricing-row\">cuisine<\/li>\n<\/ul><\/div><\/div><\/div>\n<div class=\"App4-postoDelSole\"><div class=\"pricing-column-target column4 pricing_highlight\"><div class=\"pricing-column-type-1 pricing-column\"><ul><li class=\"pricing-title\">Appartement n\u00b0 4<\/li>\n<li class=\"pricing-price\"><span class=\"pricing-currency\">1er \u00e9tage<\/span><span class=\"pricing-suffix\"><\/span><\/li><li class=\"pricing-duration\"><\/li>\n<li class=\"pricing-row\">3-6 places-lits<\/li><li class=\"pricing-row\">2 salles de bain<\/li>\n<li class=\"pricing-row\">s\u00e9jour ou 3 places-lits<\/li><li class=\"pricing-row\">cuisine<\/li>\n<\/ul><\/div><\/div><\/div>\n<p>&nbsp;<\/p>\n<p><\/div>\n<div class=\"clearfix divider-common divider-blank\" style=\"padding-top:10px;padding-bottom:10px;\"><\/div>\n<div class=\"column2 column_space\"><p style=\"text-align: center;\"><strong>Rez-de-chauss\u00e9e<\/strong><\/p>\n<p style=\"text-align: center;\"><a href=\"https:\/\/staging.valicodeipellegrini.it\/wp-content\/uploads\/2016\/03\/postoAlSole-PT-FR.jpg\" rel=\"attachment wp-att-6000\"><img loading=\"lazy\" decoding=\"async\" class=\"alignnone wp-image-6942 size-medium\" src=\"https:\/\/staging.valicodeipellegrini.it\/wp-content\/uploads\/2016\/03\/postoAlSole-PT-FR-300x120.jpg\" alt=\"\" width=\"300\" height=\"120\" srcset=\"https:\/\/staging.valicodeipellegrini.it\/wp-content\/uploads\/2016\/03\/postoAlSole-PT-FR-300x120.jpg 300w, https:\/\/staging.valicodeipellegrini.it\/wp-content\/uploads\/2016\/03\/postoAlSole-PT-FR-768x307.jpg 768w, https:\/\/staging.valicodeipellegrini.it\/wp-content\/uploads\/2016\/03\/postoAlSole-PT-FR-1024x410.jpg 1024w, https:\/\/staging.valicodeipellegrini.it\/wp-content\/uploads\/2016\/03\/postoAlSole-PT-FR-756x300.jpg 756w, https:\/\/staging.valicodeipellegrini.it\/wp-content\/uploads\/2016\/03\/postoAlSole-PT-FR-924x370.jpg 924w, https:\/\/staging.valicodeipellegrini.it\/wp-content\/uploads\/2016\/03\/postoAlSole-PT-FR-50x20.jpg 50w, https:\/\/staging.valicodeipellegrini.it\/wp-content\/uploads\/2016\/03\/postoAlSole-PT-FR.jpg 1100w\" sizes=\"auto, (max-width: 300px) 100vw, 300px\" \/><\/a><a href=\"https:\/\/staging.valicodeipellegrini.it\/wp-content\/uploads\/2015\/11\/planimetria-villa-marianna-piano-terra-950.jpg\" rel=\"attachment wp-att-5979\"><br \/>\n<\/a><br \/><\/div>\n<div class=\"column2 clearfix\"><p style=\"text-align: center;\"><strong>1er \u00e9tage<\/strong><\/p>\n<p><a href=\"https:\/\/staging.valicodeipellegrini.it\/wp-content\/uploads\/2016\/03\/postoAlSole-P1-FR.jpg\" rel=\"attachment wp-att-6001\"><img loading=\"lazy\" decoding=\"async\" class=\"wp-image-6947 size-medium aligncenter\" src=\"https:\/\/staging.valicodeipellegrini.it\/wp-content\/uploads\/2016\/03\/postoAlSole-P1-FR-300x120.jpg\" alt=\"\" width=\"300\" height=\"120\" srcset=\"https:\/\/staging.valicodeipellegrini.it\/wp-content\/uploads\/2016\/03\/postoAlSole-P1-FR-300x120.jpg 300w, https:\/\/staging.valicodeipellegrini.it\/wp-content\/uploads\/2016\/03\/postoAlSole-P1-FR-768x307.jpg 768w, https:\/\/staging.valicodeipellegrini.it\/wp-content\/uploads\/2016\/03\/postoAlSole-P1-FR-1024x410.jpg 1024w, https:\/\/staging.valicodeipellegrini.it\/wp-content\/uploads\/2016\/03\/postoAlSole-P1-FR-756x300.jpg 756w, https:\/\/staging.valicodeipellegrini.it\/wp-content\/uploads\/2016\/03\/postoAlSole-P1-FR-924x370.jpg 924w, https:\/\/staging.valicodeipellegrini.it\/wp-content\/uploads\/2016\/03\/postoAlSole-P1-FR-50x20.jpg 50w, https:\/\/staging.valicodeipellegrini.it\/wp-content\/uploads\/2016\/03\/postoAlSole-P1-FR.jpg 1100w\" sizes=\"auto, (max-width: 300px) 100vw, 300px\" \/><\/a><\/p>\n<p><\/div><div class=\"clear\"><\/div>\n<div class=\"clearfix divider-common divider-blank\" style=\"padding-top:10px;padding-bottom:10px;\"><\/div>\n\n    <div class=\"googlemaps\" id=\"map\"><\/div>\n\t\n    \n\t<style type=\"text\/css\">\n\t\t.googlemaps { width: 1000px;}\n\t\t.googlemaps { height: 400px;}\n\t\t.googlemaps {max-width:100%;font-weight: bold; color: #000;}\n        .googlemaps img {max-width: 100000%; \/* override *\/}\n    <\/style>\n    <script type=\"text\/javascript\">\n\tjQuery(document).ready(function(){\n\t\tvar latlng = new google.maps.LatLng(42.769147, 12.801760);\n\t\tvar myOptions = {\n\t\t\tzoom: 14,\n\t\t\tcenter: latlng,\n\t\t\tscrollwheel: false,\n\t\t\tscaleControl: false,\n\t\t\tdisableDefaultUI: false,\n\t\t\tmapTypeId: google.maps.MapTypeId.ROADMAP\n\t\t};\n\t\tvar map = new google.maps.Map(document.getElementById(\"map\"),\n\t\tmyOptions);\n\t\t\n\t\t\t\tvar marker = new google.maps.Marker({\n\t\t\t\tmap: map, \n\t\t\t\t\n\t\t\t\tposition: map.getCenter()\n\t\t\t});\n\t\t\t\n\t\t\t\tvar contentString = 'Posto del Sole';\n\t\t\t\tvar infowindow = new google.maps.InfoWindow({\n\t\t\t\t\tcontent: contentString\n\t\t\t\t});\n\t\t\t\t\t\t\t\n\t\t\t\tgoogle.maps.event.addListener(marker, 'click', function() {\n\t\t\t\t  infowindow.open(map,marker);\n\t\t\t\t});\n\t\t\t\t\n\t\t\t\t\t\tinfowindow.open(map,marker);\n\t\t\t\t\t});<\/script>\n","protected":false},"excerpt":{"rendered":"<p>Posto del Sole Capacit\u00e9 d&rsquo;accueil totale de 17 places-lits r\u00e9parties en 4 appartements. Appartement n\u00b0 1 (rez-de-chauss\u00e9e)\u00a0: grand s\u00e9jour avec chemin\u00e9e, cuisine, grande chambre avec 4 places-lits, salle de bain pour personnes handicap\u00e9es. Appartement n\u00b0 2 (rez-de-chauss\u00e9e)\u00a0: grand s\u00e9jour avec chemin\u00e9e, cuisine, grande chambre avec 3 places-lits, salle de bain. En outre, les deux appartements peuvent \u00eatre utilis\u00e9s en commun en ouvrant une porte qui les s\u00e9pare, ou bien s\u00e9par\u00e9ment, en tenant la porte ferm\u00e9e. Appartements n\u00b0 3 et 4 [&hellip;]<\/p>\n","protected":false},"author":1,"featured_media":0,"parent":6589,"menu_order":0,"comment_status":"closed","ping_status":"closed","template":"","meta":{"footnotes":""},"class_list":["post-6597","page","type-page","status-publish","hentry"],"yoast_head":"<!-- This site is optimized with the Yoast SEO plugin v26.9 - https:\/\/yoast.com\/product\/yoast-seo-wordpress\/ -->\n<title>Posto del Sole - Agriturismo Valico dei Pellegrini<\/title>\n<meta name=\"robots\" content=\"index, follow, max-snippet:-1, max-image-preview:large, max-video-preview:-1\" \/>\n<link rel=\"canonical\" href=\"https:\/\/staging.valicodeipellegrini.it\/fr\/les-fermes\/posto-del-sole\/\" \/>\n<meta property=\"og:locale\" content=\"fr_FR\" \/>\n<meta property=\"og:type\" content=\"article\" \/>\n<meta property=\"og:title\" content=\"Posto del Sole - Agriturismo Valico dei Pellegrini\" \/>\n<meta property=\"og:description\" content=\"Posto del Sole Capacit\u00e9 d&rsquo;accueil totale de 17 places-lits r\u00e9parties en 4 appartements. Appartement n\u00b0 1 (rez-de-chauss\u00e9e)\u00a0: grand s\u00e9jour avec chemin\u00e9e, cuisine, grande chambre avec 4 places-lits, salle de bain pour personnes handicap\u00e9es. Appartement n\u00b0 2 (rez-de-chauss\u00e9e)\u00a0: grand s\u00e9jour avec chemin\u00e9e, cuisine, grande chambre avec 3 places-lits, salle de bain. En outre, les deux appartements peuvent \u00eatre utilis\u00e9s en commun en ouvrant une porte qui les s\u00e9pare, ou bien s\u00e9par\u00e9ment, en tenant la porte ferm\u00e9e. Appartements n\u00b0 3 et 4 [&hellip;]\" \/>\n<meta property=\"og:url\" content=\"https:\/\/staging.valicodeipellegrini.it\/fr\/les-fermes\/posto-del-sole\/\" \/>\n<meta property=\"og:site_name\" content=\"Agriturismo Valico dei Pellegrini\" \/>\n<meta property=\"article:modified_time\" content=\"2016-03-31T22:46:49+00:00\" \/>\n<meta property=\"og:image\" content=\"https:\/\/staging.valicodeipellegrini.it\/wp-content\/uploads\/2015\/11\/agriturismo-posto-del-sole-piscina.jpg\" \/>\n\t<meta property=\"og:image:width\" content=\"900\" \/>\n\t<meta property=\"og:image:height\" content=\"599\" \/>\n\t<meta property=\"og:image:type\" content=\"image\/jpeg\" \/>\n<meta name=\"twitter:card\" content=\"summary_large_image\" \/>\n<meta name=\"twitter:label1\" content=\"Dur\u00e9e de lecture estim\u00e9e\" \/>\n\t<meta name=\"twitter:data1\" content=\"2 minutes\" \/>\n<script type=\"application\/ld+json\" class=\"yoast-schema-graph\">{\"@context\":\"https:\/\/schema.org\",\"@graph\":[{\"@type\":\"WebPage\",\"@id\":\"https:\/\/staging.valicodeipellegrini.it\/fr\/les-fermes\/posto-del-sole\/\",\"url\":\"https:\/\/staging.valicodeipellegrini.it\/fr\/les-fermes\/posto-del-sole\/\",\"name\":\"Posto del Sole - Agriturismo Valico dei Pellegrini\",\"isPartOf\":{\"@id\":\"https:\/\/staging.valicodeipellegrini.it\/#website\"},\"primaryImageOfPage\":{\"@id\":\"https:\/\/staging.valicodeipellegrini.it\/fr\/les-fermes\/posto-del-sole\/#primaryimage\"},\"image\":{\"@id\":\"https:\/\/staging.valicodeipellegrini.it\/fr\/les-fermes\/posto-del-sole\/#primaryimage\"},\"thumbnailUrl\":\"https:\/\/staging.valicodeipellegrini.it\/wp-content\/uploads\/2015\/11\/agriturismo-posto-del-sole-piscina-300x200.jpg\",\"datePublished\":\"2016-03-31T10:39:02+00:00\",\"dateModified\":\"2016-03-31T22:46:49+00:00\",\"breadcrumb\":{\"@id\":\"https:\/\/staging.valicodeipellegrini.it\/fr\/les-fermes\/posto-del-sole\/#breadcrumb\"},\"inLanguage\":\"fr-FR\",\"potentialAction\":[{\"@type\":\"ReadAction\",\"target\":[\"https:\/\/staging.valicodeipellegrini.it\/fr\/les-fermes\/posto-del-sole\/\"]}]},{\"@type\":\"ImageObject\",\"inLanguage\":\"fr-FR\",\"@id\":\"https:\/\/staging.valicodeipellegrini.it\/fr\/les-fermes\/posto-del-sole\/#primaryimage\",\"url\":\"https:\/\/staging.valicodeipellegrini.it\/wp-content\/uploads\/2015\/11\/agriturismo-posto-del-sole-piscina-300x200.jpg\",\"contentUrl\":\"https:\/\/staging.valicodeipellegrini.it\/wp-content\/uploads\/2015\/11\/agriturismo-posto-del-sole-piscina-300x200.jpg\"},{\"@type\":\"BreadcrumbList\",\"@id\":\"https:\/\/staging.valicodeipellegrini.it\/fr\/les-fermes\/posto-del-sole\/#breadcrumb\",\"itemListElement\":[{\"@type\":\"ListItem\",\"position\":1,\"name\":\"Home\",\"item\":\"https:\/\/staging.valicodeipellegrini.it\/fr\/\"},{\"@type\":\"ListItem\",\"position\":2,\"name\":\"Les fermes\",\"item\":\"https:\/\/staging.valicodeipellegrini.it\/fr\/les-fermes\/\"},{\"@type\":\"ListItem\",\"position\":3,\"name\":\"Posto del Sole\"}]},{\"@type\":\"WebSite\",\"@id\":\"https:\/\/staging.valicodeipellegrini.it\/#website\",\"url\":\"https:\/\/staging.valicodeipellegrini.it\/\",\"name\":\"Agriturismo Valico dei Pellegrini\",\"description\":\"Natura e relax in Umbria\",\"potentialAction\":[{\"@type\":\"SearchAction\",\"target\":{\"@type\":\"EntryPoint\",\"urlTemplate\":\"https:\/\/staging.valicodeipellegrini.it\/?s={search_term_string}\"},\"query-input\":{\"@type\":\"PropertyValueSpecification\",\"valueRequired\":true,\"valueName\":\"search_term_string\"}}],\"inLanguage\":\"fr-FR\"}]}<\/script>\n<!-- \/ Yoast SEO plugin. -->","yoast_head_json":{"title":"Posto del Sole - Agriturismo Valico dei Pellegrini","robots":{"index":"index","follow":"follow","max-snippet":"max-snippet:-1","max-image-preview":"max-image-preview:large","max-video-preview":"max-video-preview:-1"},"canonical":"https:\/\/staging.valicodeipellegrini.it\/fr\/les-fermes\/posto-del-sole\/","og_locale":"fr_FR","og_type":"article","og_title":"Posto del Sole - Agriturismo Valico dei Pellegrini","og_description":"Posto del Sole Capacit\u00e9 d&rsquo;accueil totale de 17 places-lits r\u00e9parties en 4 appartements. Appartement n\u00b0 1 (rez-de-chauss\u00e9e)\u00a0: grand s\u00e9jour avec chemin\u00e9e, cuisine, grande chambre avec 4 places-lits, salle de bain pour personnes handicap\u00e9es. Appartement n\u00b0 2 (rez-de-chauss\u00e9e)\u00a0: grand s\u00e9jour avec chemin\u00e9e, cuisine, grande chambre avec 3 places-lits, salle de bain. En outre, les deux appartements peuvent \u00eatre utilis\u00e9s en commun en ouvrant une porte qui les s\u00e9pare, ou bien s\u00e9par\u00e9ment, en tenant la porte ferm\u00e9e. Appartements n\u00b0 3 et 4 [&hellip;]","og_url":"https:\/\/staging.valicodeipellegrini.it\/fr\/les-fermes\/posto-del-sole\/","og_site_name":"Agriturismo Valico dei Pellegrini","article_modified_time":"2016-03-31T22:46:49+00:00","og_image":[{"width":900,"height":599,"url":"https:\/\/staging.valicodeipellegrini.it\/wp-content\/uploads\/2015\/11\/agriturismo-posto-del-sole-piscina.jpg","type":"image\/jpeg"}],"twitter_card":"summary_large_image","twitter_misc":{"Dur\u00e9e de lecture estim\u00e9e":"2 minutes"},"schema":{"@context":"https:\/\/schema.org","@graph":[{"@type":"WebPage","@id":"https:\/\/staging.valicodeipellegrini.it\/fr\/les-fermes\/posto-del-sole\/","url":"https:\/\/staging.valicodeipellegrini.it\/fr\/les-fermes\/posto-del-sole\/","name":"Posto del Sole - Agriturismo Valico dei Pellegrini","isPartOf":{"@id":"https:\/\/staging.valicodeipellegrini.it\/#website"},"primaryImageOfPage":{"@id":"https:\/\/staging.valicodeipellegrini.it\/fr\/les-fermes\/posto-del-sole\/#primaryimage"},"image":{"@id":"https:\/\/staging.valicodeipellegrini.it\/fr\/les-fermes\/posto-del-sole\/#primaryimage"},"thumbnailUrl":"https:\/\/staging.valicodeipellegrini.it\/wp-content\/uploads\/2015\/11\/agriturismo-posto-del-sole-piscina-300x200.jpg","datePublished":"2016-03-31T10:39:02+00:00","dateModified":"2016-03-31T22:46:49+00:00","breadcrumb":{"@id":"https:\/\/staging.valicodeipellegrini.it\/fr\/les-fermes\/posto-del-sole\/#breadcrumb"},"inLanguage":"fr-FR","potentialAction":[{"@type":"ReadAction","target":["https:\/\/staging.valicodeipellegrini.it\/fr\/les-fermes\/posto-del-sole\/"]}]},{"@type":"ImageObject","inLanguage":"fr-FR","@id":"https:\/\/staging.valicodeipellegrini.it\/fr\/les-fermes\/posto-del-sole\/#primaryimage","url":"https:\/\/staging.valicodeipellegrini.it\/wp-content\/uploads\/2015\/11\/agriturismo-posto-del-sole-piscina-300x200.jpg","contentUrl":"https:\/\/staging.valicodeipellegrini.it\/wp-content\/uploads\/2015\/11\/agriturismo-posto-del-sole-piscina-300x200.jpg"},{"@type":"BreadcrumbList","@id":"https:\/\/staging.valicodeipellegrini.it\/fr\/les-fermes\/posto-del-sole\/#breadcrumb","itemListElement":[{"@type":"ListItem","position":1,"name":"Home","item":"https:\/\/staging.valicodeipellegrini.it\/fr\/"},{"@type":"ListItem","position":2,"name":"Les fermes","item":"https:\/\/staging.valicodeipellegrini.it\/fr\/les-fermes\/"},{"@type":"ListItem","position":3,"name":"Posto del Sole"}]},{"@type":"WebSite","@id":"https:\/\/staging.valicodeipellegrini.it\/#website","url":"https:\/\/staging.valicodeipellegrini.it\/","name":"Agriturismo Valico dei Pellegrini","description":"Natura e relax in Umbria","potentialAction":[{"@type":"SearchAction","target":{"@type":"EntryPoint","urlTemplate":"https:\/\/staging.valicodeipellegrini.it\/?s={search_term_string}"},"query-input":{"@type":"PropertyValueSpecification","valueRequired":true,"valueName":"search_term_string"}}],"inLanguage":"fr-FR"}]}},"_links":{"self":[{"href":"https:\/\/staging.valicodeipellegrini.it\/fr\/wp-json\/wp\/v2\/pages\/6597","targetHints":{"allow":["GET"]}}],"collection":[{"href":"https:\/\/staging.valicodeipellegrini.it\/fr\/wp-json\/wp\/v2\/pages"}],"about":[{"href":"https:\/\/staging.valicodeipellegrini.it\/fr\/wp-json\/wp\/v2\/types\/page"}],"author":[{"embeddable":true,"href":"https:\/\/staging.valicodeipellegrini.it\/fr\/wp-json\/wp\/v2\/users\/1"}],"replies":[{"embeddable":true,"href":"https:\/\/staging.valicodeipellegrini.it\/fr\/wp-json\/wp\/v2\/comments?post=6597"}],"version-history":[{"count":6,"href":"https:\/\/staging.valicodeipellegrini.it\/fr\/wp-json\/wp\/v2\/pages\/6597\/revisions"}],"predecessor-version":[{"id":7040,"href":"https:\/\/staging.valicodeipellegrini.it\/fr\/wp-json\/wp\/v2\/pages\/6597\/revisions\/7040"}],"up":[{"embeddable":true,"href":"https:\/\/staging.valicodeipellegrini.it\/fr\/wp-json\/wp\/v2\/pages\/6589"}],"wp:attachment":[{"href":"https:\/\/staging.valicodeipellegrini.it\/fr\/wp-json\/wp\/v2\/media?parent=6597"}],"curies":[{"name":"wp","href":"https:\/\/api.w.org\/{rel}","templated":true}]}}