{"id":6615,"date":"2016-03-31T10:54:54","date_gmt":"2016-03-31T10:54:54","guid":{"rendered":"https:\/\/staging.valicodeipellegrini.it\/fr\/?page_id=6615"},"modified":"2016-04-07T11:00:51","modified_gmt":"2016-04-07T11:00:51","slug":"lagrirestaurant","status":"publish","type":"page","link":"https:\/\/staging.valicodeipellegrini.it\/fr\/lagrirestaurant\/","title":{"rendered":"L&rsquo;Agrirestaurant"},"content":{"rendered":"<h1 style=\"text-align: center;\">L&rsquo;Agrirestaurant<\/h1>\n<div class=\"pullquote-center\">\n<p>Situ\u00e9 au demi-sous-sol de la splendide Villa Marianna, l&rsquo;agrirestaurant permet de d\u00e9guster de d\u00e9licieux produits typiques et plats de la cuisine paysanne ombrienne. Tous les produits utilis\u00e9s sont issus de notre production ou de celle des paysans locaux.<\/p>\n<p><\/div>\n<p style=\"text-align: center;\">\nLe contact de restaurant:\n<\/p>\n<p>&nbsp;<\/p>\n<p style=\"text-align: center;\">Tel: +39 348 2520650 (Paolo) \/ +39 340 3453992 (Daniele) &#8211; Email: agrirestaurant@valicodeipellegrini.it<\/p>\n<p>&nbsp;<\/p>\n<p><script>\/\/ <![CDATA[\n(function(d, s, id) { var js, fjs = d.getElementsByTagName(s)[0]; if (d.getElementById(id)) return; js = d.createElement(s); js.id = id; js.src = \"\/\/connect.facebook.net\/it_IT\/all.js#xfbml=1&#038;appId=597539920281141\"; fjs.parentNode.insertBefore(js, fjs); }(document, 'script', 'facebook-jssdk'));\n\/\/ ]]><\/script><\/p>\n<div class=\"fb-like-box\" data-href=\"https:\/\/www.facebook.com\/pages\/2C-Group\/125330864288436?fref=ts\" data-colorscheme=\"light\" data-show-faces=\"false\" data-header=\"true\" data-stream=\"false\" data-show-border=\"true\"><\/div>\n","protected":false},"excerpt":{"rendered":"<p>L&rsquo;Agrirestaurant Le contact de restaurant: &nbsp; Tel: +39 348 2520650 (Paolo) \/ +39 340 3453992 (Daniele) &#8211; Email: agrirestaurant@valicodeipellegrini.it &nbsp;<\/p>\n","protected":false},"author":1,"featured_media":0,"parent":0,"menu_order":0,"comment_status":"closed","ping_status":"closed","template":"","meta":{"footnotes":""},"class_list":["post-6615","page","type-page","status-publish","hentry"],"yoast_head":"<!-- This site is optimized with the Yoast SEO plugin v26.9 - https:\/\/yoast.com\/product\/yoast-seo-wordpress\/ -->\n<title>L&#039;Agrirestaurant - Agriturismo Valico dei Pellegrini<\/title>\n<meta name=\"robots\" content=\"index, follow, max-snippet:-1, max-image-preview:large, max-video-preview:-1\" \/>\n<link rel=\"canonical\" href=\"https:\/\/staging.valicodeipellegrini.it\/fr\/lagrirestaurant\/\" \/>\n<meta property=\"og:locale\" content=\"fr_FR\" \/>\n<meta property=\"og:type\" content=\"article\" \/>\n<meta property=\"og:title\" content=\"L&#039;Agrirestaurant - Agriturismo Valico dei Pellegrini\" \/>\n<meta property=\"og:description\" content=\"L&rsquo;Agrirestaurant Le contact de restaurant: &nbsp; Tel: +39 348 2520650 (Paolo) \/ +39 340 3453992 (Daniele) &#8211; Email: agrirestaurant@valicodeipellegrini.it &nbsp;\" \/>\n<meta property=\"og:url\" content=\"https:\/\/staging.valicodeipellegrini.it\/fr\/lagrirestaurant\/\" \/>\n<meta property=\"og:site_name\" content=\"Agriturismo Valico dei Pellegrini\" \/>\n<meta property=\"article:modified_time\" content=\"2016-04-07T11:00:51+00:00\" \/>\n<meta name=\"twitter:card\" content=\"summary_large_image\" \/>\n<script type=\"application\/ld+json\" class=\"yoast-schema-graph\">{\"@context\":\"https:\/\/schema.org\",\"@graph\":[{\"@type\":\"WebPage\",\"@id\":\"https:\/\/staging.valicodeipellegrini.it\/fr\/lagrirestaurant\/\",\"url\":\"https:\/\/staging.valicodeipellegrini.it\/fr\/lagrirestaurant\/\",\"name\":\"L'Agrirestaurant - Agriturismo Valico dei Pellegrini\",\"isPartOf\":{\"@id\":\"https:\/\/staging.valicodeipellegrini.it\/#website\"},\"datePublished\":\"2016-03-31T10:54:54+00:00\",\"dateModified\":\"2016-04-07T11:00:51+00:00\",\"breadcrumb\":{\"@id\":\"https:\/\/staging.valicodeipellegrini.it\/fr\/lagrirestaurant\/#breadcrumb\"},\"inLanguage\":\"fr-FR\",\"potentialAction\":[{\"@type\":\"ReadAction\",\"target\":[\"https:\/\/staging.valicodeipellegrini.it\/fr\/lagrirestaurant\/\"]}]},{\"@type\":\"BreadcrumbList\",\"@id\":\"https:\/\/staging.valicodeipellegrini.it\/fr\/lagrirestaurant\/#breadcrumb\",\"itemListElement\":[{\"@type\":\"ListItem\",\"position\":1,\"name\":\"Home\",\"item\":\"https:\/\/staging.valicodeipellegrini.it\/fr\/\"},{\"@type\":\"ListItem\",\"position\":2,\"name\":\"L&rsquo;Agrirestaurant\"}]},{\"@type\":\"WebSite\",\"@id\":\"https:\/\/staging.valicodeipellegrini.it\/#website\",\"url\":\"https:\/\/staging.valicodeipellegrini.it\/\",\"name\":\"Agriturismo Valico dei Pellegrini\",\"description\":\"Natura e relax in Umbria\",\"potentialAction\":[{\"@type\":\"SearchAction\",\"target\":{\"@type\":\"EntryPoint\",\"urlTemplate\":\"https:\/\/staging.valicodeipellegrini.it\/?s={search_term_string}\"},\"query-input\":{\"@type\":\"PropertyValueSpecification\",\"valueRequired\":true,\"valueName\":\"search_term_string\"}}],\"inLanguage\":\"fr-FR\"}]}<\/script>\n<!-- \/ Yoast SEO plugin. -->","yoast_head_json":{"title":"L'Agrirestaurant - Agriturismo Valico dei Pellegrini","robots":{"index":"index","follow":"follow","max-snippet":"max-snippet:-1","max-image-preview":"max-image-preview:large","max-video-preview":"max-video-preview:-1"},"canonical":"https:\/\/staging.valicodeipellegrini.it\/fr\/lagrirestaurant\/","og_locale":"fr_FR","og_type":"article","og_title":"L'Agrirestaurant - Agriturismo Valico dei Pellegrini","og_description":"L&rsquo;Agrirestaurant Le contact de restaurant: &nbsp; Tel: +39 348 2520650 (Paolo) \/ +39 340 3453992 (Daniele) &#8211; Email: agrirestaurant@valicodeipellegrini.it &nbsp;","og_url":"https:\/\/staging.valicodeipellegrini.it\/fr\/lagrirestaurant\/","og_site_name":"Agriturismo Valico dei Pellegrini","article_modified_time":"2016-04-07T11:00:51+00:00","twitter_card":"summary_large_image","schema":{"@context":"https:\/\/schema.org","@graph":[{"@type":"WebPage","@id":"https:\/\/staging.valicodeipellegrini.it\/fr\/lagrirestaurant\/","url":"https:\/\/staging.valicodeipellegrini.it\/fr\/lagrirestaurant\/","name":"L'Agrirestaurant - Agriturismo Valico dei Pellegrini","isPartOf":{"@id":"https:\/\/staging.valicodeipellegrini.it\/#website"},"datePublished":"2016-03-31T10:54:54+00:00","dateModified":"2016-04-07T11:00:51+00:00","breadcrumb":{"@id":"https:\/\/staging.valicodeipellegrini.it\/fr\/lagrirestaurant\/#breadcrumb"},"inLanguage":"fr-FR","potentialAction":[{"@type":"ReadAction","target":["https:\/\/staging.valicodeipellegrini.it\/fr\/lagrirestaurant\/"]}]},{"@type":"BreadcrumbList","@id":"https:\/\/staging.valicodeipellegrini.it\/fr\/lagrirestaurant\/#breadcrumb","itemListElement":[{"@type":"ListItem","position":1,"name":"Home","item":"https:\/\/staging.valicodeipellegrini.it\/fr\/"},{"@type":"ListItem","position":2,"name":"L&rsquo;Agrirestaurant"}]},{"@type":"WebSite","@id":"https:\/\/staging.valicodeipellegrini.it\/#website","url":"https:\/\/staging.valicodeipellegrini.it\/","name":"Agriturismo Valico dei Pellegrini","description":"Natura e relax in Umbria","potentialAction":[{"@type":"SearchAction","target":{"@type":"EntryPoint","urlTemplate":"https:\/\/staging.valicodeipellegrini.it\/?s={search_term_string}"},"query-input":{"@type":"PropertyValueSpecification","valueRequired":true,"valueName":"search_term_string"}}],"inLanguage":"fr-FR"}]}},"_links":{"self":[{"href":"https:\/\/staging.valicodeipellegrini.it\/fr\/wp-json\/wp\/v2\/pages\/6615","targetHints":{"allow":["GET"]}}],"collection":[{"href":"https:\/\/staging.valicodeipellegrini.it\/fr\/wp-json\/wp\/v2\/pages"}],"about":[{"href":"https:\/\/staging.valicodeipellegrini.it\/fr\/wp-json\/wp\/v2\/types\/page"}],"author":[{"embeddable":true,"href":"https:\/\/staging.valicodeipellegrini.it\/fr\/wp-json\/wp\/v2\/users\/1"}],"replies":[{"embeddable":true,"href":"https:\/\/staging.valicodeipellegrini.it\/fr\/wp-json\/wp\/v2\/comments?post=6615"}],"version-history":[{"count":4,"href":"https:\/\/staging.valicodeipellegrini.it\/fr\/wp-json\/wp\/v2\/pages\/6615\/revisions"}],"predecessor-version":[{"id":7087,"href":"https:\/\/staging.valicodeipellegrini.it\/fr\/wp-json\/wp\/v2\/pages\/6615\/revisions\/7087"}],"wp:attachment":[{"href":"https:\/\/staging.valicodeipellegrini.it\/fr\/wp-json\/wp\/v2\/media?parent=6615"}],"curies":[{"name":"wp","href":"https:\/\/api.w.org\/{rel}","templated":true}]}}