{"id":6652,"date":"2016-03-31T13:06:40","date_gmt":"2016-03-31T13:06:40","guid":{"rendered":"https:\/\/staging.valicodeipellegrini.it\/fr\/?page_id=6652"},"modified":"2016-04-07T10:30:10","modified_gmt":"2016-04-07T10:30:10","slug":"vista-del-mondo","status":"publish","type":"page","link":"https:\/\/staging.valicodeipellegrini.it\/fr\/les-fermes\/vista-del-mondo\/","title":{"rendered":"Vista del Mondo"},"content":{"rendered":"<h1 style=\"text-align: center;\">Vista del Mondo<\/h1>\n<div class=\"clearfix divider-common divider-blank\" style=\"padding-top:20px;padding-bottom:20px;\"><\/div>\n<h2 style=\"text-align: center;\">Capacit\u00e9 d&rsquo;accueil totale de 13 places-lits r\u00e9parties en 2\/4 appartements<\/h2>\n<div class=\"clearfix divider-common divider-blank\" style=\"padding-top:10px;padding-bottom:10px;\"><\/div>\n<div class=\"column3 column_space\"><a href=\"https:\/\/staging.valicodeipellegrini.it\/wp-content\/uploads\/2015\/11\/agriturismo-vista-del-mondo-1.jpg\" rel=\"attachment wp-att-5995\"><img loading=\"lazy\" decoding=\"async\" width=\"300\" height=\"200\" class=\"size-medium wp-image-5995 aligncenter\" src=\"https:\/\/staging.valicodeipellegrini.it\/wp-content\/uploads\/2015\/11\/agriturismo-vista-del-mondo-1-300x200.jpg\" alt=\"agriturismo-vista-del-mondo-1\" srcset=\"https:\/\/staging.valicodeipellegrini.it\/wp-content\/uploads\/2015\/11\/agriturismo-vista-del-mondo-1-300x200.jpg 300w, https:\/\/staging.valicodeipellegrini.it\/wp-content\/uploads\/2015\/11\/agriturismo-vista-del-mondo-1-768x511.jpg 768w, https:\/\/staging.valicodeipellegrini.it\/wp-content\/uploads\/2015\/11\/agriturismo-vista-del-mondo-1-50x33.jpg 50w, https:\/\/staging.valicodeipellegrini.it\/wp-content\/uploads\/2015\/11\/agriturismo-vista-del-mondo-1.jpg 900w\" sizes=\"auto, (max-width: 300px) 100vw, 300px\" \/><\/a><br \/><\/div>\n<div class=\"column3 column_space\"><a href=\"https:\/\/staging.valicodeipellegrini.it\/wp-content\/uploads\/2015\/11\/agriturismo-vista-del-mondo-esterno.jpg\" rel=\"attachment wp-att-5996\"><img loading=\"lazy\" decoding=\"async\" class=\"wp-image-6067 size-medium aligncenter\" src=\"https:\/\/staging.valicodeipellegrini.it\/wp-content\/uploads\/2015\/11\/agriturismo-vista-del-mondo-esterno-300x200.jpg\" alt=\"\" width=\"300\" height=\"200\" srcset=\"https:\/\/staging.valicodeipellegrini.it\/wp-content\/uploads\/2015\/11\/agriturismo-vista-del-mondo-esterno-300x200.jpg 300w, https:\/\/staging.valicodeipellegrini.it\/wp-content\/uploads\/2015\/11\/agriturismo-vista-del-mondo-esterno-768x511.jpg 768w, https:\/\/staging.valicodeipellegrini.it\/wp-content\/uploads\/2015\/11\/agriturismo-vista-del-mondo-esterno-50x33.jpg 50w, https:\/\/staging.valicodeipellegrini.it\/wp-content\/uploads\/2015\/11\/agriturismo-vista-del-mondo-esterno.jpg 900w\" sizes=\"auto, (max-width: 300px) 100vw, 300px\" \/><\/a><br \/><\/div>\n<div class=\"column3 clearfix\"><a href=\"https:\/\/staging.valicodeipellegrini.it\/wp-content\/uploads\/2015\/11\/agriturismo-vista-del-mondo-3.jpg\" rel=\"attachment wp-att-5997\"><img loading=\"lazy\" decoding=\"async\" width=\"300\" height=\"200\" class=\"size-medium wp-image-5997 aligncenter\" src=\"https:\/\/staging.valicodeipellegrini.it\/wp-content\/uploads\/2015\/11\/agriturismo-vista-del-mondo-3-300x200.jpg\" alt=\"agriturismo-vista-del-mondo-3\" srcset=\"https:\/\/staging.valicodeipellegrini.it\/wp-content\/uploads\/2015\/11\/agriturismo-vista-del-mondo-3-300x200.jpg 300w, https:\/\/staging.valicodeipellegrini.it\/wp-content\/uploads\/2015\/11\/agriturismo-vista-del-mondo-3-768x511.jpg 768w, https:\/\/staging.valicodeipellegrini.it\/wp-content\/uploads\/2015\/11\/agriturismo-vista-del-mondo-3-50x33.jpg 50w, https:\/\/staging.valicodeipellegrini.it\/wp-content\/uploads\/2015\/11\/agriturismo-vista-del-mondo-3.jpg 900w\" sizes=\"auto, (max-width: 300px) 100vw, 300px\" \/><\/a><br \/><\/div><div class=\"clear\"><\/div>\n<div class=\"column3 column_space\"><a href=\"https:\/\/staging.valicodeipellegrini.it\/wp-content\/uploads\/2015\/11\/agriturismo-vista-del-mondo-2.jpg\" rel=\"attachment wp-att-5995\"><img loading=\"lazy\" decoding=\"async\" class=\"wp-image-5996 size-medium aligncenter\" src=\"https:\/\/staging.valicodeipellegrini.it\/wp-content\/uploads\/2015\/11\/agriturismo-vista-del-mondo-2-300x200.jpg\" alt=\"\" width=\"300\" height=\"200\" srcset=\"https:\/\/staging.valicodeipellegrini.it\/wp-content\/uploads\/2015\/11\/agriturismo-vista-del-mondo-2-300x200.jpg 300w, https:\/\/staging.valicodeipellegrini.it\/wp-content\/uploads\/2015\/11\/agriturismo-vista-del-mondo-2-768x511.jpg 768w, https:\/\/staging.valicodeipellegrini.it\/wp-content\/uploads\/2015\/11\/agriturismo-vista-del-mondo-2-50x33.jpg 50w, https:\/\/staging.valicodeipellegrini.it\/wp-content\/uploads\/2015\/11\/agriturismo-vista-del-mondo-2.jpg 900w\" sizes=\"auto, (max-width: 300px) 100vw, 300px\" \/><\/a><br \/><\/div>\n<div class=\"column3 column_space\"><a href=\"https:\/\/staging.valicodeipellegrini.it\/wp-content\/uploads\/2015\/11\/agriturismo-vista-del-mondo-camera-da-letti.jpg\" rel=\"attachment wp-att-5996\"><img loading=\"lazy\" decoding=\"async\" class=\"wp-image-6068 size-medium aligncenter\" src=\"https:\/\/staging.valicodeipellegrini.it\/wp-content\/uploads\/2015\/11\/agriturismo-vista-del-mondo-camera-da-letti-300x200.jpg\" alt=\"\" width=\"300\" height=\"200\" srcset=\"https:\/\/staging.valicodeipellegrini.it\/wp-content\/uploads\/2015\/11\/agriturismo-vista-del-mondo-camera-da-letti-300x200.jpg 300w, https:\/\/staging.valicodeipellegrini.it\/wp-content\/uploads\/2015\/11\/agriturismo-vista-del-mondo-camera-da-letti-768x511.jpg 768w, https:\/\/staging.valicodeipellegrini.it\/wp-content\/uploads\/2015\/11\/agriturismo-vista-del-mondo-camera-da-letti-1024x682.jpg 1024w, https:\/\/staging.valicodeipellegrini.it\/wp-content\/uploads\/2015\/11\/agriturismo-vista-del-mondo-camera-da-letti-1200x799.jpg 1200w, https:\/\/staging.valicodeipellegrini.it\/wp-content\/uploads\/2015\/11\/agriturismo-vista-del-mondo-camera-da-letti-924x615.jpg 924w, https:\/\/staging.valicodeipellegrini.it\/wp-content\/uploads\/2015\/11\/agriturismo-vista-del-mondo-camera-da-letti-50x33.jpg 50w, https:\/\/staging.valicodeipellegrini.it\/wp-content\/uploads\/2015\/11\/agriturismo-vista-del-mondo-camera-da-letti.jpg 2048w\" sizes=\"auto, (max-width: 300px) 100vw, 300px\" \/><\/a><br \/><\/div>\n<div class=\"column3 clearfix\"><a href=\"https:\/\/staging.valicodeipellegrini.it\/wp-content\/uploads\/2015\/11\/vdm800.jpg\" rel=\"attachment wp-att-5997\"><img loading=\"lazy\" decoding=\"async\" class=\"wp-image-7072 size-medium aligncenter\" src=\"https:\/\/staging.valicodeipellegrini.it\/wp-content\/uploads\/2015\/11\/vdm800-300x200.jpg\" alt=\"\" width=\"300\" height=\"200\" srcset=\"https:\/\/staging.valicodeipellegrini.it\/wp-content\/uploads\/2015\/11\/vdm800-300x200.jpg 300w, https:\/\/staging.valicodeipellegrini.it\/wp-content\/uploads\/2015\/11\/vdm800-768x511.jpg 768w, https:\/\/staging.valicodeipellegrini.it\/wp-content\/uploads\/2015\/11\/vdm800-50x33.jpg 50w, https:\/\/staging.valicodeipellegrini.it\/wp-content\/uploads\/2015\/11\/vdm800.jpg 816w\" sizes=\"auto, (max-width: 300px) 100vw, 300px\" \/><\/a><br \/><\/div><div class=\"clear\"><\/div>\n<p><strong>Appartement n\u00b0 1 <\/strong> (rez-de-chauss\u00e9e): s\u00e9jour avec chemin\u00e9e, cuisine, chambre avec 2 places-lits, salle de bain pour personnes handicap\u00e9es.<\/p>\n<p><strong>Appartement n\u00b0 2<\/strong> (1er \u00e9tage): situ\u00e9 au-dessus de l&rsquo;appartement n\u00b0 1, avec une entr\u00e9e commune\u00a0: coin cuisine, 2 chambres avec 4 places-lits, salle de bain, possibilit\u00e9 de communication avec l&rsquo;appartement n\u00b0 1\u00a0; s&rsquo;il est v\u00e9cu de mani\u00e8re ind\u00e9pendante, il compte une chambre de moins, l&rsquo;une des deux chambres \u00e9tant alors am\u00e9nag\u00e9e comme s\u00e9jour avec canap\u00e9-lit 2 places.<\/p>\n<p><strong>Appartement n\u00b0 3<\/strong> (rez-de-chauss\u00e9e): s\u00e9jour avec chemin\u00e9e, cuisine, chambre avec 2 places-lits, salle de bain pour personnes handicap\u00e9es.<\/p>\n<p><strong>Appartement n\u00b0 4<\/strong> (1er \u00e9tage): situ\u00e9 au-dessus de l&rsquo;appartement n\u00b0 3, avec une entr\u00e9e commune\u00a0: coin cuisine, 2 chambres avec 5 places-lits, salle de bain, possibilit\u00e9 de communication avec l&rsquo;appartement n\u00b0 3\u00a0; s&rsquo;il est v\u00e9cu de mani\u00e8re ind\u00e9pendante, il compte une chambre de moins, l&rsquo;une des deux chambres \u00e9tant alors am\u00e9nag\u00e9e comme s\u00e9jour avec canap\u00e9-lit 2 places.<\/p>\n<p>Tous les appartements sont \u00e9quip\u00e9s d&rsquo;un canap\u00e9-lit 2 places.<\/p>\n<p>Il est possible de r\u00e9server simultan\u00e9ment un ou plusieurs appartements, ou bien l&rsquo;ensemble de l&rsquo;\u00e9tablissement.<\/p>\n<div class=\"pricing-table clearfix\">\n<div class=\"App1-postoDelSole\"><div class=\"pricing-column-target column4 pricing_highlight\"><div class=\"pricing-column-type-1 pricing-column\"><ul><li class=\"pricing-title\">Appartement n\u00b0 1<\/li>\n<li class=\"pricing-price\"><span class=\"pricing-currency\">rez-de-chauss\u00e9e<\/span><span class=\"pricing-suffix\"><\/span><\/li><li class=\"pricing-duration\"><\/li>\n<li class=\"pricing-row\">2 places-lits<\/li>\n<li class=\"pricing-row\">1\u00a0salle de bain<\/li>\n<li class=\"pricing-row\">s\u00e9jour<\/li>\n<li class=\"pricing-row\">cuisine<\/li>\n<\/ul><\/div><\/div><\/div>\n<div class=\"App2-postoDelSole\"><div class=\"pricing-column-target column4 pricing_highlight\"><div class=\"pricing-column-type-1 pricing-column\"><ul><li class=\"pricing-title\">Appartement n\u00b0 2<\/li>\n<li class=\"pricing-price\"><span class=\"pricing-currency\">1er \u00e9tage<\/span><span class=\"pricing-suffix\"><\/span><\/li><li class=\"pricing-duration\"><\/li>\n<li class=\"pricing-row\">4 places-lits<\/li>\n<li class=\"pricing-row\">1 salle de bain<\/li>\n<li class=\"pricing-row\">s\u00e9jour<\/li>\n<li class=\"pricing-row\">cuisine<\/li>\n<\/ul><\/div><\/div><\/div>\n<div class=\"App3-postoDelSole\"><div class=\"pricing-column-target column4 pricing_highlight\"><div class=\"pricing-column-type-1 pricing-column\"><ul><li class=\"pricing-title\">Appartement n\u00b0 3<\/li>\n<li class=\"pricing-price\"><span class=\"pricing-currency\">rez-de-chauss\u00e9e<\/span><span class=\"pricing-suffix\"><\/span><\/li><li class=\"pricing-duration\"><\/li>\n<li class=\"pricing-row\">2 places-lits<\/li>\n<li class=\"pricing-row\">1 salle de bain<\/li>\n<li class=\"pricing-row\">s\u00e9jour<\/li>\n<li class=\"pricing-row\">cuisine<\/li>\n<\/ul><\/div><\/div><\/div>\n<div class=\"App4-postoDelSole\"><div class=\"pricing-column-target column4 pricing_highlight\"><div class=\"pricing-column-type-1 pricing-column\"><ul><li class=\"pricing-title\">Appartement n\u00b0 4<\/li>\n<li class=\"pricing-price\"><span class=\"pricing-currency\">1er \u00e9tage<\/span><span class=\"pricing-suffix\"><\/span><\/li><li class=\"pricing-duration\"><\/li>\n<li class=\"pricing-row\">5 places-lits<\/li>\n<li class=\"pricing-row\">1 salle de bain<\/li>\n<li class=\"pricing-row\">s\u00e9jour<\/li>\n<li class=\"pricing-row\">cuisine<\/li>\n<\/ul><\/div><\/div><\/div>\n<\/div>\n<div class=\"clearfix divider-common divider-blank\" style=\"padding-top:10px;padding-bottom:10px;\"><\/div>\n<div class=\"column2 column_space\"><p style=\"text-align: center;\"><strong>1er \u00e9tage<\/strong><\/p>\n<p style=\"text-align: center;\"><a href=\"https:\/\/staging.valicodeipellegrini.it\/wp-content\/uploads\/2016\/03\/vistaDalMondo-PT.FR_.jpg\" rel=\"attachment wp-att-5989\"><img loading=\"lazy\" decoding=\"async\" class=\"alignnone wp-image-6953 size-medium\" src=\"https:\/\/staging.valicodeipellegrini.it\/wp-content\/uploads\/2016\/03\/vistaDalMondo-PT.FR_-300x120.jpg\" alt=\"\" width=\"300\" height=\"120\" srcset=\"https:\/\/staging.valicodeipellegrini.it\/wp-content\/uploads\/2016\/03\/vistaDalMondo-PT.FR_-300x120.jpg 300w, https:\/\/staging.valicodeipellegrini.it\/wp-content\/uploads\/2016\/03\/vistaDalMondo-PT.FR_-768x307.jpg 768w, https:\/\/staging.valicodeipellegrini.it\/wp-content\/uploads\/2016\/03\/vistaDalMondo-PT.FR_-1024x410.jpg 1024w, https:\/\/staging.valicodeipellegrini.it\/wp-content\/uploads\/2016\/03\/vistaDalMondo-PT.FR_-756x300.jpg 756w, https:\/\/staging.valicodeipellegrini.it\/wp-content\/uploads\/2016\/03\/vistaDalMondo-PT.FR_-924x370.jpg 924w, https:\/\/staging.valicodeipellegrini.it\/wp-content\/uploads\/2016\/03\/vistaDalMondo-PT.FR_-50x20.jpg 50w, https:\/\/staging.valicodeipellegrini.it\/wp-content\/uploads\/2016\/03\/vistaDalMondo-PT.FR_.jpg 1100w\" sizes=\"auto, (max-width: 300px) 100vw, 300px\" \/><\/a><br \/><\/div>\n<div class=\"column2 clearfix\"><p style=\"text-align: center;\"><strong>Rez-de-chauss\u00e9e<\/strong><\/p>\n<p style=\"text-align: center;\"><a href=\"https:\/\/staging.valicodeipellegrini.it\/wp-content\/uploads\/2016\/03\/vistaDalMondo-P1-FR.jpg\" rel=\"attachment wp-att-5992\"><img loading=\"lazy\" decoding=\"async\" class=\"alignnone wp-image-6958 size-medium\" src=\"https:\/\/staging.valicodeipellegrini.it\/wp-content\/uploads\/2016\/03\/vistaDalMondo-P1-FR-300x120.jpg\" alt=\"\" width=\"300\" height=\"120\" srcset=\"https:\/\/staging.valicodeipellegrini.it\/wp-content\/uploads\/2016\/03\/vistaDalMondo-P1-FR-300x120.jpg 300w, https:\/\/staging.valicodeipellegrini.it\/wp-content\/uploads\/2016\/03\/vistaDalMondo-P1-FR-768x307.jpg 768w, https:\/\/staging.valicodeipellegrini.it\/wp-content\/uploads\/2016\/03\/vistaDalMondo-P1-FR-1024x410.jpg 1024w, https:\/\/staging.valicodeipellegrini.it\/wp-content\/uploads\/2016\/03\/vistaDalMondo-P1-FR-756x300.jpg 756w, https:\/\/staging.valicodeipellegrini.it\/wp-content\/uploads\/2016\/03\/vistaDalMondo-P1-FR-924x370.jpg 924w, https:\/\/staging.valicodeipellegrini.it\/wp-content\/uploads\/2016\/03\/vistaDalMondo-P1-FR-50x20.jpg 50w, https:\/\/staging.valicodeipellegrini.it\/wp-content\/uploads\/2016\/03\/vistaDalMondo-P1-FR.jpg 1100w\" sizes=\"auto, (max-width: 300px) 100vw, 300px\" \/><\/a><\/p>\n<p>&nbsp;<\/p>\n<p><\/div><div class=\"clear\"><\/div>\n<div class=\"clearfix divider-common divider-blank\" style=\"padding-top:10px;padding-bottom:10px;\"><\/div>\n\n    <div class=\"googlemaps\" id=\"map\"><\/div>\n\t\n    \n\t<style type=\"text\/css\">\n\t\t.googlemaps { width: 1000px;}\n\t\t.googlemaps { height: 400px;}\n\t\t.googlemaps {max-width:100%;font-weight: bold; color: #000;}\n        .googlemaps img {max-width: 100000%; \/* override *\/}\n    <\/style>\n    <script type=\"text\/javascript\">\n\tjQuery(document).ready(function(){\n\t\tvar latlng = new google.maps.LatLng(42.761476, 12.8125913);\n\t\tvar myOptions = {\n\t\t\tzoom: 14,\n\t\t\tcenter: latlng,\n\t\t\tscrollwheel: false,\n\t\t\tscaleControl: false,\n\t\t\tdisableDefaultUI: false,\n\t\t\tmapTypeId: google.maps.MapTypeId.ROADMAP\n\t\t};\n\t\tvar map = new google.maps.Map(document.getElementById(\"map\"),\n\t\tmyOptions);\n\t\t\n\t\t\t\tvar marker = new google.maps.Marker({\n\t\t\t\tmap: map, \n\t\t\t\t\n\t\t\t\tposition: map.getCenter()\n\t\t\t});\n\t\t\t\n\t\t\t\tvar contentString = 'Vista del Mondo';\n\t\t\t\tvar infowindow = new google.maps.InfoWindow({\n\t\t\t\t\tcontent: contentString\n\t\t\t\t});\n\t\t\t\t\t\t\t\n\t\t\t\tgoogle.maps.event.addListener(marker, 'click', function() {\n\t\t\t\t  infowindow.open(map,marker);\n\t\t\t\t});\n\t\t\t\t\n\t\t\t\t\t\tinfowindow.open(map,marker);\n\t\t\t\t\t});<\/script>\n","protected":false},"excerpt":{"rendered":"<p>Vista del Mondo Capacit\u00e9 d&rsquo;accueil totale de 13 places-lits r\u00e9parties en 2\/4 appartements Appartement n\u00b0 1 (rez-de-chauss\u00e9e): s\u00e9jour avec chemin\u00e9e, cuisine, chambre avec 2 places-lits, salle de bain pour personnes handicap\u00e9es. Appartement n\u00b0 2 (1er \u00e9tage): situ\u00e9 au-dessus de l&rsquo;appartement n\u00b0 1, avec une entr\u00e9e commune\u00a0: coin cuisine, 2 chambres avec 4 places-lits, salle de bain, possibilit\u00e9 de communication avec l&rsquo;appartement n\u00b0 1\u00a0; s&rsquo;il est v\u00e9cu de mani\u00e8re ind\u00e9pendante, il compte une chambre de moins, l&rsquo;une des deux chambres \u00e9tant [&hellip;]<\/p>\n","protected":false},"author":1,"featured_media":0,"parent":6589,"menu_order":0,"comment_status":"closed","ping_status":"closed","template":"","meta":{"footnotes":""},"class_list":["post-6652","page","type-page","status-publish","hentry"],"yoast_head":"<!-- This site is optimized with the Yoast SEO plugin v26.9 - https:\/\/yoast.com\/product\/yoast-seo-wordpress\/ -->\n<title>Vista del Mondo - Agriturismo Valico dei Pellegrini<\/title>\n<meta name=\"robots\" content=\"index, follow, max-snippet:-1, max-image-preview:large, max-video-preview:-1\" \/>\n<link rel=\"canonical\" href=\"https:\/\/staging.valicodeipellegrini.it\/fr\/les-fermes\/vista-del-mondo\/\" \/>\n<meta property=\"og:locale\" content=\"fr_FR\" \/>\n<meta property=\"og:type\" content=\"article\" \/>\n<meta property=\"og:title\" content=\"Vista del Mondo - Agriturismo Valico dei Pellegrini\" \/>\n<meta property=\"og:description\" content=\"Vista del Mondo Capacit\u00e9 d&rsquo;accueil totale de 13 places-lits r\u00e9parties en 2\/4 appartements Appartement n\u00b0 1 (rez-de-chauss\u00e9e): s\u00e9jour avec chemin\u00e9e, cuisine, chambre avec 2 places-lits, salle de bain pour personnes handicap\u00e9es. Appartement n\u00b0 2 (1er \u00e9tage): situ\u00e9 au-dessus de l&rsquo;appartement n\u00b0 1, avec une entr\u00e9e commune\u00a0: coin cuisine, 2 chambres avec 4 places-lits, salle de bain, possibilit\u00e9 de communication avec l&rsquo;appartement n\u00b0 1\u00a0; s&rsquo;il est v\u00e9cu de mani\u00e8re ind\u00e9pendante, il compte une chambre de moins, l&rsquo;une des deux chambres \u00e9tant [&hellip;]\" \/>\n<meta property=\"og:url\" content=\"https:\/\/staging.valicodeipellegrini.it\/fr\/les-fermes\/vista-del-mondo\/\" \/>\n<meta property=\"og:site_name\" content=\"Agriturismo Valico dei Pellegrini\" \/>\n<meta property=\"article:modified_time\" content=\"2016-04-07T10:30:10+00:00\" \/>\n<meta property=\"og:image\" content=\"https:\/\/staging.valicodeipellegrini.it\/wp-content\/uploads\/2015\/11\/agriturismo-vista-del-mondo-1.jpg\" \/>\n\t<meta property=\"og:image:width\" content=\"900\" \/>\n\t<meta property=\"og:image:height\" content=\"599\" \/>\n\t<meta property=\"og:image:type\" content=\"image\/jpeg\" \/>\n<meta name=\"twitter:card\" content=\"summary_large_image\" \/>\n<meta name=\"twitter:label1\" content=\"Dur\u00e9e de lecture estim\u00e9e\" \/>\n\t<meta name=\"twitter:data1\" content=\"2 minutes\" \/>\n<script type=\"application\/ld+json\" class=\"yoast-schema-graph\">{\"@context\":\"https:\/\/schema.org\",\"@graph\":[{\"@type\":\"WebPage\",\"@id\":\"https:\/\/staging.valicodeipellegrini.it\/fr\/les-fermes\/vista-del-mondo\/\",\"url\":\"https:\/\/staging.valicodeipellegrini.it\/fr\/les-fermes\/vista-del-mondo\/\",\"name\":\"Vista del Mondo - Agriturismo Valico dei Pellegrini\",\"isPartOf\":{\"@id\":\"https:\/\/staging.valicodeipellegrini.it\/#website\"},\"primaryImageOfPage\":{\"@id\":\"https:\/\/staging.valicodeipellegrini.it\/fr\/les-fermes\/vista-del-mondo\/#primaryimage\"},\"image\":{\"@id\":\"https:\/\/staging.valicodeipellegrini.it\/fr\/les-fermes\/vista-del-mondo\/#primaryimage\"},\"thumbnailUrl\":\"https:\/\/staging.valicodeipellegrini.it\/wp-content\/uploads\/2015\/11\/agriturismo-vista-del-mondo-1-300x200.jpg\",\"datePublished\":\"2016-03-31T13:06:40+00:00\",\"dateModified\":\"2016-04-07T10:30:10+00:00\",\"breadcrumb\":{\"@id\":\"https:\/\/staging.valicodeipellegrini.it\/fr\/les-fermes\/vista-del-mondo\/#breadcrumb\"},\"inLanguage\":\"fr-FR\",\"potentialAction\":[{\"@type\":\"ReadAction\",\"target\":[\"https:\/\/staging.valicodeipellegrini.it\/fr\/les-fermes\/vista-del-mondo\/\"]}]},{\"@type\":\"ImageObject\",\"inLanguage\":\"fr-FR\",\"@id\":\"https:\/\/staging.valicodeipellegrini.it\/fr\/les-fermes\/vista-del-mondo\/#primaryimage\",\"url\":\"https:\/\/staging.valicodeipellegrini.it\/wp-content\/uploads\/2015\/11\/agriturismo-vista-del-mondo-1-300x200.jpg\",\"contentUrl\":\"https:\/\/staging.valicodeipellegrini.it\/wp-content\/uploads\/2015\/11\/agriturismo-vista-del-mondo-1-300x200.jpg\"},{\"@type\":\"BreadcrumbList\",\"@id\":\"https:\/\/staging.valicodeipellegrini.it\/fr\/les-fermes\/vista-del-mondo\/#breadcrumb\",\"itemListElement\":[{\"@type\":\"ListItem\",\"position\":1,\"name\":\"Home\",\"item\":\"https:\/\/staging.valicodeipellegrini.it\/fr\/\"},{\"@type\":\"ListItem\",\"position\":2,\"name\":\"Les fermes\",\"item\":\"https:\/\/staging.valicodeipellegrini.it\/fr\/les-fermes\/\"},{\"@type\":\"ListItem\",\"position\":3,\"name\":\"Vista del Mondo\"}]},{\"@type\":\"WebSite\",\"@id\":\"https:\/\/staging.valicodeipellegrini.it\/#website\",\"url\":\"https:\/\/staging.valicodeipellegrini.it\/\",\"name\":\"Agriturismo Valico dei Pellegrini\",\"description\":\"Natura e relax in Umbria\",\"potentialAction\":[{\"@type\":\"SearchAction\",\"target\":{\"@type\":\"EntryPoint\",\"urlTemplate\":\"https:\/\/staging.valicodeipellegrini.it\/?s={search_term_string}\"},\"query-input\":{\"@type\":\"PropertyValueSpecification\",\"valueRequired\":true,\"valueName\":\"search_term_string\"}}],\"inLanguage\":\"fr-FR\"}]}<\/script>\n<!-- \/ Yoast SEO plugin. -->","yoast_head_json":{"title":"Vista del Mondo - Agriturismo Valico dei Pellegrini","robots":{"index":"index","follow":"follow","max-snippet":"max-snippet:-1","max-image-preview":"max-image-preview:large","max-video-preview":"max-video-preview:-1"},"canonical":"https:\/\/staging.valicodeipellegrini.it\/fr\/les-fermes\/vista-del-mondo\/","og_locale":"fr_FR","og_type":"article","og_title":"Vista del Mondo - Agriturismo Valico dei Pellegrini","og_description":"Vista del Mondo Capacit\u00e9 d&rsquo;accueil totale de 13 places-lits r\u00e9parties en 2\/4 appartements Appartement n\u00b0 1 (rez-de-chauss\u00e9e): s\u00e9jour avec chemin\u00e9e, cuisine, chambre avec 2 places-lits, salle de bain pour personnes handicap\u00e9es. Appartement n\u00b0 2 (1er \u00e9tage): situ\u00e9 au-dessus de l&rsquo;appartement n\u00b0 1, avec une entr\u00e9e commune\u00a0: coin cuisine, 2 chambres avec 4 places-lits, salle de bain, possibilit\u00e9 de communication avec l&rsquo;appartement n\u00b0 1\u00a0; s&rsquo;il est v\u00e9cu de mani\u00e8re ind\u00e9pendante, il compte une chambre de moins, l&rsquo;une des deux chambres \u00e9tant [&hellip;]","og_url":"https:\/\/staging.valicodeipellegrini.it\/fr\/les-fermes\/vista-del-mondo\/","og_site_name":"Agriturismo Valico dei Pellegrini","article_modified_time":"2016-04-07T10:30:10+00:00","og_image":[{"width":900,"height":599,"url":"https:\/\/staging.valicodeipellegrini.it\/wp-content\/uploads\/2015\/11\/agriturismo-vista-del-mondo-1.jpg","type":"image\/jpeg"}],"twitter_card":"summary_large_image","twitter_misc":{"Dur\u00e9e de lecture estim\u00e9e":"2 minutes"},"schema":{"@context":"https:\/\/schema.org","@graph":[{"@type":"WebPage","@id":"https:\/\/staging.valicodeipellegrini.it\/fr\/les-fermes\/vista-del-mondo\/","url":"https:\/\/staging.valicodeipellegrini.it\/fr\/les-fermes\/vista-del-mondo\/","name":"Vista del Mondo - Agriturismo Valico dei Pellegrini","isPartOf":{"@id":"https:\/\/staging.valicodeipellegrini.it\/#website"},"primaryImageOfPage":{"@id":"https:\/\/staging.valicodeipellegrini.it\/fr\/les-fermes\/vista-del-mondo\/#primaryimage"},"image":{"@id":"https:\/\/staging.valicodeipellegrini.it\/fr\/les-fermes\/vista-del-mondo\/#primaryimage"},"thumbnailUrl":"https:\/\/staging.valicodeipellegrini.it\/wp-content\/uploads\/2015\/11\/agriturismo-vista-del-mondo-1-300x200.jpg","datePublished":"2016-03-31T13:06:40+00:00","dateModified":"2016-04-07T10:30:10+00:00","breadcrumb":{"@id":"https:\/\/staging.valicodeipellegrini.it\/fr\/les-fermes\/vista-del-mondo\/#breadcrumb"},"inLanguage":"fr-FR","potentialAction":[{"@type":"ReadAction","target":["https:\/\/staging.valicodeipellegrini.it\/fr\/les-fermes\/vista-del-mondo\/"]}]},{"@type":"ImageObject","inLanguage":"fr-FR","@id":"https:\/\/staging.valicodeipellegrini.it\/fr\/les-fermes\/vista-del-mondo\/#primaryimage","url":"https:\/\/staging.valicodeipellegrini.it\/wp-content\/uploads\/2015\/11\/agriturismo-vista-del-mondo-1-300x200.jpg","contentUrl":"https:\/\/staging.valicodeipellegrini.it\/wp-content\/uploads\/2015\/11\/agriturismo-vista-del-mondo-1-300x200.jpg"},{"@type":"BreadcrumbList","@id":"https:\/\/staging.valicodeipellegrini.it\/fr\/les-fermes\/vista-del-mondo\/#breadcrumb","itemListElement":[{"@type":"ListItem","position":1,"name":"Home","item":"https:\/\/staging.valicodeipellegrini.it\/fr\/"},{"@type":"ListItem","position":2,"name":"Les fermes","item":"https:\/\/staging.valicodeipellegrini.it\/fr\/les-fermes\/"},{"@type":"ListItem","position":3,"name":"Vista del Mondo"}]},{"@type":"WebSite","@id":"https:\/\/staging.valicodeipellegrini.it\/#website","url":"https:\/\/staging.valicodeipellegrini.it\/","name":"Agriturismo Valico dei Pellegrini","description":"Natura e relax in Umbria","potentialAction":[{"@type":"SearchAction","target":{"@type":"EntryPoint","urlTemplate":"https:\/\/staging.valicodeipellegrini.it\/?s={search_term_string}"},"query-input":{"@type":"PropertyValueSpecification","valueRequired":true,"valueName":"search_term_string"}}],"inLanguage":"fr-FR"}]}},"_links":{"self":[{"href":"https:\/\/staging.valicodeipellegrini.it\/fr\/wp-json\/wp\/v2\/pages\/6652","targetHints":{"allow":["GET"]}}],"collection":[{"href":"https:\/\/staging.valicodeipellegrini.it\/fr\/wp-json\/wp\/v2\/pages"}],"about":[{"href":"https:\/\/staging.valicodeipellegrini.it\/fr\/wp-json\/wp\/v2\/types\/page"}],"author":[{"embeddable":true,"href":"https:\/\/staging.valicodeipellegrini.it\/fr\/wp-json\/wp\/v2\/users\/1"}],"replies":[{"embeddable":true,"href":"https:\/\/staging.valicodeipellegrini.it\/fr\/wp-json\/wp\/v2\/comments?post=6652"}],"version-history":[{"count":8,"href":"https:\/\/staging.valicodeipellegrini.it\/fr\/wp-json\/wp\/v2\/pages\/6652\/revisions"}],"predecessor-version":[{"id":7077,"href":"https:\/\/staging.valicodeipellegrini.it\/fr\/wp-json\/wp\/v2\/pages\/6652\/revisions\/7077"}],"up":[{"embeddable":true,"href":"https:\/\/staging.valicodeipellegrini.it\/fr\/wp-json\/wp\/v2\/pages\/6589"}],"wp:attachment":[{"href":"https:\/\/staging.valicodeipellegrini.it\/fr\/wp-json\/wp\/v2\/media?parent=6652"}],"curies":[{"name":"wp","href":"https:\/\/api.w.org\/{rel}","templated":true}]}}